{"id":6663,"date":"2025-10-09T00:00:00","date_gmt":"2025-10-08T22:00:00","guid":{"rendered":"https:\/\/yotavis.ch\/product\/plz405wz-spec21192\/"},"modified":"2026-04-24T13:34:40","modified_gmt":"2026-04-24T11:34:40","slug":"plz405wz-spec21192","status":"publish","type":"product","link":"https:\/\/yotavis.ch\/de\/produkt\/plz405wz-spec21192\/","title":{"rendered":"PLZ405WZ (SPEC21192)"},"content":{"rendered":"<p>Die Kikusui PLZ405WZ (SPEC21192) ist eine elektronische Gleichstromlast, die f\u00fcr eine maximale Leistung von 400 Watt ausgelegt ist. Sie arbeitet in einem Spannungsbereich von 0,25 bis 150 Volt und unterst\u00fctzt einen maximalen Strom von 80 Ampere. Dieses Modell verf\u00fcgt \u00fcber einen einzigen Ausgang und ist mit einer Fernbedienungsfunktion ausgestattet, die eine bequeme Bedienung erm\u00f6glicht. Au\u00dferdem ist es mit einer Impedanzmessfunktion ausgestattet, die eine genauere elektrische Analyse erm\u00f6glicht. Das Ger\u00e4t eignet sich f\u00fcr Anwendungen, die eine pr\u00e4zise Lastpr\u00fcfung und Messung innerhalb der vorgegebenen Spannungs- und Stromgrenzen erfordern. Sein Design unterst\u00fctzt eine effiziente und genaue Leistung in verschiedenen Pr\u00fcfumgebungen.<\/p>","protected":false},"excerpt":{"rendered":"<p>Elektronische DC-Last: Max. 400 W, 0,25-150 V, 80 A, mit Impedanzmessfunktion<\/p>","protected":false},"featured_media":7743,"comment_status":"closed","ping_status":"closed","template":"","meta":{"_acf_changed":false,"slim_seo":{"title":"PLZ405WZ (SPEC21192) - YOTAVIS AG","description":"Elektronische DC-Last: Max. 400 W, 0,25-150 V, 80 A, mit Impedanzmessfunktion"}},"product_brand":[551],"product_cat":[517,515],"product_tag":[],"class_list":{"0":"post-6663","1":"product","2":"type-product","3":"status-publish","4":"has-post-thumbnail","6":"product_brand-kikusui","7":"product_cat-dc-load-en","8":"product_cat-power-en","9":"pa_current-a-557","10":"pa_output-number-146","11":"pa_power-w-398","12":"pa_remote-control-yes","13":"pa_voltage-v-150","15":"first","16":"instock","17":"taxable","18":"shipping-taxable","19":"purchasable","20":"product-type-simple"},"acf":[],"_links":{"self":[{"href":"https:\/\/yotavis.ch\/de\/wp-json\/wp\/v2\/product\/6663","targetHints":{"allow":["GET"]}}],"collection":[{"href":"https:\/\/yotavis.ch\/de\/wp-json\/wp\/v2\/product"}],"about":[{"href":"https:\/\/yotavis.ch\/de\/wp-json\/wp\/v2\/types\/product"}],"replies":[{"embeddable":true,"href":"https:\/\/yotavis.ch\/de\/wp-json\/wp\/v2\/comments?post=6663"}],"wp:featuredmedia":[{"embeddable":true,"href":"https:\/\/yotavis.ch\/de\/wp-json\/wp\/v2\/media\/7743"}],"wp:attachment":[{"href":"https:\/\/yotavis.ch\/de\/wp-json\/wp\/v2\/media?parent=6663"}],"wp:term":[{"taxonomy":"product_brand","embeddable":true,"href":"https:\/\/yotavis.ch\/de\/wp-json\/wp\/v2\/product_brand?post=6663"},{"taxonomy":"product_cat","embeddable":true,"href":"https:\/\/yotavis.ch\/de\/wp-json\/wp\/v2\/product_cat?post=6663"},{"taxonomy":"product_tag","embeddable":true,"href":"https:\/\/yotavis.ch\/de\/wp-json\/wp\/v2\/product_tag?post=6663"}],"curies":[{"name":"wp","href":"https:\/\/api.w.org\/{rel}","templated":true}]}}