{"id":6664,"date":"2025-10-09T00:00:00","date_gmt":"2025-10-08T22:00:00","guid":{"rendered":"https:\/\/yotavis.ch\/product\/plz1205wz-spec21192\/"},"modified":"2026-04-24T13:34:41","modified_gmt":"2026-04-24T11:34:41","slug":"plz1205wz-spec21192","status":"publish","type":"product","link":"https:\/\/yotavis.ch\/de\/produkt\/plz1205wz-spec21192\/","title":{"rendered":"PLZ1205WZ (SPEC21192)"},"content":{"rendered":"<p>Die elektronische Gleichstromlast PLZ1205WZ von Kikusui bietet eine maximale Leistung von 1200 Watt und unterst\u00fctzt Spannungen von 0,25 bis 150 Volt und Str\u00f6me bis zu 240 Ampere. Sie verf\u00fcgt \u00fcber einen einzigen Ausgangskanal und bietet eine Fernbedienungsfunktion f\u00fcr eine komfortable Bedienung. Dieses Ger\u00e4t ist mit einer Impedanzmessfunktion ausgestattet, die eine detaillierte Analyse der elektrischen Eigenschaften erm\u00f6glicht. Es ist f\u00fcr hohe Leistungslasten ausgelegt und eignet sich f\u00fcr verschiedene Pr\u00fcf- und Messanwendungen. Die Kombination seiner Spannungs- und Stromf\u00e4higkeiten gew\u00e4hrleistet Vielseitigkeit in verschiedenen elektronischen Lastszenarien. Die integrierte Fernsteuerung erh\u00f6ht die Flexibilit\u00e4t und die Kontrolle des Benutzers w\u00e4hrend des Pr\u00fcfprozesses. Insgesamt bietet das PLZ1205WZ ein pr\u00e4zises Lastmanagement mit integrierten Impedanzmessfunktionen.<\/p>","protected":false},"excerpt":{"rendered":"<p>Elektronische DC-Last: Max. 1200 W, 0,25-150 V, 240 A, mit Impedanzmessfunktion<\/p>","protected":false},"featured_media":7748,"comment_status":"closed","ping_status":"closed","template":"","meta":{"_acf_changed":false,"slim_seo":{"title":"PLZ1205WZ (SPEC21192) - YOTAVIS AG","description":"Elektronische DC-Last: Max. 1200 W, 0,25-150 V, 240 A, mit Impedanzmessfunktion"}},"product_brand":[551],"product_cat":[517,515],"product_tag":[],"class_list":{"0":"post-6664","1":"product","2":"type-product","3":"status-publish","4":"has-post-thumbnail","6":"product_brand-kikusui","7":"product_cat-dc-load-en","8":"product_cat-power-en","9":"pa_current-a-634","10":"pa_output-number-146","11":"pa_power-w-479","12":"pa_remote-control-yes","13":"pa_voltage-v-150","15":"first","16":"instock","17":"taxable","18":"shipping-taxable","19":"purchasable","20":"product-type-simple"},"acf":[],"_links":{"self":[{"href":"https:\/\/yotavis.ch\/de\/wp-json\/wp\/v2\/product\/6664","targetHints":{"allow":["GET"]}}],"collection":[{"href":"https:\/\/yotavis.ch\/de\/wp-json\/wp\/v2\/product"}],"about":[{"href":"https:\/\/yotavis.ch\/de\/wp-json\/wp\/v2\/types\/product"}],"replies":[{"embeddable":true,"href":"https:\/\/yotavis.ch\/de\/wp-json\/wp\/v2\/comments?post=6664"}],"wp:featuredmedia":[{"embeddable":true,"href":"https:\/\/yotavis.ch\/de\/wp-json\/wp\/v2\/media\/7748"}],"wp:attachment":[{"href":"https:\/\/yotavis.ch\/de\/wp-json\/wp\/v2\/media?parent=6664"}],"wp:term":[{"taxonomy":"product_brand","embeddable":true,"href":"https:\/\/yotavis.ch\/de\/wp-json\/wp\/v2\/product_brand?post=6664"},{"taxonomy":"product_cat","embeddable":true,"href":"https:\/\/yotavis.ch\/de\/wp-json\/wp\/v2\/product_cat?post=6664"},{"taxonomy":"product_tag","embeddable":true,"href":"https:\/\/yotavis.ch\/de\/wp-json\/wp\/v2\/product_tag?post=6664"}],"curies":[{"name":"wp","href":"https:\/\/api.w.org\/{rel}","templated":true}]}}