{"id":6665,"date":"2025-10-09T00:00:00","date_gmt":"2025-10-08T22:00:00","guid":{"rendered":"https:\/\/yotavis.ch\/product\/plz1005wh2\/"},"modified":"2026-04-24T13:34:41","modified_gmt":"2026-04-24T11:34:41","slug":"plz1005wh2","status":"publish","type":"product","link":"https:\/\/yotavis.ch\/de\/produkt\/plz1005wh2\/","title":{"rendered":"PLZ1005WH2"},"content":{"rendered":"<p>Die Kikusui PLZ1005WH2 ist eine kompakte elektronische Hochspannungs-Gleichstromlast, die in einem Spannungsbereich von 10 V bis 1000 V und mit einer Stromst\u00e4rke von bis zu 20 A betrieben werden kann. Sie liefert eine maximale Ausgangsleistung von 1 kW und ist damit f\u00fcr verschiedene Pr\u00fcf- und Messanwendungen geeignet. Dieses Modell verf\u00fcgt \u00fcber einen einzigen Ausgangskanal, der eine gezielte und pr\u00e4zise Lastpr\u00fcfung erm\u00f6glicht. Das Ger\u00e4t ist mit einer Fernbedienung ausgestattet, die es dem Benutzer erm\u00f6glicht, das Ger\u00e4t bequem und sicher aus der Ferne zu bedienen. Das Ger\u00e4t ist so konzipiert, dass es hohe Spannungs- und Strompegel effizient verarbeiten kann und somit die strengen Anforderungen an elektronische Lasten erf\u00fcllt. Sein Design betont die Kompaktheit, ohne Kompromisse bei der Belastbarkeit einzugehen, so dass es sich an verschiedene Testumgebungen anpassen l\u00e4sst. Das PLZ1005WH2 ist Teil der Produktpalette von Kikusui, die f\u00fcr zuverl\u00e4ssige elektronische Pr\u00fcfger\u00e4te bekannt ist.<\/p>","protected":false},"excerpt":{"rendered":"<p>Kompakte elektronische Hochspannungs-DC-Last 10V-1000V, 20A, 1kW<\/p>","protected":false},"featured_media":7752,"comment_status":"closed","ping_status":"closed","template":"","meta":{"_acf_changed":false,"slim_seo":{"title":"PLZ1005WH2 - YOTAVIS AG","description":"Kompakte elektronische Hochspannungs-DC-Last 10V-1000V, 20A, 1kW"}},"product_brand":[551],"product_cat":[517,515],"product_tag":[],"class_list":{"0":"post-6665","1":"product","2":"type-product","3":"status-publish","4":"has-post-thumbnail","6":"product_brand-kikusui","7":"product_cat-dc-load-en","8":"product_cat-power-en","9":"pa_current-a-552","10":"pa_output-number-146","11":"pa_power-w-610","12":"pa_remote-control-yes","13":"pa_voltage-v-639","15":"first","16":"instock","17":"taxable","18":"shipping-taxable","19":"purchasable","20":"product-type-simple"},"acf":[],"_links":{"self":[{"href":"https:\/\/yotavis.ch\/de\/wp-json\/wp\/v2\/product\/6665","targetHints":{"allow":["GET"]}}],"collection":[{"href":"https:\/\/yotavis.ch\/de\/wp-json\/wp\/v2\/product"}],"about":[{"href":"https:\/\/yotavis.ch\/de\/wp-json\/wp\/v2\/types\/product"}],"replies":[{"embeddable":true,"href":"https:\/\/yotavis.ch\/de\/wp-json\/wp\/v2\/comments?post=6665"}],"wp:featuredmedia":[{"embeddable":true,"href":"https:\/\/yotavis.ch\/de\/wp-json\/wp\/v2\/media\/7752"}],"wp:attachment":[{"href":"https:\/\/yotavis.ch\/de\/wp-json\/wp\/v2\/media?parent=6665"}],"wp:term":[{"taxonomy":"product_brand","embeddable":true,"href":"https:\/\/yotavis.ch\/de\/wp-json\/wp\/v2\/product_brand?post=6665"},{"taxonomy":"product_cat","embeddable":true,"href":"https:\/\/yotavis.ch\/de\/wp-json\/wp\/v2\/product_cat?post=6665"},{"taxonomy":"product_tag","embeddable":true,"href":"https:\/\/yotavis.ch\/de\/wp-json\/wp\/v2\/product_tag?post=6665"}],"curies":[{"name":"wp","href":"https:\/\/api.w.org\/{rel}","templated":true}]}}