{"id":6666,"date":"2025-10-09T00:00:00","date_gmt":"2025-10-08T22:00:00","guid":{"rendered":"https:\/\/yotavis.ch\/product\/plz2005wh2\/"},"modified":"2026-04-24T13:34:41","modified_gmt":"2026-04-24T11:34:41","slug":"plz2005wh2","status":"publish","type":"product","link":"https:\/\/yotavis.ch\/de\/produkt\/plz2005wh2\/","title":{"rendered":"PLZ2005WH2"},"content":{"rendered":"<p>Die Kikusui PLZ2005WH2 ist eine kompakte elektronische Hochspannungs-Gleichstromlast, die f\u00fcr einen Spannungsbereich von 10 V bis 1000 V und einen maximalen Strom von 40 A ausgelegt ist. Sie liefert eine Leistungskapazit\u00e4t von bis zu 2000 Watt und eignet sich damit f\u00fcr verschiedene Hochleistungstestanwendungen. Dieses Modell verf\u00fcgt \u00fcber einen einzigen Ausgangskanal, der gezielte und pr\u00e4zise Lasttests erm\u00f6glicht. Das Ger\u00e4t ist mit einer Fernbedienung ausgestattet, so dass es bequem aus der Ferne bedient werden kann. Die elektronische Last ist so konstruiert, dass sie hohe Spannungs- und Stromanforderungen effizient bew\u00e4ltigt und somit auch in anspruchsvollen Pr\u00fcfumgebungen eingesetzt werden kann. Ihr Design ist kompakt, ohne Kompromisse bei der Belastbarkeit einzugehen, so dass sie sich an verschiedene Aufbauten anpassen l\u00e4sst. Die PLZ2005WH2 ist Teil der Produktpalette von Kikusui, die f\u00fcr zuverl\u00e4ssige elektronische Pr\u00fcfger\u00e4te bekannt ist.<\/p>","protected":false},"excerpt":{"rendered":"<p>Kompakte elektronische Hochspannungs-DC-Last 10V-1000V, 40A, 2kW<\/p>","protected":false},"featured_media":7752,"comment_status":"closed","ping_status":"closed","template":"","meta":{"_acf_changed":false,"slim_seo":{"title":"PLZ2005WH2 - YOTAVIS AG","description":"Kompakte elektronische Hochspannungs-DC-Last 10V-1000V, 40A, 2kW"}},"product_brand":[551],"product_cat":[517,515],"product_tag":[],"class_list":{"0":"post-6666","1":"product","2":"type-product","3":"status-publish","4":"has-post-thumbnail","6":"product_brand-kikusui","7":"product_cat-dc-load-en","8":"product_cat-power-en","9":"pa_current-a-550","10":"pa_output-number-146","11":"pa_power-w-561","12":"pa_remote-control-yes","13":"pa_voltage-v-639","15":"first","16":"instock","17":"taxable","18":"shipping-taxable","19":"purchasable","20":"product-type-simple"},"acf":[],"_links":{"self":[{"href":"https:\/\/yotavis.ch\/de\/wp-json\/wp\/v2\/product\/6666","targetHints":{"allow":["GET"]}}],"collection":[{"href":"https:\/\/yotavis.ch\/de\/wp-json\/wp\/v2\/product"}],"about":[{"href":"https:\/\/yotavis.ch\/de\/wp-json\/wp\/v2\/types\/product"}],"replies":[{"embeddable":true,"href":"https:\/\/yotavis.ch\/de\/wp-json\/wp\/v2\/comments?post=6666"}],"wp:featuredmedia":[{"embeddable":true,"href":"https:\/\/yotavis.ch\/de\/wp-json\/wp\/v2\/media\/7752"}],"wp:attachment":[{"href":"https:\/\/yotavis.ch\/de\/wp-json\/wp\/v2\/media?parent=6666"}],"wp:term":[{"taxonomy":"product_brand","embeddable":true,"href":"https:\/\/yotavis.ch\/de\/wp-json\/wp\/v2\/product_brand?post=6666"},{"taxonomy":"product_cat","embeddable":true,"href":"https:\/\/yotavis.ch\/de\/wp-json\/wp\/v2\/product_cat?post=6666"},{"taxonomy":"product_tag","embeddable":true,"href":"https:\/\/yotavis.ch\/de\/wp-json\/wp\/v2\/product_tag?post=6666"}],"curies":[{"name":"wp","href":"https:\/\/api.w.org\/{rel}","templated":true}]}}