{"id":6667,"date":"2025-10-09T00:00:00","date_gmt":"2025-10-08T22:00:00","guid":{"rendered":"https:\/\/yotavis.ch\/product\/plz4005wh2\/"},"modified":"2026-04-24T13:34:42","modified_gmt":"2026-04-24T11:34:42","slug":"plz4005wh2","status":"publish","type":"product","link":"https:\/\/yotavis.ch\/de\/produkt\/plz4005wh2\/","title":{"rendered":"PLZ4005WH2"},"content":{"rendered":"<p>Die Kikusui PLZ4005WH2 ist eine kompakte elektronische Hochspannungs-Gleichstromlast, die f\u00fcr Spannungen von 10V bis 1000V und Str\u00f6me bis zu 80A ausgelegt ist. Sie liefert eine maximale Ausgangsleistung von 4000W und eignet sich damit f\u00fcr verschiedene Hochleistungstests. Dieses Modell verf\u00fcgt \u00fcber einen einzigen Ausgangskanal, der gezielte und pr\u00e4zise Lasttests erm\u00f6glicht. Das Ger\u00e4t ist mit einer Fernbedienung ausgestattet, so dass es bequem aus der Ferne bedient werden kann. Die elektronische Last ist so konstruiert, dass sie einen gro\u00dfen Spannungsbereich unterst\u00fctzt und gleichzeitig eine stabile Strombelastung von bis zu 80 A gew\u00e4hrleistet. Ihr Design betont die Kompaktheit, ohne Kompromisse bei der Leistungskapazit\u00e4t einzugehen, so dass sie f\u00fcr verschiedene Pr\u00fcfumgebungen geeignet ist. Das Ger\u00e4t ist Teil der Produktpalette von Kikusui, die f\u00fcr zuverl\u00e4ssige elektronische Pr\u00fcfger\u00e4te bekannt ist.<\/p>","protected":false},"excerpt":{"rendered":"<p>Kompakte elektronische Hochspannungs-DC-Last 10V-1000V, 80A, 4kW<\/p>","protected":false},"featured_media":7752,"comment_status":"closed","ping_status":"closed","template":"","meta":{"_acf_changed":false,"slim_seo":{"title":"PLZ4005WH2 - YOTAVIS AG","description":"Kompakte elektronische Hochspannungs-DC-Last 10V-1000V, 80A, 4kW"}},"product_brand":[551],"product_cat":[517,515],"product_tag":[],"class_list":{"0":"post-6667","1":"product","2":"type-product","3":"status-publish","4":"has-post-thumbnail","6":"product_brand-kikusui","7":"product_cat-dc-load-en","8":"product_cat-power-en","9":"pa_current-a-557","10":"pa_output-number-146","11":"pa_power-w-611","12":"pa_remote-control-yes","13":"pa_voltage-v-639","15":"first","16":"instock","17":"taxable","18":"shipping-taxable","19":"purchasable","20":"product-type-simple"},"acf":[],"_links":{"self":[{"href":"https:\/\/yotavis.ch\/de\/wp-json\/wp\/v2\/product\/6667","targetHints":{"allow":["GET"]}}],"collection":[{"href":"https:\/\/yotavis.ch\/de\/wp-json\/wp\/v2\/product"}],"about":[{"href":"https:\/\/yotavis.ch\/de\/wp-json\/wp\/v2\/types\/product"}],"replies":[{"embeddable":true,"href":"https:\/\/yotavis.ch\/de\/wp-json\/wp\/v2\/comments?post=6667"}],"wp:featuredmedia":[{"embeddable":true,"href":"https:\/\/yotavis.ch\/de\/wp-json\/wp\/v2\/media\/7752"}],"wp:attachment":[{"href":"https:\/\/yotavis.ch\/de\/wp-json\/wp\/v2\/media?parent=6667"}],"wp:term":[{"taxonomy":"product_brand","embeddable":true,"href":"https:\/\/yotavis.ch\/de\/wp-json\/wp\/v2\/product_brand?post=6667"},{"taxonomy":"product_cat","embeddable":true,"href":"https:\/\/yotavis.ch\/de\/wp-json\/wp\/v2\/product_cat?post=6667"},{"taxonomy":"product_tag","embeddable":true,"href":"https:\/\/yotavis.ch\/de\/wp-json\/wp\/v2\/product_tag?post=6667"}],"curies":[{"name":"wp","href":"https:\/\/api.w.org\/{rel}","templated":true}]}}