{"id":6669,"date":"2025-10-09T00:00:00","date_gmt":"2025-10-08T22:00:00","guid":{"rendered":"https:\/\/yotavis.ch\/product\/plz20005wh2\/"},"modified":"2026-04-24T13:34:42","modified_gmt":"2026-04-24T11:34:42","slug":"plz20005wh2","status":"publish","type":"product","link":"https:\/\/yotavis.ch\/de\/produkt\/plz20005wh2\/","title":{"rendered":"PLZ20005WH2"},"content":{"rendered":"<p>Die Kikusui PLZ20005WH2 ist eine kompakte elektronische Hochspannungs-Gleichstromlast, die f\u00fcr den Betrieb in einem Spannungsbereich von 10 V bis 1000 V ausgelegt ist. Sie unterst\u00fctzt einen maximalen Strom von 400A und liefert eine Leistung von bis zu 20.000 Watt. Dieses Modell verf\u00fcgt \u00fcber einen einzigen Ausgangskanal, der eine gezielte und pr\u00e4zise Lastpr\u00fcfung erm\u00f6glicht. Es verf\u00fcgt \u00fcber eine Fernbedienungsfunktion, mit der der Benutzer das Ger\u00e4t bequem und sicher aus der Ferne bedienen kann. Die elektronische Last ist f\u00fcr Anwendungen geeignet, die eine hohe Verlustleistung und eine genaue Lastsimulation erfordern. Sie ist f\u00fcr hohe Spannungs- und Stromparameter ausgelegt und damit vielseitig in verschiedenen Pr\u00fcfumgebungen einsetzbar. Das Ger\u00e4t wurde entwickelt, um anspruchsvolle elektrische Lasten effizient zu handhaben.<\/p>","protected":false},"excerpt":{"rendered":"<p>Kompakte elektronische Hochspannungs-DC-Last 10V-1000V, 400A, 20kW<\/p>","protected":false},"featured_media":7754,"comment_status":"closed","ping_status":"closed","template":"","meta":{"_acf_changed":false,"slim_seo":{"title":"PLZ20005WH2 - YOTAVIS AG","description":"Kompakte elektronische Hochspannungs-DC-Last 10V-1000V, 400A, 20kW"}},"product_brand":[551],"product_cat":[517,515],"product_tag":[],"class_list":{"0":"post-6669","1":"product","2":"type-product","3":"status-publish","4":"has-post-thumbnail","6":"product_brand-kikusui","7":"product_cat-dc-load-en","8":"product_cat-power-en","9":"pa_current-a-641","10":"pa_output-number-146","11":"pa_power-w-640","12":"pa_remote-control-yes","13":"pa_voltage-v-639","15":"first","16":"instock","17":"taxable","18":"shipping-taxable","19":"purchasable","20":"product-type-simple"},"acf":[],"_links":{"self":[{"href":"https:\/\/yotavis.ch\/de\/wp-json\/wp\/v2\/product\/6669","targetHints":{"allow":["GET"]}}],"collection":[{"href":"https:\/\/yotavis.ch\/de\/wp-json\/wp\/v2\/product"}],"about":[{"href":"https:\/\/yotavis.ch\/de\/wp-json\/wp\/v2\/types\/product"}],"replies":[{"embeddable":true,"href":"https:\/\/yotavis.ch\/de\/wp-json\/wp\/v2\/comments?post=6669"}],"wp:featuredmedia":[{"embeddable":true,"href":"https:\/\/yotavis.ch\/de\/wp-json\/wp\/v2\/media\/7754"}],"wp:attachment":[{"href":"https:\/\/yotavis.ch\/de\/wp-json\/wp\/v2\/media?parent=6669"}],"wp:term":[{"taxonomy":"product_brand","embeddable":true,"href":"https:\/\/yotavis.ch\/de\/wp-json\/wp\/v2\/product_brand?post=6669"},{"taxonomy":"product_cat","embeddable":true,"href":"https:\/\/yotavis.ch\/de\/wp-json\/wp\/v2\/product_cat?post=6669"},{"taxonomy":"product_tag","embeddable":true,"href":"https:\/\/yotavis.ch\/de\/wp-json\/wp\/v2\/product_tag?post=6669"}],"curies":[{"name":"wp","href":"https:\/\/api.w.org\/{rel}","templated":true}]}}