{"id":6670,"date":"2025-10-09T00:00:00","date_gmt":"2025-10-08T22:00:00","guid":{"rendered":"https:\/\/yotavis.ch\/product\/tos5200\/"},"modified":"2026-04-24T13:34:43","modified_gmt":"2026-04-24T11:34:43","slug":"tos5200","status":"publish","type":"product","link":"https:\/\/yotavis.ch\/de\/produkt\/tos5200\/","title":{"rendered":"TOS5200"},"content":{"rendered":"<p>Der TOS5200 ist ein Hipot-Tester, der eine Wechselspannung von bis zu 5 kV mit einer Stromkapazit\u00e4t von 100 mA und einer Ausgangsleistung von 500 VA liefern kann. Das von Kikusui hergestellte Ger\u00e4t ist f\u00fcr Hochspannungspr\u00fcfanwendungen vorgesehen. Die Spezifikationen des Pr\u00fcfger\u00e4ts konzentrieren sich auf die F\u00e4higkeit, hohe Spannungen und Str\u00f6me zu bew\u00e4ltigen, wodurch es f\u00fcr die Bewertung der Isolationsfestigkeit und Sicherheit elektrischer Komponenten und Systeme geeignet ist. Die AC-Hipot-Pr\u00fcfung stellt sicher, dass das Ger\u00e4t reale Betriebsbedingungen simulieren kann, um potenzielle Isolationsfehler zu erkennen. Die Nennleistung von 500 VA zeigt an, dass das Ger\u00e4t in der Lage ist, die Leistung w\u00e4hrend der Pr\u00fcfverfahren stabil zu halten. Dieses Modell verf\u00fcgt nicht \u00fcber zus\u00e4tzliche Funktionen wie Fernsteuerung oder mehrere Ausgangskan\u00e4le, was seine spezielle Funktion unterstreicht. Das TOS5200 ist ein pr\u00e4zises Instrument, das f\u00fcr die \u00dcberpr\u00fcfung der elektrischen Sicherheit in verschiedenen Industrie- und Laborumgebungen geeignet ist.<\/p>","protected":false},"excerpt":{"rendered":"<p>Hipot-Tester AC 5 kV \/ 100 mA (500 VA)<\/p>","protected":false},"featured_media":7759,"comment_status":"closed","ping_status":"closed","template":"","meta":{"_acf_changed":false,"slim_seo":{"title":"TOS5200 - YOTAVIS AG","description":"Hipot-Tester AC 5 kV \/ 100 mA (500 VA)"}},"product_brand":[551],"product_cat":[518,642],"product_tag":[],"class_list":{"0":"post-6670","1":"product","2":"type-product","3":"status-publish","4":"has-post-thumbnail","6":"product_brand-kikusui","7":"product_cat-meters","8":"product_cat-safety-testers-en","10":"first","11":"instock","12":"taxable","13":"shipping-taxable","14":"purchasable","15":"product-type-simple"},"acf":[],"_links":{"self":[{"href":"https:\/\/yotavis.ch\/de\/wp-json\/wp\/v2\/product\/6670","targetHints":{"allow":["GET"]}}],"collection":[{"href":"https:\/\/yotavis.ch\/de\/wp-json\/wp\/v2\/product"}],"about":[{"href":"https:\/\/yotavis.ch\/de\/wp-json\/wp\/v2\/types\/product"}],"replies":[{"embeddable":true,"href":"https:\/\/yotavis.ch\/de\/wp-json\/wp\/v2\/comments?post=6670"}],"wp:featuredmedia":[{"embeddable":true,"href":"https:\/\/yotavis.ch\/de\/wp-json\/wp\/v2\/media\/7759"}],"wp:attachment":[{"href":"https:\/\/yotavis.ch\/de\/wp-json\/wp\/v2\/media?parent=6670"}],"wp:term":[{"taxonomy":"product_brand","embeddable":true,"href":"https:\/\/yotavis.ch\/de\/wp-json\/wp\/v2\/product_brand?post=6670"},{"taxonomy":"product_cat","embeddable":true,"href":"https:\/\/yotavis.ch\/de\/wp-json\/wp\/v2\/product_cat?post=6670"},{"taxonomy":"product_tag","embeddable":true,"href":"https:\/\/yotavis.ch\/de\/wp-json\/wp\/v2\/product_tag?post=6670"}],"curies":[{"name":"wp","href":"https:\/\/api.w.org\/{rel}","templated":true}]}}