{"id":6677,"date":"2025-10-09T00:00:00","date_gmt":"2025-10-08T22:00:00","guid":{"rendered":"https:\/\/yotavis.ch\/product\/tos9311\/"},"modified":"2026-04-24T13:34:45","modified_gmt":"2026-04-24T11:34:45","slug":"tos9311","status":"publish","type":"product","link":"https:\/\/yotavis.ch\/de\/produkt\/tos9311\/","title":{"rendered":"TOS9311"},"content":{"rendered":"<p>Das TOS9311 von Kikusui ist f\u00fcr hohe Spannungs- und Stromspezifikationen ausgelegt und bietet eine Wechselspannung von 10 kV und einen Strom von 50 mA, was einer Leistung von 500 VA entspricht. Bei Gleichstromanwendungen unterst\u00fctzt es bis zu 10 kV und 100 W und ist damit f\u00fcr verschiedene Pr\u00fcf- und Messszenarien geeignet. Das Ger\u00e4t verf\u00fcgt au\u00dferdem \u00fcber einen Isolationswiderstand von 99,99G\u03a9, was auf seine F\u00e4higkeit hinweist, unter bestimmten Bedingungen einen hohen Widerstand aufrechtzuerhalten. Diese Spezifikationen unterstreichen den Fokus des TOS9311 auf hohe Spannungs- und Leistungsbelastbarkeit, wodurch ein effektiver Betrieb in anspruchsvollen elektrischen Umgebungen gew\u00e4hrleistet ist. Die Kombination aus AC- und DC-Spannungswerten zusammen mit dem Isolationswiderstand bietet einen umfassenden \u00dcberblick \u00fcber die elektrischen Leistungsparameter. Dieses Produkt ist auf Anwendungen zugeschnitten, die eine pr\u00e4zise Steuerung und Messung hoher Spannungen und Str\u00f6me unter Einhaltung von Sicherheits- und Zuverl\u00e4ssigkeitsstandards erfordern.<\/p>","protected":false},"excerpt":{"rendered":"<p>AC 10kV \/ 50mA (500VA), DC 10kV \/ 100W, IR 99,99G\u03a9<\/p>","protected":false},"featured_media":7768,"comment_status":"closed","ping_status":"closed","template":"","meta":{"_acf_changed":false,"slim_seo":{"title":"TOS9311 - YOTAVIS AG","description":"AC 10kV \/ 50mA (500VA), DC 10kV \/ 100W, IR 99,99G\u03a9"}},"product_brand":[551],"product_cat":[518,642],"product_tag":[],"class_list":{"0":"post-6677","1":"product","2":"type-product","3":"status-publish","4":"has-post-thumbnail","6":"product_brand-kikusui","7":"product_cat-meters","8":"product_cat-safety-testers-en","10":"first","11":"instock","12":"taxable","13":"shipping-taxable","14":"purchasable","15":"product-type-simple"},"acf":[],"_links":{"self":[{"href":"https:\/\/yotavis.ch\/de\/wp-json\/wp\/v2\/product\/6677","targetHints":{"allow":["GET"]}}],"collection":[{"href":"https:\/\/yotavis.ch\/de\/wp-json\/wp\/v2\/product"}],"about":[{"href":"https:\/\/yotavis.ch\/de\/wp-json\/wp\/v2\/types\/product"}],"replies":[{"embeddable":true,"href":"https:\/\/yotavis.ch\/de\/wp-json\/wp\/v2\/comments?post=6677"}],"wp:featuredmedia":[{"embeddable":true,"href":"https:\/\/yotavis.ch\/de\/wp-json\/wp\/v2\/media\/7768"}],"wp:attachment":[{"href":"https:\/\/yotavis.ch\/de\/wp-json\/wp\/v2\/media?parent=6677"}],"wp:term":[{"taxonomy":"product_brand","embeddable":true,"href":"https:\/\/yotavis.ch\/de\/wp-json\/wp\/v2\/product_brand?post=6677"},{"taxonomy":"product_cat","embeddable":true,"href":"https:\/\/yotavis.ch\/de\/wp-json\/wp\/v2\/product_cat?post=6677"},{"taxonomy":"product_tag","embeddable":true,"href":"https:\/\/yotavis.ch\/de\/wp-json\/wp\/v2\/product_tag?post=6677"}],"curies":[{"name":"wp","href":"https:\/\/api.w.org\/{rel}","templated":true}]}}