{"id":6678,"date":"2025-10-09T00:00:00","date_gmt":"2025-10-08T22:00:00","guid":{"rendered":"https:\/\/yotavis.ch\/product\/tos9301pd\/"},"modified":"2026-04-24T13:34:45","modified_gmt":"2026-04-24T11:34:45","slug":"tos9301pd","status":"publish","type":"product","link":"https:\/\/yotavis.ch\/de\/produkt\/tos9301pd\/","title":{"rendered":"TOS9301PD"},"content":{"rendered":"<p>Der TOS9301PD von Kikusui ist ein Multianalysator f\u00fcr elektrische Sicherheit, der ACW-, DCW-, IR- und TE-Messungen durchf\u00fchrt. Dieses Ger\u00e4t ist f\u00fcr umfassende elektrische Sicherheitspr\u00fcfungen ausgelegt und integriert mehrere Testfunktionen in einem einzigen Ger\u00e4t. Es unterst\u00fctzt verschiedene Pr\u00fcfverfahren, einschlie\u00dflich AC-Stehspannung (ACW), DC-Stehspannung (DCW), Isolationswiderstand (IR) und Teilentladungserkennung (PD). Der Multi-Analysator wurde entwickelt, um effiziente und genaue Sicherheitsbewertungen in elektrischen Ger\u00e4ten zu erm\u00f6glichen. Sein Design konsolidiert wesentliche Testfunktionen und eignet sich daher f\u00fcr Umgebungen, in denen mehrere elektrische Sicherheitsparameter bewertet werden m\u00fcssen. Der TOS9301PD ist Teil der Produktpalette von Kikusui, die f\u00fcr ihre speziellen elektrischen Pr\u00fcfger\u00e4te bekannt ist.<\/p>","protected":false},"excerpt":{"rendered":"<p>Elektrischer Sicherheits-Multi-Analysator ACW \/ DCW \/ IR \/ PD<\/p>","protected":false},"featured_media":7775,"comment_status":"closed","ping_status":"closed","template":"","meta":{"_acf_changed":false,"slim_seo":{"title":"TOS9301PD - YOTAVIS AG","description":"Elektrischer Sicherheits-Multi-Analysator ACW \/ DCW \/ IR \/ PD"}},"product_brand":[551],"product_cat":[518,642],"product_tag":[],"class_list":{"0":"post-6678","1":"product","2":"type-product","3":"status-publish","4":"has-post-thumbnail","6":"product_brand-kikusui","7":"product_cat-meters","8":"product_cat-safety-testers-en","10":"first","11":"instock","12":"taxable","13":"shipping-taxable","14":"purchasable","15":"product-type-simple"},"acf":[],"_links":{"self":[{"href":"https:\/\/yotavis.ch\/de\/wp-json\/wp\/v2\/product\/6678","targetHints":{"allow":["GET"]}}],"collection":[{"href":"https:\/\/yotavis.ch\/de\/wp-json\/wp\/v2\/product"}],"about":[{"href":"https:\/\/yotavis.ch\/de\/wp-json\/wp\/v2\/types\/product"}],"replies":[{"embeddable":true,"href":"https:\/\/yotavis.ch\/de\/wp-json\/wp\/v2\/comments?post=6678"}],"wp:featuredmedia":[{"embeddable":true,"href":"https:\/\/yotavis.ch\/de\/wp-json\/wp\/v2\/media\/7775"}],"wp:attachment":[{"href":"https:\/\/yotavis.ch\/de\/wp-json\/wp\/v2\/media?parent=6678"}],"wp:term":[{"taxonomy":"product_brand","embeddable":true,"href":"https:\/\/yotavis.ch\/de\/wp-json\/wp\/v2\/product_brand?post=6678"},{"taxonomy":"product_cat","embeddable":true,"href":"https:\/\/yotavis.ch\/de\/wp-json\/wp\/v2\/product_cat?post=6678"},{"taxonomy":"product_tag","embeddable":true,"href":"https:\/\/yotavis.ch\/de\/wp-json\/wp\/v2\/product_tag?post=6678"}],"curies":[{"name":"wp","href":"https:\/\/api.w.org\/{rel}","templated":true}]}}