{"id":6679,"date":"2025-10-09T00:00:00","date_gmt":"2025-10-08T22:00:00","guid":{"rendered":"https:\/\/yotavis.ch\/product\/tos9302\/"},"modified":"2026-04-24T13:34:46","modified_gmt":"2026-04-24T11:34:46","slug":"tos9302","status":"publish","type":"product","link":"https:\/\/yotavis.ch\/de\/produkt\/tos9302\/","title":{"rendered":"TOS9302"},"content":{"rendered":"<p>Das TOS9302 von Kikusui ist f\u00fcr Wechselspannungen bis zu 5 kV und Str\u00f6me bis zu 100 mA ausgelegt und hat eine Nennleistung von 500 VA. Es verf\u00fcgt au\u00dferdem \u00fcber eine Erdungsfunktion, die f\u00fcr die Gew\u00e4hrleistung der Sicherheit und der ordnungsgem\u00e4\u00dfen Erdung bei elektrischen Pr\u00fcfungen unerl\u00e4sslich ist. Dieses Produkt eignet sich f\u00fcr Anwendungen, die Hochspannungs-Wechselstrompr\u00fcfungen und Erdungspr\u00fcfungen erfordern. Die Spezifikationen weisen darauf hin, dass es in der Lage ist, gro\u00dfe elektrische Lasten zu bew\u00e4ltigen, was es in verschiedenen Industrie- und Laborumgebungen n\u00fctzlich macht. Die Kombination aus Spannungs-, Strom- und Leistungswerten unterstreicht seine Robustheit und Zuverl\u00e4ssigkeit bei der Handhabung anspruchsvoller elektrischer Bedingungen. Die Erdungsfunktionalit\u00e4t erh\u00f6ht seine N\u00fctzlichkeit zus\u00e4tzlich, da sie die M\u00f6glichkeit bietet, die Integrit\u00e4t der Erdungsverbindungen zu pr\u00fcfen. Insgesamt bietet der TOS9302 eine Reihe von Funktionen, die auf Hochspannungswechselstrom- und Erdungsanwendungen zugeschnitten sind.<\/p>","protected":false},"excerpt":{"rendered":"<p>AC 5kV \/ 100mA (500VA), und Erdung<\/p>","protected":false},"featured_media":7771,"comment_status":"closed","ping_status":"closed","template":"","meta":{"_acf_changed":false,"slim_seo":{"title":"TOS9302 - YOTAVIS AG","description":"AC 5kV \/ 100mA (500VA), and Ground Bond"}},"product_brand":[551],"product_cat":[518,642],"product_tag":[],"class_list":{"0":"post-6679","1":"product","2":"type-product","3":"status-publish","4":"has-post-thumbnail","6":"product_brand-kikusui","7":"product_cat-meters","8":"product_cat-safety-testers-en","10":"first","11":"instock","12":"taxable","13":"shipping-taxable","14":"purchasable","15":"product-type-simple"},"acf":[],"_links":{"self":[{"href":"https:\/\/yotavis.ch\/de\/wp-json\/wp\/v2\/product\/6679","targetHints":{"allow":["GET"]}}],"collection":[{"href":"https:\/\/yotavis.ch\/de\/wp-json\/wp\/v2\/product"}],"about":[{"href":"https:\/\/yotavis.ch\/de\/wp-json\/wp\/v2\/types\/product"}],"replies":[{"embeddable":true,"href":"https:\/\/yotavis.ch\/de\/wp-json\/wp\/v2\/comments?post=6679"}],"wp:featuredmedia":[{"embeddable":true,"href":"https:\/\/yotavis.ch\/de\/wp-json\/wp\/v2\/media\/7771"}],"wp:attachment":[{"href":"https:\/\/yotavis.ch\/de\/wp-json\/wp\/v2\/media?parent=6679"}],"wp:term":[{"taxonomy":"product_brand","embeddable":true,"href":"https:\/\/yotavis.ch\/de\/wp-json\/wp\/v2\/product_brand?post=6679"},{"taxonomy":"product_cat","embeddable":true,"href":"https:\/\/yotavis.ch\/de\/wp-json\/wp\/v2\/product_cat?post=6679"},{"taxonomy":"product_tag","embeddable":true,"href":"https:\/\/yotavis.ch\/de\/wp-json\/wp\/v2\/product_tag?post=6679"}],"curies":[{"name":"wp","href":"https:\/\/api.w.org\/{rel}","templated":true}]}}