{"id":6682,"date":"2025-10-09T00:00:00","date_gmt":"2025-10-08T22:00:00","guid":{"rendered":"https:\/\/yotavis.ch\/product\/tos9320\/"},"modified":"2026-04-24T13:34:51","modified_gmt":"2026-04-24T11:34:51","slug":"tos9320","status":"publish","type":"product","link":"https:\/\/yotavis.ch\/de\/produkt\/tos9320\/","title":{"rendered":"TOS9320"},"content":{"rendered":"<p>Der TOS9320 ist ein Hochspannungsscanner mit vier Kan\u00e4len und einer Kontaktpr\u00fcfungsfunktion. Er wird von Kikusui hergestellt. Dieses Ger\u00e4t wurde entwickelt, um Hochspannungs-Scanaufgaben mit mehreren Kan\u00e4len zu bew\u00e4ltigen, was einen effizienten und zuverl\u00e4ssigen Betrieb erm\u00f6glicht. Die Kontakt\u00fcberpr\u00fcfungsfunktion hilft dabei, die korrekte Verbindung w\u00e4hrend des Gebrauchs sicherzustellen. Der Scanner ist f\u00fcr Anwendungen geeignet, die pr\u00e4zise Hochspannungsmessungen \u00fcber mehrere Kan\u00e4le erfordern. Sein Design unterst\u00fctzt die Integration in verschiedene Testaufbauten, bei denen Hochspannungsmessungen erforderlich sind. Das Produkt konzentriert sich auf die Bereitstellung wesentlicher Funktionen, ohne dass zus\u00e4tzliche Spezifikationen vorgesehen sind.<\/p>","protected":false},"excerpt":{"rendered":"<p>Hochspannungs-Scanner (4 Kan\u00e4le) mit Kontaktpr\u00fcfung<\/p>","protected":false},"featured_media":7777,"comment_status":"closed","ping_status":"closed","template":"","meta":{"_acf_changed":false,"slim_seo":{"title":"TOS9320 - YOTAVIS AG","description":"Hochspannungs-Scanner (4 Kan\u00e4le) mit Kontaktpr\u00fcfung"}},"product_brand":[551],"product_cat":[518,642],"product_tag":[],"class_list":{"0":"post-6682","1":"product","2":"type-product","3":"status-publish","4":"has-post-thumbnail","6":"product_brand-kikusui","7":"product_cat-meters","8":"product_cat-safety-testers-en","10":"first","11":"instock","12":"taxable","13":"shipping-taxable","14":"purchasable","15":"product-type-simple"},"acf":[],"_links":{"self":[{"href":"https:\/\/yotavis.ch\/de\/wp-json\/wp\/v2\/product\/6682","targetHints":{"allow":["GET"]}}],"collection":[{"href":"https:\/\/yotavis.ch\/de\/wp-json\/wp\/v2\/product"}],"about":[{"href":"https:\/\/yotavis.ch\/de\/wp-json\/wp\/v2\/types\/product"}],"replies":[{"embeddable":true,"href":"https:\/\/yotavis.ch\/de\/wp-json\/wp\/v2\/comments?post=6682"}],"wp:featuredmedia":[{"embeddable":true,"href":"https:\/\/yotavis.ch\/de\/wp-json\/wp\/v2\/media\/7777"}],"wp:attachment":[{"href":"https:\/\/yotavis.ch\/de\/wp-json\/wp\/v2\/media?parent=6682"}],"wp:term":[{"taxonomy":"product_brand","embeddable":true,"href":"https:\/\/yotavis.ch\/de\/wp-json\/wp\/v2\/product_brand?post=6682"},{"taxonomy":"product_cat","embeddable":true,"href":"https:\/\/yotavis.ch\/de\/wp-json\/wp\/v2\/product_cat?post=6682"},{"taxonomy":"product_tag","embeddable":true,"href":"https:\/\/yotavis.ch\/de\/wp-json\/wp\/v2\/product_tag?post=6682"}],"curies":[{"name":"wp","href":"https:\/\/api.w.org\/{rel}","templated":true}]}}