{"id":6684,"date":"2025-10-09T00:00:00","date_gmt":"2025-10-08T22:00:00","guid":{"rendered":"https:\/\/yotavis.ch\/product\/bim1030-with-lan\/"},"modified":"2026-04-24T13:34:52","modified_gmt":"2026-04-24T11:34:52","slug":"bim1030-with-lan","status":"publish","type":"product","link":"https:\/\/yotavis.ch\/de\/produkt\/bim1030-with-lan\/","title":{"rendered":"BIM1030 MIT LAN"},"content":{"rendered":"<p>Das BIM1030 WITH LAN ist ein von Kikusui entwickeltes Batterie-Impedanzmessger\u00e4t. Es verf\u00fcgt \u00fcber eine Nenneingangsspannung von \u00b1300V, so dass es die Batterieimpedanz innerhalb dieses spezifizierten Bereichs messen kann. Das Ger\u00e4t ist mit einem LAN-Anschluss ausgestattet, der die Netzwerkkommunikation und den Fernzugriff auf Daten erm\u00f6glicht. Als Spezialger\u00e4t konzentriert es sich auf pr\u00e4zise Impedanzmessungen, die f\u00fcr die Batterieanalyse entscheidend sind. Die Modellnummer BIM1030 kennzeichnet die spezifische Konfiguration innerhalb der Produktpalette von Kikusui. Dieses Messger\u00e4t eignet sich f\u00fcr Anwendungen, die eine genaue Bewertung des Zustands und der Leistung von Batterien durch Impedanzmessung erfordern.<\/p>","protected":false},"excerpt":{"rendered":"<p>Batterie-Impedanzmesser, Nenneingang \u00b1300V<\/p>","protected":false},"featured_media":7780,"comment_status":"closed","ping_status":"closed","template":"","meta":{"_acf_changed":false,"slim_seo":{"title":"BIM1030 WITH LAN - YOTAVIS AG","description":"Batterie-Impedanzmesser, Nenneingang \u00b1300V"}},"product_brand":[551],"product_cat":[518,538],"product_tag":[],"class_list":{"0":"post-6684","1":"product","2":"type-product","3":"status-publish","4":"has-post-thumbnail","6":"product_brand-kikusui","7":"product_cat-meters","8":"product_cat-others-meters","10":"first","11":"instock","12":"taxable","13":"shipping-taxable","14":"purchasable","15":"product-type-simple"},"acf":[],"_links":{"self":[{"href":"https:\/\/yotavis.ch\/de\/wp-json\/wp\/v2\/product\/6684","targetHints":{"allow":["GET"]}}],"collection":[{"href":"https:\/\/yotavis.ch\/de\/wp-json\/wp\/v2\/product"}],"about":[{"href":"https:\/\/yotavis.ch\/de\/wp-json\/wp\/v2\/types\/product"}],"replies":[{"embeddable":true,"href":"https:\/\/yotavis.ch\/de\/wp-json\/wp\/v2\/comments?post=6684"}],"wp:featuredmedia":[{"embeddable":true,"href":"https:\/\/yotavis.ch\/de\/wp-json\/wp\/v2\/media\/7780"}],"wp:attachment":[{"href":"https:\/\/yotavis.ch\/de\/wp-json\/wp\/v2\/media?parent=6684"}],"wp:term":[{"taxonomy":"product_brand","embeddable":true,"href":"https:\/\/yotavis.ch\/de\/wp-json\/wp\/v2\/product_brand?post=6684"},{"taxonomy":"product_cat","embeddable":true,"href":"https:\/\/yotavis.ch\/de\/wp-json\/wp\/v2\/product_cat?post=6684"},{"taxonomy":"product_tag","embeddable":true,"href":"https:\/\/yotavis.ch\/de\/wp-json\/wp\/v2\/product_tag?post=6684"}],"curies":[{"name":"wp","href":"https:\/\/api.w.org\/{rel}","templated":true}]}}