{"id":6686,"date":"2025-10-09T00:00:00","date_gmt":"2025-10-08T22:00:00","guid":{"rendered":"https:\/\/yotavis.ch\/product\/bim1100-with-lan\/"},"modified":"2026-04-24T13:34:53","modified_gmt":"2026-04-24T11:34:53","slug":"bim1100-with-lan","status":"publish","type":"product","link":"https:\/\/yotavis.ch\/de\/produkt\/bim1100-with-lan\/","title":{"rendered":"BIM1100 MIT LAN"},"content":{"rendered":"<p>Das BIM1100 WITH LAN ist ein von Kikusui entwickeltes Batterie-Impedanzmessger\u00e4t mit einem Nenneingang von \u00b11000V. Dieses Ger\u00e4t ist f\u00fcr die Messung der Batterieimpedanz vorgesehen und bietet eine pr\u00e4zise Verarbeitung der Eingangsspannung. Es verf\u00fcgt \u00fcber eine LAN-Konnektivit\u00e4t, die die Integration in ein Netzwerk und den Fernzugriff auf Daten erm\u00f6glicht. Das Messger\u00e4t ist f\u00fcr hohe Eingangsspannungen ausgelegt und eignet sich daher f\u00fcr verschiedene Batterietestanwendungen. Sein Design konzentriert sich auf die genaue Impedanzmessung, die f\u00fcr die Beurteilung des Zustands und der Leistung von Batterien entscheidend ist. Die Einbeziehung der LAN-Funktionalit\u00e4t verbessert die Nutzbarkeit in automatisierten Testumgebungen. Dieses Produkt ist Teil des Kikusui-Angebots an spezialisierten elektrischen Messger\u00e4ten.<\/p>","protected":false},"excerpt":{"rendered":"<p>Batterie-Impedanzmesser, Nenneingang \u00b11000V<\/p>","protected":false},"featured_media":7780,"comment_status":"closed","ping_status":"closed","template":"","meta":{"_acf_changed":false,"slim_seo":{"title":"BIM1100 WITH LAN - YOTAVIS AG","description":"Batterie-Impedanzmesser, Nenneingang \u00b11000V"}},"product_brand":[551],"product_cat":[518,538],"product_tag":[],"class_list":{"0":"post-6686","1":"product","2":"type-product","3":"status-publish","4":"has-post-thumbnail","6":"product_brand-kikusui","7":"product_cat-meters","8":"product_cat-others-meters","10":"first","11":"instock","12":"taxable","13":"shipping-taxable","14":"purchasable","15":"product-type-simple"},"acf":[],"_links":{"self":[{"href":"https:\/\/yotavis.ch\/de\/wp-json\/wp\/v2\/product\/6686","targetHints":{"allow":["GET"]}}],"collection":[{"href":"https:\/\/yotavis.ch\/de\/wp-json\/wp\/v2\/product"}],"about":[{"href":"https:\/\/yotavis.ch\/de\/wp-json\/wp\/v2\/types\/product"}],"replies":[{"embeddable":true,"href":"https:\/\/yotavis.ch\/de\/wp-json\/wp\/v2\/comments?post=6686"}],"wp:featuredmedia":[{"embeddable":true,"href":"https:\/\/yotavis.ch\/de\/wp-json\/wp\/v2\/media\/7780"}],"wp:attachment":[{"href":"https:\/\/yotavis.ch\/de\/wp-json\/wp\/v2\/media?parent=6686"}],"wp:term":[{"taxonomy":"product_brand","embeddable":true,"href":"https:\/\/yotavis.ch\/de\/wp-json\/wp\/v2\/product_brand?post=6686"},{"taxonomy":"product_cat","embeddable":true,"href":"https:\/\/yotavis.ch\/de\/wp-json\/wp\/v2\/product_cat?post=6686"},{"taxonomy":"product_tag","embeddable":true,"href":"https:\/\/yotavis.ch\/de\/wp-json\/wp\/v2\/product_tag?post=6686"}],"curies":[{"name":"wp","href":"https:\/\/api.w.org\/{rel}","templated":true}]}}