{"id":6687,"date":"2025-10-09T00:00:00","date_gmt":"2025-10-08T22:00:00","guid":{"rendered":"https:\/\/yotavis.ch\/product\/tbmr-110m\/"},"modified":"2026-04-24T13:34:53","modified_gmt":"2026-04-24T11:34:53","slug":"tbmr-110m","status":"publish","type":"product","link":"https:\/\/yotavis.ch\/de\/produkt\/tbmr-110m\/","title":{"rendered":"TBMR-110M"},"content":{"rendered":"<p>Der TBMR-110M ist ein EMI-Analysator, der in einem Frequenzbereich von 1 Hz bis 110 MHz arbeitet. Das von Tekbox hergestellte Ger\u00e4t ist kein Handger\u00e4t, sondern f\u00fcr den station\u00e4ren Einsatz bestimmt. Es unterst\u00fctzt eine H\u00f6chstfrequenz von 110 MHz und eine Mindestfrequenz von 1 Hz und deckt damit ein breites Spektrum f\u00fcr die Analyse elektromagnetischer St\u00f6rungen ab. Das Produkt enth\u00e4lt keine Angaben zu Leistung, Spannung, Stromst\u00e4rke oder Ausgangsnummer. Au\u00dferdem gibt es keine Informationen \u00fcber Kan\u00e4le, Bandbreite, Abtastrate, Speichertiefe, vertikale Aufl\u00f6sung oder digitale Kan\u00e4le. Das Design des Analysators schlie\u00dft Funktionen wie Fernsteuerung, Touchscreen und verschiedene Sensortypen aus. Au\u00dferdem fehlen Angaben zu Amplitude, Sweep, Burst, \u00dcbergangszeit, Impulsbreite, Phasenrauschen, IQ-Bandbreite, Ziffern, maximalen Spannungs- und Stromwerten, Widerstand, True-RMS-F\u00e4higkeit, Abtastgeschwindigkeit, Grundgenauigkeit, Anschl\u00fcssen, Schnittstelle und Modularit\u00e4t. Der TBMR-110M konzentriert sich auf die EMI-Analyse innerhalb seines spezifizierten Frequenzbereichs, ohne dass zus\u00e4tzliche Funktionen oder Spezifikationen aufgef\u00fchrt sind.<\/p>","protected":false},"excerpt":{"rendered":"<p>EMI-Analysator DC-110 MHz<\/p>","protected":false},"featured_media":7293,"comment_status":"closed","ping_status":"closed","template":"","meta":{"_acf_changed":false,"slim_seo":{"title":"TBMR-110M - YOTAVIS AG","description":"EMI-Analysator DC-110 MHz"}},"product_brand":[645],"product_cat":[523,646],"product_tag":[],"class_list":{"0":"post-6687","1":"product","2":"type-product","3":"status-publish","4":"has-post-thumbnail","6":"product_brand-tekbox","7":"product_cat-analyser","8":"product_cat-others-analyser","9":"pa_frequency-max-mhz-643","10":"pa_frequency-min-hz-644","11":"pa_handheld-no","13":"first","14":"instock","15":"taxable","16":"shipping-taxable","17":"purchasable","18":"product-type-simple"},"acf":[],"_links":{"self":[{"href":"https:\/\/yotavis.ch\/de\/wp-json\/wp\/v2\/product\/6687","targetHints":{"allow":["GET"]}}],"collection":[{"href":"https:\/\/yotavis.ch\/de\/wp-json\/wp\/v2\/product"}],"about":[{"href":"https:\/\/yotavis.ch\/de\/wp-json\/wp\/v2\/types\/product"}],"replies":[{"embeddable":true,"href":"https:\/\/yotavis.ch\/de\/wp-json\/wp\/v2\/comments?post=6687"}],"wp:featuredmedia":[{"embeddable":true,"href":"https:\/\/yotavis.ch\/de\/wp-json\/wp\/v2\/media\/7293"}],"wp:attachment":[{"href":"https:\/\/yotavis.ch\/de\/wp-json\/wp\/v2\/media?parent=6687"}],"wp:term":[{"taxonomy":"product_brand","embeddable":true,"href":"https:\/\/yotavis.ch\/de\/wp-json\/wp\/v2\/product_brand?post=6687"},{"taxonomy":"product_cat","embeddable":true,"href":"https:\/\/yotavis.ch\/de\/wp-json\/wp\/v2\/product_cat?post=6687"},{"taxonomy":"product_tag","embeddable":true,"href":"https:\/\/yotavis.ch\/de\/wp-json\/wp\/v2\/product_tag?post=6687"}],"curies":[{"name":"wp","href":"https:\/\/api.w.org\/{rel}","templated":true}]}}