{"id":6690,"date":"2025-10-09T00:00:00","date_gmt":"2025-10-08T22:00:00","guid":{"rendered":"https:\/\/yotavis.ch\/product\/tbst200-100-100\/"},"modified":"2026-04-24T13:34:54","modified_gmt":"2026-04-24T11:34:54","slug":"tbst200-100-100","status":"publish","type":"product","link":"https:\/\/yotavis.ch\/de\/produkt\/tbst200-100-100\/","title":{"rendered":"TBST200\/100\/100"},"content":{"rendered":"<p>Die Tekbox TBST200\/100\/100 ist ein abgeschirmtes Zelt mit den Ma\u00dfen 200 cm L\u00e4nge, 104 cm Breite und 100 cm H\u00f6he. Dieses Produkt wurde entwickelt, um eine kontrollierte Umgebung f\u00fcr verschiedene Anwendungen zu schaffen, die eine Abschirmung erfordern. Sein gro\u00dfer Innenraum erm\u00f6glicht die Unterbringung von Ger\u00e4ten oder Experimenten, die von externen St\u00f6rungen abgeschirmt werden m\u00fcssen. Die Struktur des Zelts ist so konstruiert, dass eine effektive Abschirmung gew\u00e4hrleistet ist und nur minimale Signalverluste auftreten. Das Design erleichtert den Aufbau und die Integration in bestehende Arbeitsbereiche. Die Materialien und Konstruktionsdetails tragen zu seiner Funktionalit\u00e4t als abgeschirmtes Geh\u00e4use bei. Dieses Zelt eignet sich f\u00fcr den Einsatz in Umgebungen, in denen elektromagnetische St\u00f6rungen minimiert werden m\u00fcssen.<\/p>","protected":false},"excerpt":{"rendered":"<p>Abgeschirmtes Zelt 200 cm x 104 cm x 100 cm<\/p>","protected":false},"featured_media":7307,"comment_status":"closed","ping_status":"closed","template":"","meta":{"_acf_changed":false,"slim_seo":{"title":"TBST200\/100\/100 - YOTAVIS AG","description":"Abgeschirmtes Zelt 200 cm x 104 cm x 100 cm"}},"product_brand":[645],"product_cat":[526,649],"product_tag":[],"class_list":{"0":"post-6690","1":"product","2":"type-product","3":"status-publish","4":"has-post-thumbnail","6":"product_brand-tekbox","7":"product_cat-accessories","8":"product_cat-emc-test-equipment-accessories","10":"first","11":"instock","12":"taxable","13":"shipping-taxable","14":"purchasable","15":"product-type-simple"},"acf":[],"_links":{"self":[{"href":"https:\/\/yotavis.ch\/de\/wp-json\/wp\/v2\/product\/6690","targetHints":{"allow":["GET"]}}],"collection":[{"href":"https:\/\/yotavis.ch\/de\/wp-json\/wp\/v2\/product"}],"about":[{"href":"https:\/\/yotavis.ch\/de\/wp-json\/wp\/v2\/types\/product"}],"replies":[{"embeddable":true,"href":"https:\/\/yotavis.ch\/de\/wp-json\/wp\/v2\/comments?post=6690"}],"wp:featuredmedia":[{"embeddable":true,"href":"https:\/\/yotavis.ch\/de\/wp-json\/wp\/v2\/media\/7307"}],"wp:attachment":[{"href":"https:\/\/yotavis.ch\/de\/wp-json\/wp\/v2\/media?parent=6690"}],"wp:term":[{"taxonomy":"product_brand","embeddable":true,"href":"https:\/\/yotavis.ch\/de\/wp-json\/wp\/v2\/product_brand?post=6690"},{"taxonomy":"product_cat","embeddable":true,"href":"https:\/\/yotavis.ch\/de\/wp-json\/wp\/v2\/product_cat?post=6690"},{"taxonomy":"product_tag","embeddable":true,"href":"https:\/\/yotavis.ch\/de\/wp-json\/wp\/v2\/product_tag?post=6690"}],"curies":[{"name":"wp","href":"https:\/\/api.w.org\/{rel}","templated":true}]}}