{"id":6693,"date":"2025-10-09T00:00:00","date_gmt":"2025-10-08T22:00:00","guid":{"rendered":"https:\/\/yotavis.ch\/product\/tbma8\/"},"modified":"2026-04-24T13:34:55","modified_gmt":"2026-04-24T11:34:55","slug":"tbma8","status":"publish","type":"product","link":"https:\/\/yotavis.ch\/de\/produkt\/tbma8\/","title":{"rendered":"TBMA8"},"content":{"rendered":"<p>Die TBMA8 von Tekbox ist eine hybride Messantenne, die f\u00fcr den Betrieb in einem Frequenzbereich von 30 MHz bis 3000 MHz ausgelegt ist. Sie verf\u00fcgt \u00fcber einen Typ-N-Stecker, der \u00fcblicherweise f\u00fcr HF-Anwendungen verwendet wird und zuverl\u00e4ssige und sichere Verbindungen gew\u00e4hrleistet. Diese Antenne eignet sich f\u00fcr eine Vielzahl von Messaufgaben in ihrem spezifizierten Frequenzband. Das Design unterst\u00fctzt hybride Messm\u00f6glichkeiten, so dass sie in verschiedenen Test- und Messszenarien eingesetzt werden kann. Das Produkt macht keine Angaben zu Leistung, Spannung, Strom oder anderen elektrischen Parametern und konzentriert sich stattdessen auf den Frequenzbereich und den Steckertyp. Durch die breite Frequenzabdeckung kann es f\u00fcr verschiedene Anwendungen eingesetzt werden, die pr\u00e4zise Antennenmessungen erfordern. Die TBMA8 ist ein Spezialger\u00e4t f\u00fcr den Einsatz in Umgebungen, in denen ein genauer Frequenzgang und eine genaue Signalerfassung unerl\u00e4sslich sind.<\/p>","protected":false},"excerpt":{"rendered":"<p>30 MHz - 3000 MHz Hybrid-Messantenne<\/p>","protected":false},"featured_media":7327,"comment_status":"closed","ping_status":"closed","template":"","meta":{"_acf_changed":false,"slim_seo":{"title":"TBMA8 - YOTAVIS AG","description":"30 MHz - 3000 MHz Hybrid-Messantenne"}},"product_brand":[645],"product_cat":[526,527],"product_tag":[],"class_list":{"0":"post-6693","1":"product","2":"type-product","3":"status-publish","4":"has-post-thumbnail","6":"product_brand-tekbox","7":"product_cat-accessories","8":"product_cat-antenna-en","9":"pa_connector-type-n","11":"first","12":"instock","13":"taxable","14":"shipping-taxable","15":"purchasable","16":"product-type-simple"},"acf":[],"_links":{"self":[{"href":"https:\/\/yotavis.ch\/de\/wp-json\/wp\/v2\/product\/6693","targetHints":{"allow":["GET"]}}],"collection":[{"href":"https:\/\/yotavis.ch\/de\/wp-json\/wp\/v2\/product"}],"about":[{"href":"https:\/\/yotavis.ch\/de\/wp-json\/wp\/v2\/types\/product"}],"replies":[{"embeddable":true,"href":"https:\/\/yotavis.ch\/de\/wp-json\/wp\/v2\/comments?post=6693"}],"wp:featuredmedia":[{"embeddable":true,"href":"https:\/\/yotavis.ch\/de\/wp-json\/wp\/v2\/media\/7327"}],"wp:attachment":[{"href":"https:\/\/yotavis.ch\/de\/wp-json\/wp\/v2\/media?parent=6693"}],"wp:term":[{"taxonomy":"product_brand","embeddable":true,"href":"https:\/\/yotavis.ch\/de\/wp-json\/wp\/v2\/product_brand?post=6693"},{"taxonomy":"product_cat","embeddable":true,"href":"https:\/\/yotavis.ch\/de\/wp-json\/wp\/v2\/product_cat?post=6693"},{"taxonomy":"product_tag","embeddable":true,"href":"https:\/\/yotavis.ch\/de\/wp-json\/wp\/v2\/product_tag?post=6693"}],"curies":[{"name":"wp","href":"https:\/\/api.w.org\/{rel}","templated":true}]}}