{"id":6696,"date":"2025-10-09T00:00:00","date_gmt":"2025-10-08T22:00:00","guid":{"rendered":"https:\/\/yotavis.ch\/product\/tbst120-60-60-2-b\/"},"modified":"2026-04-24T13:34:56","modified_gmt":"2026-04-24T11:34:56","slug":"tbst120-60-60-2-b","status":"publish","type":"product","link":"https:\/\/yotavis.ch\/de\/produkt\/tbst120-60-60-2-b\/","title":{"rendered":"TBST120\/60\/60\/2-B"},"content":{"rendered":"<p>Die Tekbox TBST120\/60\/60\/2-B ist ein abgeschirmtes Zelt mit den Abmessungen von 120 cm L\u00e4nge, 60 cm Breite und 60 cm H\u00f6he. Dieses Produkt wurde entwickelt, um eine kontrollierte Umgebung f\u00fcr verschiedene Anwendungen zu schaffen, die eine Abschirmung erfordern. Sein gro\u00dfer Innenraum erm\u00f6glicht die Unterbringung verschiedener Ger\u00e4te oder Experimente, die von externen St\u00f6rungen abgeschirmt werden m\u00fcssen. Die Konstruktion des Zeltes gew\u00e4hrleistet eine wirksame Abschirmung und eignet sich daher f\u00fcr den Einsatz in Umgebungen, in denen elektromagnetische St\u00f6rungen minimiert werden m\u00fcssen. Das Design konzentriert sich auf Funktionalit\u00e4t und Praktikabilit\u00e4t und bietet eine zuverl\u00e4ssige L\u00f6sung f\u00fcr Benutzer, die ein abgeschirmtes Geh\u00e4use ben\u00f6tigen. Durch seine Abmessungen ist das Produkt vielseitig einsetzbar und passt bequem in Labor- oder Industrieumgebungen, in denen Platz und Abschirmung kritische Faktoren sind. Die Marke Tekbox ist mit diesem Modell verbunden und weist auf die Herkunft und den Herstellungsort hin.<\/p>","protected":false},"excerpt":{"rendered":"<p>Abgeschirmtes Zelt 120 cm x 60 cm x 60 cm<\/p>","protected":false},"featured_media":7339,"comment_status":"closed","ping_status":"closed","template":"","meta":{"_acf_changed":false,"slim_seo":{"title":"TBST120\/60\/60\/2-B - YOTAVIS AG","description":"Abgeschirmtes Zelt 120 cm x 60 cm x 60 cm"}},"product_brand":[645],"product_cat":[526,649],"product_tag":[],"class_list":{"0":"post-6696","1":"product","2":"type-product","3":"status-publish","4":"has-post-thumbnail","6":"product_brand-tekbox","7":"product_cat-accessories","8":"product_cat-emc-test-equipment-accessories","10":"first","11":"instock","12":"taxable","13":"shipping-taxable","14":"purchasable","15":"product-type-simple"},"acf":[],"_links":{"self":[{"href":"https:\/\/yotavis.ch\/de\/wp-json\/wp\/v2\/product\/6696","targetHints":{"allow":["GET"]}}],"collection":[{"href":"https:\/\/yotavis.ch\/de\/wp-json\/wp\/v2\/product"}],"about":[{"href":"https:\/\/yotavis.ch\/de\/wp-json\/wp\/v2\/types\/product"}],"replies":[{"embeddable":true,"href":"https:\/\/yotavis.ch\/de\/wp-json\/wp\/v2\/comments?post=6696"}],"wp:featuredmedia":[{"embeddable":true,"href":"https:\/\/yotavis.ch\/de\/wp-json\/wp\/v2\/media\/7339"}],"wp:attachment":[{"href":"https:\/\/yotavis.ch\/de\/wp-json\/wp\/v2\/media?parent=6696"}],"wp:term":[{"taxonomy":"product_brand","embeddable":true,"href":"https:\/\/yotavis.ch\/de\/wp-json\/wp\/v2\/product_brand?post=6696"},{"taxonomy":"product_cat","embeddable":true,"href":"https:\/\/yotavis.ch\/de\/wp-json\/wp\/v2\/product_cat?post=6696"},{"taxonomy":"product_tag","embeddable":true,"href":"https:\/\/yotavis.ch\/de\/wp-json\/wp\/v2\/product_tag?post=6696"}],"curies":[{"name":"wp","href":"https:\/\/api.w.org\/{rel}","templated":true}]}}