{"id":6697,"date":"2025-10-09T00:00:00","date_gmt":"2025-10-08T22:00:00","guid":{"rendered":"https:\/\/yotavis.ch\/product\/tbl5016-3-eu-us-au-or-uk\/"},"modified":"2026-04-24T13:34:56","modified_gmt":"2026-04-24T11:34:56","slug":"tbl5016-3-eu-us-au-or-uk","status":"publish","type":"product","link":"https:\/\/yotavis.ch\/de\/produkt\/tbl5016-3-eu-us-au-or-uk\/","title":{"rendered":"TBL5016-3 (EU, US, AU oder UK)"},"content":{"rendered":"<p>Das Tekbox TBL5016-3 ist ein Netz zur Stabilisierung der Leitungsimpedanz (LISN) mit einer Induktivit\u00e4t von 50 Mikrohenries und einem Nennstrom von 16 Ampere. Dieses Ger\u00e4t wurde entwickelt, um eine stabile Impedanz f\u00fcr leitungsgebundene Emissionspr\u00fcfungen zu liefern und so konsistente und wiederholbare Messungen zu gew\u00e4hrleisten. Es ist in Versionen erh\u00e4ltlich, die mit EU-, US-, AU- oder UK-Leistungsstandards kompatibel sind, so dass es in verschiedenen internationalen Pr\u00fcfumgebungen eingesetzt werden kann. Der LISN hilft bei der Isolierung der zu pr\u00fcfenden Ger\u00e4te vom Netzrauschen und bietet einen Messanschluss f\u00fcr EMI-Empf\u00e4nger oder Spektrumanalysatoren. Seine robuste Konstruktion unterst\u00fctzt hohe Stromlasten bis zu 16 A, was f\u00fcr die Pr\u00fcfung einer Vielzahl von elektrischen und elektronischen Ger\u00e4ten unerl\u00e4sslich ist. Das TBL5016-3 wird von Tekbox hergestellt, einer Marke, die f\u00fcr die Herstellung von Test- und Messger\u00e4ten bekannt ist. Dieses Modell ist speziell auf die Stabilisierung der Leitungsimpedanz zugeschnitten und tr\u00e4gt zu Konformit\u00e4tspr\u00fcfungen und Bewertungen der elektromagnetischen Vertr\u00e4glichkeit bei.<\/p>","protected":false},"excerpt":{"rendered":"<p>50uH 16A Leitungsimpedanz-Stabilisierungsnetzwerk LISN<\/p>","protected":false},"featured_media":7342,"comment_status":"closed","ping_status":"closed","template":"","meta":{"_acf_changed":false,"slim_seo":{"title":"TBL5016-3 (EU, US, AU or UK) - YOTAVIS AG","description":"50uH 16A Leitungsimpedanz-Stabilisierungsnetzwerk LISN"}},"product_brand":[645],"product_cat":[526,649],"product_tag":[],"class_list":{"0":"post-6697","1":"product","2":"type-product","3":"status-publish","4":"has-post-thumbnail","6":"product_brand-tekbox","7":"product_cat-accessories","8":"product_cat-emc-test-equipment-accessories","10":"first","11":"instock","12":"taxable","13":"shipping-taxable","14":"purchasable","15":"product-type-simple"},"acf":[],"_links":{"self":[{"href":"https:\/\/yotavis.ch\/de\/wp-json\/wp\/v2\/product\/6697","targetHints":{"allow":["GET"]}}],"collection":[{"href":"https:\/\/yotavis.ch\/de\/wp-json\/wp\/v2\/product"}],"about":[{"href":"https:\/\/yotavis.ch\/de\/wp-json\/wp\/v2\/types\/product"}],"replies":[{"embeddable":true,"href":"https:\/\/yotavis.ch\/de\/wp-json\/wp\/v2\/comments?post=6697"}],"wp:featuredmedia":[{"embeddable":true,"href":"https:\/\/yotavis.ch\/de\/wp-json\/wp\/v2\/media\/7342"}],"wp:attachment":[{"href":"https:\/\/yotavis.ch\/de\/wp-json\/wp\/v2\/media?parent=6697"}],"wp:term":[{"taxonomy":"product_brand","embeddable":true,"href":"https:\/\/yotavis.ch\/de\/wp-json\/wp\/v2\/product_brand?post=6697"},{"taxonomy":"product_cat","embeddable":true,"href":"https:\/\/yotavis.ch\/de\/wp-json\/wp\/v2\/product_cat?post=6697"},{"taxonomy":"product_tag","embeddable":true,"href":"https:\/\/yotavis.ch\/de\/wp-json\/wp\/v2\/product_tag?post=6697"}],"curies":[{"name":"wp","href":"https:\/\/api.w.org\/{rel}","templated":true}]}}