{"id":6698,"date":"2025-10-09T00:00:00","date_gmt":"2025-10-08T22:00:00","guid":{"rendered":"https:\/\/yotavis.ch\/product\/tbma5b\/"},"modified":"2026-04-24T13:34:57","modified_gmt":"2026-04-24T11:34:57","slug":"tbma5b","status":"publish","type":"product","link":"https:\/\/yotavis.ch\/de\/produkt\/tbma5b\/","title":{"rendered":"TBMA5B"},"content":{"rendered":"<p>Die TBMA5B ist eine aktive Monopolantenne, die f\u00fcr den Betrieb in einem Frequenzbereich von 9 kHz bis 30 MHz ausgelegt ist. Diese von Tekbox hergestellte Antenne verf\u00fcgt \u00fcber einen Typ-N-Stecker, der \u00fcblicherweise f\u00fcr HF-Anwendungen verwendet wird. Ihr Design unterst\u00fctzt ein breites Frequenzspektrum, wodurch sie sich f\u00fcr verschiedene Signalempfangs- und -\u00fcbertragungsaufgaben innerhalb des angegebenen Bereichs eignet. Der aktive Charakter der Antenne impliziert, dass sie einen integrierten Verst\u00e4rker enth\u00e4lt, um die Signalst\u00e4rke zu erh\u00f6hen. Dieses Modell gibt keine spezifischen Leistungs-, Spannungs- oder Stromwerte an, sondern konzentriert sich stattdessen auf seine Frequenzf\u00e4higkeiten. Die Konstruktion und der Steckertyp der Antenne lassen auf Kompatibilit\u00e4t mit Standard-HF-Ger\u00e4ten schlie\u00dfen, die Typ-N-Anschl\u00fcsse erfordern. Insgesamt bietet die TBMA5B eine spezialisierte L\u00f6sung f\u00fcr Anwendungen, die eine zuverl\u00e4ssige Leistung in niedrigen bis mittleren Frequenzb\u00e4ndern ben\u00f6tigen.<\/p>","protected":false},"excerpt":{"rendered":"<p>9 kHz &#8211; 30 MHz Active Monopole Antenna<\/p>","protected":false},"featured_media":7348,"comment_status":"closed","ping_status":"closed","template":"","meta":{"_acf_changed":false,"slim_seo":{"title":"TBMA5B - YOTAVIS AG","description":"9 kHz - 30 MHz Aktive Monopolantenne"}},"product_brand":[645],"product_cat":[526,527],"product_tag":[],"class_list":{"0":"post-6698","1":"product","2":"type-product","3":"status-publish","4":"has-post-thumbnail","6":"product_brand-tekbox","7":"product_cat-accessories","8":"product_cat-antenna-en","9":"pa_connector-type-n","11":"first","12":"instock","13":"taxable","14":"shipping-taxable","15":"purchasable","16":"product-type-simple"},"acf":[],"_links":{"self":[{"href":"https:\/\/yotavis.ch\/de\/wp-json\/wp\/v2\/product\/6698","targetHints":{"allow":["GET"]}}],"collection":[{"href":"https:\/\/yotavis.ch\/de\/wp-json\/wp\/v2\/product"}],"about":[{"href":"https:\/\/yotavis.ch\/de\/wp-json\/wp\/v2\/types\/product"}],"replies":[{"embeddable":true,"href":"https:\/\/yotavis.ch\/de\/wp-json\/wp\/v2\/comments?post=6698"}],"wp:featuredmedia":[{"embeddable":true,"href":"https:\/\/yotavis.ch\/de\/wp-json\/wp\/v2\/media\/7348"}],"wp:attachment":[{"href":"https:\/\/yotavis.ch\/de\/wp-json\/wp\/v2\/media?parent=6698"}],"wp:term":[{"taxonomy":"product_brand","embeddable":true,"href":"https:\/\/yotavis.ch\/de\/wp-json\/wp\/v2\/product_brand?post=6698"},{"taxonomy":"product_cat","embeddable":true,"href":"https:\/\/yotavis.ch\/de\/wp-json\/wp\/v2\/product_cat?post=6698"},{"taxonomy":"product_tag","embeddable":true,"href":"https:\/\/yotavis.ch\/de\/wp-json\/wp\/v2\/product_tag?post=6698"}],"curies":[{"name":"wp","href":"https:\/\/api.w.org\/{rel}","templated":true}]}}