{"id":6701,"date":"2025-10-09T00:00:00","date_gmt":"2025-10-08T22:00:00","guid":{"rendered":"https:\/\/yotavis.ch\/product\/tbcg3-rn6\/"},"modified":"2026-04-24T13:34:59","modified_gmt":"2026-04-24T11:34:59","slug":"tbcg3-rn6","status":"publish","type":"product","link":"https:\/\/yotavis.ch\/de\/produkt\/tbcg3-rn6\/","title":{"rendered":"TBCG3-RN6"},"content":{"rendered":"<p>Der Tekbox TBCG3-RN6 ist ein Kammgenerator, der f\u00fcr verschiedene Anwendungen entwickelt wurde. Dieses Ger\u00e4t ist durch die Modellnummer TBCG3-RN6 gekennzeichnet und wird von Tekbox hergestellt. Es dient als Quelle f\u00fcr die Erzeugung von Kamm-Signalen, die in Test- und Messszenarien unerl\u00e4sslich sind. Das Produkt enth\u00e4lt keine Angaben zu Leistung, Spannung, Stromst\u00e4rke oder Ausgangsnummer. Dar\u00fcber hinaus gibt es keine Informationen \u00fcber Fernsteuerungsm\u00f6glichkeiten, maximale Frequenz, Kan\u00e4le, Bandbreite, Abtastrate, Speichertiefe, vertikale Aufl\u00f6sung, digitale Kan\u00e4le oder Touchscreen-Funktionen. Frequenz, Amplitude, Sweep, Burst und andere technische Parameter sind ebenfalls nicht aufgef\u00fchrt. Das Fehlen dieser Details deutet darauf hin, dass der Schwerpunkt auf der Kernfunktion als Kammgenerator liegt, ohne dass zus\u00e4tzliche Spezifikationen in diese Beschreibung aufgenommen wurden.<\/p>","protected":false},"excerpt":{"rendered":"<p>Kamm-Generator<\/p>","protected":false},"featured_media":7364,"comment_status":"closed","ping_status":"closed","template":"","meta":{"_acf_changed":false,"slim_seo":{"title":"TBCG3-RN6 - YOTAVIS AG","description":"Kamm-Generator"}},"product_brand":[645],"product_cat":[526,649],"product_tag":[],"class_list":{"0":"post-6701","1":"product","2":"type-product","3":"status-publish","4":"has-post-thumbnail","6":"product_brand-tekbox","7":"product_cat-accessories","8":"product_cat-emc-test-equipment-accessories","10":"first","11":"instock","12":"taxable","13":"shipping-taxable","14":"purchasable","15":"product-type-simple"},"acf":[],"_links":{"self":[{"href":"https:\/\/yotavis.ch\/de\/wp-json\/wp\/v2\/product\/6701","targetHints":{"allow":["GET"]}}],"collection":[{"href":"https:\/\/yotavis.ch\/de\/wp-json\/wp\/v2\/product"}],"about":[{"href":"https:\/\/yotavis.ch\/de\/wp-json\/wp\/v2\/types\/product"}],"replies":[{"embeddable":true,"href":"https:\/\/yotavis.ch\/de\/wp-json\/wp\/v2\/comments?post=6701"}],"wp:featuredmedia":[{"embeddable":true,"href":"https:\/\/yotavis.ch\/de\/wp-json\/wp\/v2\/media\/7364"}],"wp:attachment":[{"href":"https:\/\/yotavis.ch\/de\/wp-json\/wp\/v2\/media?parent=6701"}],"wp:term":[{"taxonomy":"product_brand","embeddable":true,"href":"https:\/\/yotavis.ch\/de\/wp-json\/wp\/v2\/product_brand?post=6701"},{"taxonomy":"product_cat","embeddable":true,"href":"https:\/\/yotavis.ch\/de\/wp-json\/wp\/v2\/product_cat?post=6701"},{"taxonomy":"product_tag","embeddable":true,"href":"https:\/\/yotavis.ch\/de\/wp-json\/wp\/v2\/product_tag?post=6701"}],"curies":[{"name":"wp","href":"https:\/\/api.w.org\/{rel}","templated":true}]}}