{"id":6703,"date":"2025-10-09T00:00:00","date_gmt":"2025-10-08T22:00:00","guid":{"rendered":"https:\/\/yotavis.ch\/product\/tbcg3-rn2\/"},"modified":"2026-04-24T13:35:00","modified_gmt":"2026-04-24T11:35:00","slug":"tbcg3-rn2","status":"publish","type":"product","link":"https:\/\/yotavis.ch\/de\/produkt\/tbcg3-rn2\/","title":{"rendered":"TBCG3-RN2"},"content":{"rendered":"<p>Der TBCG3-RN2 ist ein von Tekbox hergestellter Kammgenerator. Er dient zur Erzeugung einer Reihe von gleichm\u00e4\u00dfig verteilten Frequenzkomponenten, die \u00fcblicherweise in verschiedenen Signalverarbeitungs- und Testanwendungen verwendet werden. Dieses Ger\u00e4t arbeitet ohne spezifizierte Leistungs-, Spannungs- oder Stromwerte. Es verf\u00fcgt nicht \u00fcber Fernsteuerungsfunktionen oder mehrere Ausgangskan\u00e4le. Das Produkt enth\u00e4lt keine Angaben zur maximalen Frequenz, Bandbreite oder Abtastrate. Es fehlen Funktionen wie ein Touchscreen, digitale Kan\u00e4le oder Angaben zur Speichertiefe. Der Kammgenerator ist f\u00fcr den Einsatz in Umgebungen vorgesehen, in denen eine pr\u00e4zise Frequenzerzeugung erforderlich ist, obwohl spezifische Leistungsparameter wie Amplitude, Phasenrauschen oder Impulsbreite nicht angegeben sind. Der TBCG3-RN2 ist ein spezialisiertes Ger\u00e4t, das auf die Erzeugung von Frequenzk\u00e4mmen f\u00fcr technische und ingenieurm\u00e4\u00dfige Zwecke ausgerichtet ist.<\/p>","protected":false},"excerpt":{"rendered":"<p>Kamm-Generator<\/p>","protected":false},"featured_media":7376,"comment_status":"closed","ping_status":"closed","template":"","meta":{"_acf_changed":false,"slim_seo":{"title":"TBCG3-RN2 - YOTAVIS AG","description":"Kamm-Generator"}},"product_brand":[645],"product_cat":[526,649],"product_tag":[],"class_list":{"0":"post-6703","1":"product","2":"type-product","3":"status-publish","4":"has-post-thumbnail","6":"product_brand-tekbox","7":"product_cat-accessories","8":"product_cat-emc-test-equipment-accessories","10":"first","11":"instock","12":"taxable","13":"shipping-taxable","14":"purchasable","15":"product-type-simple"},"acf":[],"_links":{"self":[{"href":"https:\/\/yotavis.ch\/de\/wp-json\/wp\/v2\/product\/6703","targetHints":{"allow":["GET"]}}],"collection":[{"href":"https:\/\/yotavis.ch\/de\/wp-json\/wp\/v2\/product"}],"about":[{"href":"https:\/\/yotavis.ch\/de\/wp-json\/wp\/v2\/types\/product"}],"replies":[{"embeddable":true,"href":"https:\/\/yotavis.ch\/de\/wp-json\/wp\/v2\/comments?post=6703"}],"wp:featuredmedia":[{"embeddable":true,"href":"https:\/\/yotavis.ch\/de\/wp-json\/wp\/v2\/media\/7376"}],"wp:attachment":[{"href":"https:\/\/yotavis.ch\/de\/wp-json\/wp\/v2\/media?parent=6703"}],"wp:term":[{"taxonomy":"product_brand","embeddable":true,"href":"https:\/\/yotavis.ch\/de\/wp-json\/wp\/v2\/product_brand?post=6703"},{"taxonomy":"product_cat","embeddable":true,"href":"https:\/\/yotavis.ch\/de\/wp-json\/wp\/v2\/product_cat?post=6703"},{"taxonomy":"product_tag","embeddable":true,"href":"https:\/\/yotavis.ch\/de\/wp-json\/wp\/v2\/product_tag?post=6703"}],"curies":[{"name":"wp","href":"https:\/\/api.w.org\/{rel}","templated":true}]}}