{"id":6707,"date":"2025-10-09T00:00:00","date_gmt":"2025-10-08T22:00:00","guid":{"rendered":"https:\/\/yotavis.ch\/product\/tbesdt1\/"},"modified":"2026-04-24T13:35:01","modified_gmt":"2026-04-24T11:35:01","slug":"tbesdt1","status":"publish","type":"product","link":"https:\/\/yotavis.ch\/de\/produkt\/tbesdt1\/","title":{"rendered":"TBESDT1"},"content":{"rendered":"<p>Das Tekbox TBESDT1 ist ein 2 Ohm ESD-Target, das f\u00fcr spezielle elektrische Anwendungen entwickelt wurde. Dieses Produkt tr\u00e4gt die Modellnummer TBESDT1 und wird von Tekbox hergestellt. Es weist einen Widerstandswert von 2 Ohm auf, der f\u00fcr die vorgesehene Verwendung bei der Pr\u00fcfung elektrostatischer Entladungen oder verwandter Funktionen entscheidend ist. Das Design und die Spezifikationen konzentrieren sich auf die Bereitstellung eines zuverl\u00e4ssigen und konsistenten Widerstandsziels. F\u00fcr dieses Modell sind keine zus\u00e4tzlichen elektrischen Parameter wie Leistung, Spannung oder Stromst\u00e4rke angegeben. Das Produkt verf\u00fcgt nicht \u00fcber Funktionen wie Fernsteuerung, digitale Kan\u00e4le oder Touchscreen-Funktionen. Es handelt sich um ein einfaches Bauteil f\u00fcr die Integration in Systeme, die einen pr\u00e4zisen 2-Ohm-Widerstand f\u00fcr ESD-Zwecke erfordern.<\/p>","protected":false},"excerpt":{"rendered":"<p>2 Ohm ESD-Ziel<\/p>","protected":false},"featured_media":7395,"comment_status":"closed","ping_status":"closed","template":"","meta":{"_acf_changed":false,"slim_seo":{"title":"TBESDT1 - YOTAVIS AG","description":"2 Ohm ESD-Ziel"}},"product_brand":[645],"product_cat":[526,649],"product_tag":[],"class_list":{"0":"post-6707","1":"product","2":"type-product","3":"status-publish","4":"has-post-thumbnail","6":"product_brand-tekbox","7":"product_cat-accessories","8":"product_cat-emc-test-equipment-accessories","10":"first","11":"instock","12":"taxable","13":"shipping-taxable","14":"purchasable","15":"product-type-simple"},"acf":[],"_links":{"self":[{"href":"https:\/\/yotavis.ch\/de\/wp-json\/wp\/v2\/product\/6707","targetHints":{"allow":["GET"]}}],"collection":[{"href":"https:\/\/yotavis.ch\/de\/wp-json\/wp\/v2\/product"}],"about":[{"href":"https:\/\/yotavis.ch\/de\/wp-json\/wp\/v2\/types\/product"}],"replies":[{"embeddable":true,"href":"https:\/\/yotavis.ch\/de\/wp-json\/wp\/v2\/comments?post=6707"}],"wp:featuredmedia":[{"embeddable":true,"href":"https:\/\/yotavis.ch\/de\/wp-json\/wp\/v2\/media\/7395"}],"wp:attachment":[{"href":"https:\/\/yotavis.ch\/de\/wp-json\/wp\/v2\/media?parent=6707"}],"wp:term":[{"taxonomy":"product_brand","embeddable":true,"href":"https:\/\/yotavis.ch\/de\/wp-json\/wp\/v2\/product_brand?post=6707"},{"taxonomy":"product_cat","embeddable":true,"href":"https:\/\/yotavis.ch\/de\/wp-json\/wp\/v2\/product_cat?post=6707"},{"taxonomy":"product_tag","embeddable":true,"href":"https:\/\/yotavis.ch\/de\/wp-json\/wp\/v2\/product_tag?post=6707"}],"curies":[{"name":"wp","href":"https:\/\/api.w.org\/{rel}","templated":true}]}}