{"id":6708,"date":"2025-10-09T00:00:00","date_gmt":"2025-10-08T22:00:00","guid":{"rendered":"https:\/\/yotavis.ch\/product\/tbesdt2\/"},"modified":"2026-04-24T13:35:02","modified_gmt":"2026-04-24T11:35:02","slug":"tbesdt2","status":"publish","type":"product","link":"https:\/\/yotavis.ch\/de\/produkt\/tbesdt2\/","title":{"rendered":"TBESDT2"},"content":{"rendered":"<p>Das TBESDT2 ist ein 1-Ohm-ESD-Target der Firma Tekbox. Dieses Produkt wurde entwickelt, um einen pr\u00e4zisen Widerstandswert von 1 Ohm zu liefern, der f\u00fcr elektrostatische Entladungspr\u00fcfanwendungen unerl\u00e4sslich ist. Das Ger\u00e4t wurde entwickelt, um spezifische Testanforderungen zu erf\u00fcllen, bei denen eine genaue Widerstandsmessung entscheidend ist. Als ESD-Target dient es als Referenzpunkt f\u00fcr die Bewertung der Leistung und Sicherheit elektronischer Komponenten und Systeme unter elektrostatischen Entladungsbedingungen. Das Design des Produkts gew\u00e4hrleistet konsistente und zuverl\u00e4ssige Ergebnisse w\u00e4hrend der Testverfahren. Tekbox, die Marke hinter diesem Produkt, ist bekannt f\u00fcr die Herstellung spezialisierter Pr\u00fcfger\u00e4te. Das TBESDT2 ist eine Komponente, die in umfassendere Pr\u00fcfeinrichtungen passt und zur allgemeinen Genauigkeit und Effektivit\u00e4t von ESD-Pr\u00fcfverfahren beitr\u00e4gt.<\/p>","protected":false},"excerpt":{"rendered":"<p>1 Ohm ESD-Ziel<\/p>","protected":false},"featured_media":7395,"comment_status":"closed","ping_status":"closed","template":"","meta":{"_acf_changed":false,"slim_seo":{"title":"TBESDT2 - YOTAVIS AG","description":"1 Ohm ESD-Ziel"}},"product_brand":[645],"product_cat":[526,649],"product_tag":[],"class_list":{"0":"post-6708","1":"product","2":"type-product","3":"status-publish","4":"has-post-thumbnail","6":"product_brand-tekbox","7":"product_cat-accessories","8":"product_cat-emc-test-equipment-accessories","10":"first","11":"instock","12":"taxable","13":"shipping-taxable","14":"purchasable","15":"product-type-simple"},"acf":[],"_links":{"self":[{"href":"https:\/\/yotavis.ch\/de\/wp-json\/wp\/v2\/product\/6708","targetHints":{"allow":["GET"]}}],"collection":[{"href":"https:\/\/yotavis.ch\/de\/wp-json\/wp\/v2\/product"}],"about":[{"href":"https:\/\/yotavis.ch\/de\/wp-json\/wp\/v2\/types\/product"}],"replies":[{"embeddable":true,"href":"https:\/\/yotavis.ch\/de\/wp-json\/wp\/v2\/comments?post=6708"}],"wp:featuredmedia":[{"embeddable":true,"href":"https:\/\/yotavis.ch\/de\/wp-json\/wp\/v2\/media\/7395"}],"wp:attachment":[{"href":"https:\/\/yotavis.ch\/de\/wp-json\/wp\/v2\/media?parent=6708"}],"wp:term":[{"taxonomy":"product_brand","embeddable":true,"href":"https:\/\/yotavis.ch\/de\/wp-json\/wp\/v2\/product_brand?post=6708"},{"taxonomy":"product_cat","embeddable":true,"href":"https:\/\/yotavis.ch\/de\/wp-json\/wp\/v2\/product_cat?post=6708"},{"taxonomy":"product_tag","embeddable":true,"href":"https:\/\/yotavis.ch\/de\/wp-json\/wp\/v2\/product_tag?post=6708"}],"curies":[{"name":"wp","href":"https:\/\/api.w.org\/{rel}","templated":true}]}}