{"id":6709,"date":"2025-10-09T00:00:00","date_gmt":"2025-10-08T22:00:00","guid":{"rendered":"https:\/\/yotavis.ch\/product\/tbl05100-1-b\/"},"modified":"2026-04-24T13:35:02","modified_gmt":"2026-04-24T11:35:02","slug":"tbl05100-1-b","status":"publish","type":"product","link":"https:\/\/yotavis.ch\/de\/produkt\/tbl05100-1-b\/","title":{"rendered":"TBL05100-1-B"},"content":{"rendered":"<p>Das Tekbox TBL05100-1-B ist ein 5uH 100A Leitungsimpedanz-Stabilisierungsnetzwerk (LISN), das entwickelt wurde, um eine stabile Impedanz f\u00fcr leitungsgebundene Emissionspr\u00fcfungen zu liefern. Dieses Ger\u00e4t ist f\u00fcr Str\u00f6me bis zu 100 Ampere ausgelegt und eignet sich somit f\u00fcr Hochstromanwendungen. Der Induktivit\u00e4tswert von 5 Mikrohenrien ist so spezifiziert, dass die Impedanzcharakteristik w\u00e4hrend der Pr\u00fcfung konstant bleibt. Als LISN wird er verwendet, um die zu pr\u00fcfenden Ger\u00e4te von Netzspannungsst\u00f6rungen zu isolieren und einen Messpunkt f\u00fcr leitungsgebundene Emissionen zu schaffen. Das Produkt ist durch die Modellnummer TBL05100-1-B gekennzeichnet und wird von Tekbox hergestellt. Diese LISN ist f\u00fcr den Einsatz in Testumgebungen f\u00fcr elektromagnetische Vertr\u00e4glichkeit (EMV) geeignet, in denen eine pr\u00e4zise Impedanzstabilisierung erforderlich ist. Er verf\u00fcgt nicht \u00fcber zus\u00e4tzliche Funktionen wie Fernsteuerung oder mehrere Ausgangskan\u00e4le. Das Design konzentriert sich auf eine zuverl\u00e4ssige Leistung bei der Leitungsimpedanzstabilisierung in \u00dcbereinstimmung mit den einschl\u00e4gigen Pr\u00fcfnormen.<\/p>","protected":false},"excerpt":{"rendered":"<p>5uH 100A Leitungsimpedanz-Stabilisierungsnetzwerk LISN<\/p>","protected":false},"featured_media":7404,"comment_status":"closed","ping_status":"closed","template":"","meta":{"_acf_changed":false,"slim_seo":{"title":"TBL05100-1-B - YOTAVIS AG","description":"5uH 100A Leitungsimpedanz-Stabilisierungsnetzwerk LISN"}},"product_brand":[645],"product_cat":[526,649],"product_tag":[],"class_list":{"0":"post-6709","1":"product","2":"type-product","3":"status-publish","4":"has-post-thumbnail","6":"product_brand-tekbox","7":"product_cat-accessories","8":"product_cat-emc-test-equipment-accessories","10":"first","11":"instock","12":"taxable","13":"shipping-taxable","14":"purchasable","15":"product-type-simple"},"acf":[],"_links":{"self":[{"href":"https:\/\/yotavis.ch\/de\/wp-json\/wp\/v2\/product\/6709","targetHints":{"allow":["GET"]}}],"collection":[{"href":"https:\/\/yotavis.ch\/de\/wp-json\/wp\/v2\/product"}],"about":[{"href":"https:\/\/yotavis.ch\/de\/wp-json\/wp\/v2\/types\/product"}],"replies":[{"embeddable":true,"href":"https:\/\/yotavis.ch\/de\/wp-json\/wp\/v2\/comments?post=6709"}],"wp:featuredmedia":[{"embeddable":true,"href":"https:\/\/yotavis.ch\/de\/wp-json\/wp\/v2\/media\/7404"}],"wp:attachment":[{"href":"https:\/\/yotavis.ch\/de\/wp-json\/wp\/v2\/media?parent=6709"}],"wp:term":[{"taxonomy":"product_brand","embeddable":true,"href":"https:\/\/yotavis.ch\/de\/wp-json\/wp\/v2\/product_brand?post=6709"},{"taxonomy":"product_cat","embeddable":true,"href":"https:\/\/yotavis.ch\/de\/wp-json\/wp\/v2\/product_cat?post=6709"},{"taxonomy":"product_tag","embeddable":true,"href":"https:\/\/yotavis.ch\/de\/wp-json\/wp\/v2\/product_tag?post=6709"}],"curies":[{"name":"wp","href":"https:\/\/api.w.org\/{rel}","templated":true}]}}