{"id":6710,"date":"2025-10-09T00:00:00","date_gmt":"2025-10-08T22:00:00","guid":{"rendered":"https:\/\/yotavis.ch\/product\/tbma7\/"},"modified":"2026-04-24T13:35:03","modified_gmt":"2026-04-24T11:35:03","slug":"tbma7","status":"publish","type":"product","link":"https:\/\/yotavis.ch\/de\/produkt\/tbma7\/","title":{"rendered":"TBMA7"},"content":{"rendered":"<p>Die TBMA7 ist eine logarithmisch-periodische Messantenne, die f\u00fcr den Betrieb in einem Frequenzbereich von 150 MHz bis 3000 MHz ausgelegt ist. Sie wird von Tekbox hergestellt und verf\u00fcgt \u00fcber einen Typ-N-Stecker, der \u00fcblicherweise f\u00fcr HF-Anwendungen verwendet wird. Diese Antenne eignet sich f\u00fcr eine Vielzahl von Messaufgaben in ihrem spezifizierten Frequenzband. Das logarithmisch-periodische Design erm\u00f6glicht eine gleichbleibende Leistung \u00fcber das gesamte Frequenzspektrum und macht sie vielseitig einsetzbar f\u00fcr verschiedene Test- und Messszenarien. Die Konstruktion der Antenne unterst\u00fctzt den zuverl\u00e4ssigen Empfang und die \u00dcbertragung von Signalen innerhalb ihrer Betriebsgrenzen. Ihr Frequenzbereich deckt sowohl das VHF- als auch das UHF-Band ab, was die Kompatibilit\u00e4t mit verschiedenen Kommunikations- und Messsystemen erm\u00f6glicht. Die TBMA7 ist f\u00fcr den Einsatz in Umgebungen vorgesehen, in denen ein genauer Frequenzgang und eine stabile Konnektivit\u00e4t erforderlich sind.<\/p>","protected":false},"excerpt":{"rendered":"<p>150 MHz - 3000 MHz Logarithmische Messantenne<\/p>","protected":false},"featured_media":7406,"comment_status":"closed","ping_status":"closed","template":"","meta":{"_acf_changed":false,"slim_seo":{"title":"TBMA7 - YOTAVIS AG","description":"150 MHz - 3000 MHz Logarithmische Messantenne"}},"product_brand":[645],"product_cat":[526,527],"product_tag":[],"class_list":{"0":"post-6710","1":"product","2":"type-product","3":"status-publish","4":"has-post-thumbnail","6":"product_brand-tekbox","7":"product_cat-accessories","8":"product_cat-antenna-en","9":"pa_connector-type-n","11":"first","12":"instock","13":"taxable","14":"shipping-taxable","15":"purchasable","16":"product-type-simple"},"acf":[],"_links":{"self":[{"href":"https:\/\/yotavis.ch\/de\/wp-json\/wp\/v2\/product\/6710","targetHints":{"allow":["GET"]}}],"collection":[{"href":"https:\/\/yotavis.ch\/de\/wp-json\/wp\/v2\/product"}],"about":[{"href":"https:\/\/yotavis.ch\/de\/wp-json\/wp\/v2\/types\/product"}],"replies":[{"embeddable":true,"href":"https:\/\/yotavis.ch\/de\/wp-json\/wp\/v2\/comments?post=6710"}],"wp:featuredmedia":[{"embeddable":true,"href":"https:\/\/yotavis.ch\/de\/wp-json\/wp\/v2\/media\/7406"}],"wp:attachment":[{"href":"https:\/\/yotavis.ch\/de\/wp-json\/wp\/v2\/media?parent=6710"}],"wp:term":[{"taxonomy":"product_brand","embeddable":true,"href":"https:\/\/yotavis.ch\/de\/wp-json\/wp\/v2\/product_brand?post=6710"},{"taxonomy":"product_cat","embeddable":true,"href":"https:\/\/yotavis.ch\/de\/wp-json\/wp\/v2\/product_cat?post=6710"},{"taxonomy":"product_tag","embeddable":true,"href":"https:\/\/yotavis.ch\/de\/wp-json\/wp\/v2\/product_tag?post=6710"}],"curies":[{"name":"wp","href":"https:\/\/api.w.org\/{rel}","templated":true}]}}