{"id":6711,"date":"2025-10-09T00:00:00","date_gmt":"2025-10-08T22:00:00","guid":{"rendered":"https:\/\/yotavis.ch\/product\/tbcdn-m5\/"},"modified":"2026-04-24T13:35:03","modified_gmt":"2026-04-24T11:35:03","slug":"tbcdn-m5","status":"publish","type":"product","link":"https:\/\/yotavis.ch\/de\/produkt\/tbcdn-m5\/","title":{"rendered":"TBCDN-M5"},"content":{"rendered":"<p>Das TBCDN-M5 ist ein Coupling Decoupling Network M5 von Tekbox. Dieses Produkt wurde entwickelt, um bestimmte elektrische Netzwerkfunktionen zu erm\u00f6glichen. Es wird durch die Modellnummer TBCDN-M5 identifiziert und tr\u00e4gt den Markennamen Tekbox. Das Ger\u00e4t ist f\u00fcr den Einsatz in Anwendungen vorgesehen, die Kopplungs- und Entkopplungsfunktionen erfordern. F\u00fcr dieses Modell werden keine zus\u00e4tzlichen Spezifikationen wie Leistung, Spannung, Strom, Frequenz oder andere technische Parameter angegeben. Das Produkt weist keine Merkmale wie Fernsteuerung, Kan\u00e4le, Bandbreite oder Speichertiefe auf. Es handelt sich um ein Bauteil, das in den Rahmen des Produktangebots von Tekbox passt und sich auf Netzwerkkopplungs- und Entkopplungsaufgaben konzentriert.<\/p>","protected":false},"excerpt":{"rendered":"<p>Kopplung Entkopplung Netzwerk M5<\/p>","protected":false},"featured_media":7411,"comment_status":"closed","ping_status":"closed","template":"","meta":{"_acf_changed":false,"slim_seo":{"title":"TBCDN-M5 - YOTAVIS AG","description":"Kopplung Entkopplung Netzwerk M5"}},"product_brand":[645],"product_cat":[526,649],"product_tag":[],"class_list":{"0":"post-6711","1":"product","2":"type-product","3":"status-publish","4":"has-post-thumbnail","6":"product_brand-tekbox","7":"product_cat-accessories","8":"product_cat-emc-test-equipment-accessories","10":"first","11":"instock","12":"taxable","13":"shipping-taxable","14":"purchasable","15":"product-type-simple"},"acf":[],"_links":{"self":[{"href":"https:\/\/yotavis.ch\/de\/wp-json\/wp\/v2\/product\/6711","targetHints":{"allow":["GET"]}}],"collection":[{"href":"https:\/\/yotavis.ch\/de\/wp-json\/wp\/v2\/product"}],"about":[{"href":"https:\/\/yotavis.ch\/de\/wp-json\/wp\/v2\/types\/product"}],"replies":[{"embeddable":true,"href":"https:\/\/yotavis.ch\/de\/wp-json\/wp\/v2\/comments?post=6711"}],"wp:featuredmedia":[{"embeddable":true,"href":"https:\/\/yotavis.ch\/de\/wp-json\/wp\/v2\/media\/7411"}],"wp:attachment":[{"href":"https:\/\/yotavis.ch\/de\/wp-json\/wp\/v2\/media?parent=6711"}],"wp:term":[{"taxonomy":"product_brand","embeddable":true,"href":"https:\/\/yotavis.ch\/de\/wp-json\/wp\/v2\/product_brand?post=6711"},{"taxonomy":"product_cat","embeddable":true,"href":"https:\/\/yotavis.ch\/de\/wp-json\/wp\/v2\/product_cat?post=6711"},{"taxonomy":"product_tag","embeddable":true,"href":"https:\/\/yotavis.ch\/de\/wp-json\/wp\/v2\/product_tag?post=6711"}],"curies":[{"name":"wp","href":"https:\/\/api.w.org\/{rel}","templated":true}]}}