{"id":6712,"date":"2025-10-09T00:00:00","date_gmt":"2025-10-08T22:00:00","guid":{"rendered":"https:\/\/yotavis.ch\/product\/tbl50100-1\/"},"modified":"2026-04-24T13:35:03","modified_gmt":"2026-04-24T11:35:03","slug":"tbl50100-1","status":"publish","type":"product","link":"https:\/\/yotavis.ch\/de\/produkt\/tbl50100-1\/","title":{"rendered":"TBL50100-1"},"content":{"rendered":"<p>Das TBL50100-1 von Tekbox ist ein Netzimpedanz-Stabilisierungsnetzwerk (LISN) mit einer Induktivit\u00e4t von 50 Mikrohenrien und einem Nennstrom von 100 Ampere. Dieses Ger\u00e4t wurde entwickelt, um eine stabile Impedanz f\u00fcr Stromleitungsmessungen zu gew\u00e4hrleisten und somit konsistente und zuverl\u00e4ssige Testbedingungen sicherzustellen. Es eignet sich f\u00fcr den Einsatz in Pr\u00fcfumgebungen f\u00fcr elektromagnetische Vertr\u00e4glichkeit (EMV), wo eine pr\u00e4zise Impedanzstabilisierung erforderlich ist. Der LISN hilft bei der Isolierung der zu pr\u00fcfenden Ger\u00e4te von Netzst\u00f6rungen und Interferenzen und erleichtert so die genaue Messung von leitungsgebundenen Emissionen. Seine robuste Strombelastbarkeit von 100 A macht ihn f\u00fcr Hochstromanwendungen geeignet. Der Induktivit\u00e4tswert von 50uH ist eine Standardspezifikation f\u00fcr LISNs, die in verschiedenen Testszenarien eingesetzt werden. Das von Tekbox hergestellte TBL50100-1 ist ein spezielles Bauteil f\u00fcr den professionellen Einsatz in der Konformit\u00e4tspr\u00fcfung und verwandten Bereichen.<\/p>","protected":false},"excerpt":{"rendered":"<p>50uH 100A Leitungsimpedanz-Stabilisierungsnetzwerk LISN<\/p>","protected":false},"featured_media":7417,"comment_status":"closed","ping_status":"closed","template":"","meta":{"_acf_changed":false,"slim_seo":{"title":"TBL50100-1 - YOTAVIS AG","description":"50uH 100A Leitungsimpedanz-Stabilisierungsnetzwerk LISN"}},"product_brand":[645],"product_cat":[526,649],"product_tag":[],"class_list":{"0":"post-6712","1":"product","2":"type-product","3":"status-publish","4":"has-post-thumbnail","6":"product_brand-tekbox","7":"product_cat-accessories","8":"product_cat-emc-test-equipment-accessories","10":"first","11":"instock","12":"taxable","13":"shipping-taxable","14":"purchasable","15":"product-type-simple"},"acf":[],"_links":{"self":[{"href":"https:\/\/yotavis.ch\/de\/wp-json\/wp\/v2\/product\/6712","targetHints":{"allow":["GET"]}}],"collection":[{"href":"https:\/\/yotavis.ch\/de\/wp-json\/wp\/v2\/product"}],"about":[{"href":"https:\/\/yotavis.ch\/de\/wp-json\/wp\/v2\/types\/product"}],"replies":[{"embeddable":true,"href":"https:\/\/yotavis.ch\/de\/wp-json\/wp\/v2\/comments?post=6712"}],"wp:featuredmedia":[{"embeddable":true,"href":"https:\/\/yotavis.ch\/de\/wp-json\/wp\/v2\/media\/7417"}],"wp:attachment":[{"href":"https:\/\/yotavis.ch\/de\/wp-json\/wp\/v2\/media?parent=6712"}],"wp:term":[{"taxonomy":"product_brand","embeddable":true,"href":"https:\/\/yotavis.ch\/de\/wp-json\/wp\/v2\/product_brand?post=6712"},{"taxonomy":"product_cat","embeddable":true,"href":"https:\/\/yotavis.ch\/de\/wp-json\/wp\/v2\/product_cat?post=6712"},{"taxonomy":"product_tag","embeddable":true,"href":"https:\/\/yotavis.ch\/de\/wp-json\/wp\/v2\/product_tag?post=6712"}],"curies":[{"name":"wp","href":"https:\/\/api.w.org\/{rel}","templated":true}]}}