{"id":6717,"date":"2025-10-09T00:00:00","date_gmt":"2025-10-08T22:00:00","guid":{"rendered":"https:\/\/yotavis.ch\/product\/tbcg3-cn\/"},"modified":"2026-04-24T13:35:05","modified_gmt":"2026-04-24T11:35:05","slug":"tbcg3-cn","status":"publish","type":"product","link":"https:\/\/yotavis.ch\/de\/produkt\/tbcg3-cn\/","title":{"rendered":"TBCG3-CN"},"content":{"rendered":"<p>Der Tekbox TBCG3-CN ist ein Kammgenerator, der f\u00fcr verschiedene Anwendungen entwickelt wurde. Er wird mit dem Produktcode TBCG3-CN bezeichnet und von Tekbox hergestellt. Dieses Ger\u00e4t ist speziell als Kammgenerator kategorisiert, der zur Erzeugung einer Reihe von diskreten, gleichm\u00e4\u00dfig verteilten Frequenzlinien verwendet wird. Die Produktbeschreibung enth\u00e4lt keine spezifischen technischen Spezifikationen wie Leistung, Spannung, Strom, Ausgangszahl oder Frequenzbereich. Dar\u00fcber hinaus werden keine Einzelheiten zu Fernsteuerungsm\u00f6glichkeiten, Kan\u00e4len, Bandbreite, Abtastrate, Speichertiefe, vertikaler Aufl\u00f6sung, digitalen Kan\u00e4len, Touchscreen-Funktionen, Amplitude, Wobbelung, Burst, \u00dcbergangszeit, Impulsbreite, Phasenrauschen, IQ-Bandbreite, Ziffern, maximalen Spannungs- und Stromwerten, Widerstand, echtem Effektivwert, Abtastgeschwindigkeit, Grundgenauigkeit, Anschl\u00fcssen, Handheld-Design, Analysebandbreite, DANL, RTSA, Protokoll, Schnittstelle, HF-Sensoren, Anschl\u00fcssen, Wellenl\u00e4ngenbereich, Geschwindigkeit, Maximalpegel, IOLM, Dynamikbereich oder Modularit\u00e4t angegeben. Die verf\u00fcgbaren Informationen konzentrieren sich ausschlie\u00dflich auf den Produktnamen, die Marke und den Typ, ohne weitere Angaben zu den technischen Eigenschaften oder Funktionen.<\/p>","protected":false},"excerpt":{"rendered":"<p>Kamm-Generator<\/p>","protected":false},"featured_media":7438,"comment_status":"closed","ping_status":"closed","template":"","meta":{"_acf_changed":false,"slim_seo":{"title":"TBCG3-CN - YOTAVIS AG","description":"Kamm-Generator"}},"product_brand":[645],"product_cat":[526,649],"product_tag":[],"class_list":{"0":"post-6717","1":"product","2":"type-product","3":"status-publish","4":"has-post-thumbnail","6":"product_brand-tekbox","7":"product_cat-accessories","8":"product_cat-emc-test-equipment-accessories","10":"first","11":"instock","12":"taxable","13":"shipping-taxable","14":"purchasable","15":"product-type-simple"},"acf":[],"_links":{"self":[{"href":"https:\/\/yotavis.ch\/de\/wp-json\/wp\/v2\/product\/6717","targetHints":{"allow":["GET"]}}],"collection":[{"href":"https:\/\/yotavis.ch\/de\/wp-json\/wp\/v2\/product"}],"about":[{"href":"https:\/\/yotavis.ch\/de\/wp-json\/wp\/v2\/types\/product"}],"replies":[{"embeddable":true,"href":"https:\/\/yotavis.ch\/de\/wp-json\/wp\/v2\/comments?post=6717"}],"wp:featuredmedia":[{"embeddable":true,"href":"https:\/\/yotavis.ch\/de\/wp-json\/wp\/v2\/media\/7438"}],"wp:attachment":[{"href":"https:\/\/yotavis.ch\/de\/wp-json\/wp\/v2\/media?parent=6717"}],"wp:term":[{"taxonomy":"product_brand","embeddable":true,"href":"https:\/\/yotavis.ch\/de\/wp-json\/wp\/v2\/product_brand?post=6717"},{"taxonomy":"product_cat","embeddable":true,"href":"https:\/\/yotavis.ch\/de\/wp-json\/wp\/v2\/product_cat?post=6717"},{"taxonomy":"product_tag","embeddable":true,"href":"https:\/\/yotavis.ch\/de\/wp-json\/wp\/v2\/product_tag?post=6717"}],"curies":[{"name":"wp","href":"https:\/\/api.w.org\/{rel}","templated":true}]}}