{"id":6723,"date":"2025-10-09T00:00:00","date_gmt":"2025-10-08T22:00:00","guid":{"rendered":"https:\/\/yotavis.ch\/product\/tbl5016-2c\/"},"modified":"2026-04-24T13:35:12","modified_gmt":"2026-04-24T11:35:12","slug":"tbl5016-2c","status":"publish","type":"product","link":"https:\/\/yotavis.ch\/de\/produkt\/tbl5016-2c\/","title":{"rendered":"TBL5016-2C"},"content":{"rendered":"<p>Das Tekbox TBL5016-2C ist ein Netz zur Stabilisierung der Leitungsimpedanz (LISN) mit einer Induktivit\u00e4t von 50 Mikrohenries und einem Nennstrom von 16 Ampere. Dieses Ger\u00e4t wurde entwickelt, um eine stabile Impedanz f\u00fcr die Pr\u00fcfung leitungsgebundener Emissionen von Stromleitungen zu gew\u00e4hrleisten. Es sorgt f\u00fcr konsistente Messbedingungen, indem es die Leitungsimpedanz w\u00e4hrend der Pr\u00fcfung der elektromagnetischen Vertr\u00e4glichkeit (EMV) stabilisiert. Der LISN ist unerl\u00e4sslich, um die zu pr\u00fcfenden Ger\u00e4te von externen St\u00f6rungen auf der Stromleitung zu isolieren, was eine genaue Bewertung der leitungsgebundenen Emissionen erm\u00f6glicht. Dank seiner robusten Strombelastbarkeit von 16 A eignet er sich f\u00fcr eine Vielzahl von Pr\u00fcfszenarien mit h\u00f6heren Strombelastungen. Das TBL5016-2C wird von Tekbox hergestellt, einer Marke, die f\u00fcr die Herstellung spezialisierter EMV-Pr\u00fcfger\u00e4te bekannt ist. Dieses Modell ist speziell auf die Anforderungen der Netzimpedanzstabilisierung in \u00dcbereinstimmung mit den einschl\u00e4gigen Pr\u00fcfnormen zugeschnitten.<\/p>","protected":false},"excerpt":{"rendered":"<p>50uH 16A Leitungsimpedanz-Stabilisierungsnetzwerk LISN<\/p>","protected":false},"featured_media":7464,"comment_status":"closed","ping_status":"closed","template":"","meta":{"_acf_changed":false,"slim_seo":{"title":"TBL5016-2C - YOTAVIS AG","description":"50uH 16A Leitungsimpedanz-Stabilisierungsnetzwerk LISN"}},"product_brand":[645],"product_cat":[526,649],"product_tag":[],"class_list":{"0":"post-6723","1":"product","2":"type-product","3":"status-publish","4":"has-post-thumbnail","6":"product_brand-tekbox","7":"product_cat-accessories","8":"product_cat-emc-test-equipment-accessories","10":"first","11":"instock","12":"taxable","13":"shipping-taxable","14":"purchasable","15":"product-type-simple"},"acf":[],"_links":{"self":[{"href":"https:\/\/yotavis.ch\/de\/wp-json\/wp\/v2\/product\/6723","targetHints":{"allow":["GET"]}}],"collection":[{"href":"https:\/\/yotavis.ch\/de\/wp-json\/wp\/v2\/product"}],"about":[{"href":"https:\/\/yotavis.ch\/de\/wp-json\/wp\/v2\/types\/product"}],"replies":[{"embeddable":true,"href":"https:\/\/yotavis.ch\/de\/wp-json\/wp\/v2\/comments?post=6723"}],"wp:featuredmedia":[{"embeddable":true,"href":"https:\/\/yotavis.ch\/de\/wp-json\/wp\/v2\/media\/7464"}],"wp:attachment":[{"href":"https:\/\/yotavis.ch\/de\/wp-json\/wp\/v2\/media?parent=6723"}],"wp:term":[{"taxonomy":"product_brand","embeddable":true,"href":"https:\/\/yotavis.ch\/de\/wp-json\/wp\/v2\/product_brand?post=6723"},{"taxonomy":"product_cat","embeddable":true,"href":"https:\/\/yotavis.ch\/de\/wp-json\/wp\/v2\/product_cat?post=6723"},{"taxonomy":"product_tag","embeddable":true,"href":"https:\/\/yotavis.ch\/de\/wp-json\/wp\/v2\/product_tag?post=6723"}],"curies":[{"name":"wp","href":"https:\/\/api.w.org\/{rel}","templated":true}]}}