{"id":6724,"date":"2025-10-09T00:00:00","date_gmt":"2025-10-08T22:00:00","guid":{"rendered":"https:\/\/yotavis.ch\/product\/tbtc3\/"},"modified":"2026-04-24T13:35:12","modified_gmt":"2026-04-24T11:35:12","slug":"tbtc3","status":"publish","type":"product","link":"https:\/\/yotavis.ch\/de\/produkt\/tbtc3\/","title":{"rendered":"TBTC3"},"content":{"rendered":"<p>Die TBTC3 ist eine TEM-Zelle mit einer Gr\u00f6\u00dfe von 150 mm, hergestellt von Tekbox. Dieses Produkt wurde f\u00fcr Anwendungen entwickelt, die eine TEM-Zelle mit dieser spezifischen Gr\u00f6\u00dfe erfordern. Die Beschreibung konzentriert sich auf die physikalische Eigenschaft der Zelle, wobei die Gr\u00f6\u00dfe als Hauptmerkmal angegeben wird. Es werden keine zus\u00e4tzlichen elektrischen oder technischen Spezifikationen wie Leistung, Spannung, Strom, Frequenz oder Bandbreite angegeben. Das Produkt enth\u00e4lt keine Angaben zu Ausgangsnummern, Fernsteuerungsm\u00f6glichkeiten oder digitalen Kan\u00e4len. Es gibt keine Informationen \u00fcber Abtastraten, Speichertiefe, vertikale Aufl\u00f6sung oder Touchscreen-Funktionen. Das TBTC3 enth\u00e4lt keine Angaben zu Amplitude, Sweep, Burst oder Phasenrauschen. Andere Parameter wie Impulsbreite, \u00dcbergangszeit oder IQ-Bandbreite werden nicht erw\u00e4hnt. Das Produkt enth\u00e4lt auch keine Angaben zu Anschl\u00fcssen, Schnittstellen oder Sensortypen. Insgesamt wird das TBTC3 vor allem durch seine Gr\u00f6\u00dfe und Marke identifiziert, ohne weitere technische Spezifikationen.<\/p>","protected":false},"excerpt":{"rendered":"<p>TEM-Zelle 150 mm<\/p>","protected":false},"featured_media":7471,"comment_status":"closed","ping_status":"closed","template":"","meta":{"_acf_changed":false,"slim_seo":{"title":"TBTC3 - YOTAVIS AG","description":"TEM-Zelle 150 mm"}},"product_brand":[645],"product_cat":[526,649],"product_tag":[],"class_list":{"0":"post-6724","1":"product","2":"type-product","3":"status-publish","4":"has-post-thumbnail","6":"product_brand-tekbox","7":"product_cat-accessories","8":"product_cat-emc-test-equipment-accessories","10":"first","11":"instock","12":"taxable","13":"shipping-taxable","14":"purchasable","15":"product-type-simple"},"acf":[],"_links":{"self":[{"href":"https:\/\/yotavis.ch\/de\/wp-json\/wp\/v2\/product\/6724","targetHints":{"allow":["GET"]}}],"collection":[{"href":"https:\/\/yotavis.ch\/de\/wp-json\/wp\/v2\/product"}],"about":[{"href":"https:\/\/yotavis.ch\/de\/wp-json\/wp\/v2\/types\/product"}],"replies":[{"embeddable":true,"href":"https:\/\/yotavis.ch\/de\/wp-json\/wp\/v2\/comments?post=6724"}],"wp:featuredmedia":[{"embeddable":true,"href":"https:\/\/yotavis.ch\/de\/wp-json\/wp\/v2\/media\/7471"}],"wp:attachment":[{"href":"https:\/\/yotavis.ch\/de\/wp-json\/wp\/v2\/media?parent=6724"}],"wp:term":[{"taxonomy":"product_brand","embeddable":true,"href":"https:\/\/yotavis.ch\/de\/wp-json\/wp\/v2\/product_brand?post=6724"},{"taxonomy":"product_cat","embeddable":true,"href":"https:\/\/yotavis.ch\/de\/wp-json\/wp\/v2\/product_cat?post=6724"},{"taxonomy":"product_tag","embeddable":true,"href":"https:\/\/yotavis.ch\/de\/wp-json\/wp\/v2\/product_tag?post=6724"}],"curies":[{"name":"wp","href":"https:\/\/api.w.org\/{rel}","templated":true}]}}