{"id":6728,"date":"2025-10-09T00:00:00","date_gmt":"2025-10-08T22:00:00","guid":{"rendered":"https:\/\/yotavis.ch\/product\/tbccp1-2k70\/"},"modified":"2026-04-24T13:35:14","modified_gmt":"2026-04-24T11:35:14","slug":"tbccp1-2k70","status":"publish","type":"product","link":"https:\/\/yotavis.ch\/de\/produkt\/tbccp1-2k70\/","title":{"rendered":"TBCCP1-2K70"},"content":{"rendered":"<p>Der TBCCP1-2K70 ist ein koaxialer HF-Strommessf\u00fchler von Tekbox. Sie verf\u00fcgt \u00fcber eine Typ-N-Schnittstelle, die \u00fcblicherweise f\u00fcr HF-Anwendungen verwendet wird. Diese Sonde dient zur \u00dcberwachung des HF-Stroms in Koaxialkabeln und bietet eine zuverl\u00e4ssige Verbindung \u00fcber ihren Typ-N-Stecker. Das Produkt tr\u00e4gt die Modellnummer TBCCP1-2K70 und ist Teil des Angebots an HF-Messger\u00e4ten von Tekbox. Zwar werden keine spezifischen elektrischen Spezifikationen wie Leistung, Spannung, Strom, Frequenz und Bandbreite angegeben, aber die Einbeziehung der Typ-N-Schnittstelle deutet auf die Kompatibilit\u00e4t mit Standard-HF-Systemen hin. Diese Sonde eignet sich f\u00fcr Anwendungen, die eine pr\u00e4zise Strom\u00fcberwachung in HF-Umgebungen erfordern, und nutzt den robusten und weithin akzeptierten Typ-N-Anschlussstandard.<\/p>","protected":false},"excerpt":{"rendered":"<p>Koaxiale RF-Strom\u00fcberwachungssonde<\/p>","protected":false},"featured_media":7489,"comment_status":"closed","ping_status":"closed","template":"","meta":{"_acf_changed":false,"slim_seo":{"title":"TBCCP1-2K70 - YOTAVIS AG","description":"Koaxiale RF-Strom\u00fcberwachungssonde"}},"product_brand":[645],"product_cat":[543,509],"product_tag":[],"class_list":{"0":"post-6728","1":"product","2":"type-product","3":"status-publish","4":"has-post-thumbnail","6":"product_brand-tekbox","7":"product_cat-emc-test-equipment-en","8":"product_cat-probes-en","9":"pa_interface-type-n","11":"first","12":"instock","13":"taxable","14":"shipping-taxable","15":"purchasable","16":"product-type-simple"},"acf":[],"_links":{"self":[{"href":"https:\/\/yotavis.ch\/de\/wp-json\/wp\/v2\/product\/6728","targetHints":{"allow":["GET"]}}],"collection":[{"href":"https:\/\/yotavis.ch\/de\/wp-json\/wp\/v2\/product"}],"about":[{"href":"https:\/\/yotavis.ch\/de\/wp-json\/wp\/v2\/types\/product"}],"replies":[{"embeddable":true,"href":"https:\/\/yotavis.ch\/de\/wp-json\/wp\/v2\/comments?post=6728"}],"wp:featuredmedia":[{"embeddable":true,"href":"https:\/\/yotavis.ch\/de\/wp-json\/wp\/v2\/media\/7489"}],"wp:attachment":[{"href":"https:\/\/yotavis.ch\/de\/wp-json\/wp\/v2\/media?parent=6728"}],"wp:term":[{"taxonomy":"product_brand","embeddable":true,"href":"https:\/\/yotavis.ch\/de\/wp-json\/wp\/v2\/product_brand?post=6728"},{"taxonomy":"product_cat","embeddable":true,"href":"https:\/\/yotavis.ch\/de\/wp-json\/wp\/v2\/product_cat?post=6728"},{"taxonomy":"product_tag","embeddable":true,"href":"https:\/\/yotavis.ch\/de\/wp-json\/wp\/v2\/product_tag?post=6728"}],"curies":[{"name":"wp","href":"https:\/\/api.w.org\/{rel}","templated":true}]}}