{"id":6733,"date":"2025-10-09T00:00:00","date_gmt":"2025-10-08T22:00:00","guid":{"rendered":"https:\/\/yotavis.ch\/product\/tbbci1-cal\/"},"modified":"2026-04-24T13:35:16","modified_gmt":"2026-04-24T11:35:16","slug":"tbbci1-cal","status":"publish","type":"product","link":"https:\/\/yotavis.ch\/de\/produkt\/tbbci1-cal\/","title":{"rendered":"TBBCI1-CAL"},"content":{"rendered":"<p>Der TBBCI1-CAL ist ein von Tekbox hergestellter Kalibrator, der f\u00fcr pr\u00e4zise Kalibrieraufgaben entwickelt wurde. Dieses Ger\u00e4t hat den Produktcode TBBCI1-CAL und ist f\u00fcr verschiedene Kalibrierungsanforderungen vorgesehen. Als Produkt von Tekbox geh\u00f6rt es zum Angebot an technischen Instrumenten der Marke. Der Kalibrator enth\u00e4lt weder spezifische Leistungs-, Spannungs- oder Stromwerte noch Angaben zu Ausgangszahlen oder Fernsteuerungsm\u00f6glichkeiten. Angaben zu Frequenz, Amplitude, Bandbreite und Abtastrate werden nicht gemacht, so dass sich die Beschreibung ausschlie\u00dflich auf seine Funktion als Kalibrator konzentriert. Das Ger\u00e4t enth\u00e4lt keine Informationen \u00fcber Speichertiefe, vertikale Aufl\u00f6sung, digitale Kan\u00e4le oder Touchscreen-Funktionen. Es handelt sich um ein spezielles Werkzeug f\u00fcr Kalibrierungszwecke ohne zus\u00e4tzliche Funktionen wie Burst-, Sweep- oder Phasenrausch-Spezifikationen. Das Fehlen detaillierter elektrischer oder Schnittstellenspezifikationen deutet darauf hin, dass es sich um ein einfaches Kalibrierger\u00e4t handelt. Dieses Produkt eignet sich f\u00fcr Benutzer, die einen Tekbox-Kalibrator ben\u00f6tigen, ohne auf die in der Beschreibung enthaltenen umfangreichen technischen Parameter angewiesen zu sein.<\/p>","protected":false},"excerpt":{"rendered":"<p>Kalibrator<\/p>","protected":false},"featured_media":7387,"comment_status":"closed","ping_status":"closed","template":"","meta":{"_acf_changed":false,"slim_seo":{"title":"TBBCI1-CAL - YOTAVIS AG","description":"Kalibrator"}},"product_brand":[645],"product_cat":[526,649],"product_tag":[],"class_list":{"0":"post-6733","1":"product","2":"type-product","3":"status-publish","4":"has-post-thumbnail","6":"product_brand-tekbox","7":"product_cat-accessories","8":"product_cat-emc-test-equipment-accessories","10":"first","11":"instock","12":"taxable","13":"shipping-taxable","14":"purchasable","15":"product-type-simple"},"acf":[],"_links":{"self":[{"href":"https:\/\/yotavis.ch\/de\/wp-json\/wp\/v2\/product\/6733","targetHints":{"allow":["GET"]}}],"collection":[{"href":"https:\/\/yotavis.ch\/de\/wp-json\/wp\/v2\/product"}],"about":[{"href":"https:\/\/yotavis.ch\/de\/wp-json\/wp\/v2\/types\/product"}],"replies":[{"embeddable":true,"href":"https:\/\/yotavis.ch\/de\/wp-json\/wp\/v2\/comments?post=6733"}],"wp:featuredmedia":[{"embeddable":true,"href":"https:\/\/yotavis.ch\/de\/wp-json\/wp\/v2\/media\/7387"}],"wp:attachment":[{"href":"https:\/\/yotavis.ch\/de\/wp-json\/wp\/v2\/media?parent=6733"}],"wp:term":[{"taxonomy":"product_brand","embeddable":true,"href":"https:\/\/yotavis.ch\/de\/wp-json\/wp\/v2\/product_brand?post=6733"},{"taxonomy":"product_cat","embeddable":true,"href":"https:\/\/yotavis.ch\/de\/wp-json\/wp\/v2\/product_cat?post=6733"},{"taxonomy":"product_tag","embeddable":true,"href":"https:\/\/yotavis.ch\/de\/wp-json\/wp\/v2\/product_tag?post=6733"}],"curies":[{"name":"wp","href":"https:\/\/api.w.org\/{rel}","templated":true}]}}