{"id":6735,"date":"2025-10-09T00:00:00","date_gmt":"2025-10-08T22:00:00","guid":{"rendered":"https:\/\/yotavis.ch\/product\/tbl0110-2\/"},"modified":"2026-04-24T13:35:16","modified_gmt":"2026-04-24T11:35:16","slug":"tbl0110-2","status":"publish","type":"product","link":"https:\/\/yotavis.ch\/de\/produkt\/tbl0110-2\/","title":{"rendered":"TBL0110-2"},"content":{"rendered":"<p>Das Tekbox TBL0110-2 ist ein Leitungsimpedanz-Stabilisierungsnetzwerk (LISN) mit einer Induktivit\u00e4t von 1\u00b5H und einem Nennstrom von 10 A. Dieses Ger\u00e4t wurde entwickelt, um eine stabile Impedanz f\u00fcr leitungsgebundene Emissionspr\u00fcfungen zu bieten und konsistente und wiederholbare Messungen zu gew\u00e4hrleisten. Der LISN hilft bei der Isolierung der Stromversorgung von dem zu pr\u00fcfenden Ger\u00e4t und erm\u00f6glicht so eine genaue Rauschmessung auf Stromleitungen. Sein Induktivit\u00e4tswert von 1\u00b5H eignet sich f\u00fcr eine Reihe von Pr\u00fcfszenarien, bei denen eine pr\u00e4zise Impedanzkontrolle erforderlich ist. Die Strombelastbarkeit von 10 A zeigt an, dass das Ger\u00e4t in der Lage ist, moderate Stromst\u00e4rken w\u00e4hrend der Testverfahren zu verarbeiten. Der TBL0110-2 wird von Tekbox hergestellt, einer Marke, die f\u00fcr die Herstellung von elektronischen Testger\u00e4ten bekannt ist. Dieser LISN wird typischerweise in Konformit\u00e4tspr\u00fcfungsumgebungen eingesetzt, um die gesetzlichen Normen f\u00fcr elektromagnetische Vertr\u00e4glichkeit zu erf\u00fcllen.<\/p>","protected":false},"excerpt":{"rendered":"<p>1\u00b5H 10 A Leitungsimpedanz-Stabilisierungsnetzwerk LISN<\/p>","protected":false},"featured_media":7510,"comment_status":"closed","ping_status":"closed","template":"","meta":{"_acf_changed":false,"slim_seo":{"title":"TBL0110-2 - YOTAVIS AG","description":"1\u00b5H 10 A Leitungsimpedanz-Stabilisierungsnetzwerk LISN"}},"product_brand":[645],"product_cat":[526,649],"product_tag":[],"class_list":{"0":"post-6735","1":"product","2":"type-product","3":"status-publish","4":"has-post-thumbnail","6":"product_brand-tekbox","7":"product_cat-accessories","8":"product_cat-emc-test-equipment-accessories","10":"first","11":"instock","12":"taxable","13":"shipping-taxable","14":"purchasable","15":"product-type-simple"},"acf":[],"_links":{"self":[{"href":"https:\/\/yotavis.ch\/de\/wp-json\/wp\/v2\/product\/6735","targetHints":{"allow":["GET"]}}],"collection":[{"href":"https:\/\/yotavis.ch\/de\/wp-json\/wp\/v2\/product"}],"about":[{"href":"https:\/\/yotavis.ch\/de\/wp-json\/wp\/v2\/types\/product"}],"replies":[{"embeddable":true,"href":"https:\/\/yotavis.ch\/de\/wp-json\/wp\/v2\/comments?post=6735"}],"wp:featuredmedia":[{"embeddable":true,"href":"https:\/\/yotavis.ch\/de\/wp-json\/wp\/v2\/media\/7510"}],"wp:attachment":[{"href":"https:\/\/yotavis.ch\/de\/wp-json\/wp\/v2\/media?parent=6735"}],"wp:term":[{"taxonomy":"product_brand","embeddable":true,"href":"https:\/\/yotavis.ch\/de\/wp-json\/wp\/v2\/product_brand?post=6735"},{"taxonomy":"product_cat","embeddable":true,"href":"https:\/\/yotavis.ch\/de\/wp-json\/wp\/v2\/product_cat?post=6735"},{"taxonomy":"product_tag","embeddable":true,"href":"https:\/\/yotavis.ch\/de\/wp-json\/wp\/v2\/product_tag?post=6735"}],"curies":[{"name":"wp","href":"https:\/\/api.w.org\/{rel}","templated":true}]}}