{"id":6737,"date":"2025-10-09T00:00:00","date_gmt":"2025-10-08T22:00:00","guid":{"rendered":"https:\/\/yotavis.ch\/product\/tbccp1-400k600\/"},"modified":"2026-04-24T13:35:17","modified_gmt":"2026-04-24T11:35:17","slug":"tbccp1-400k600","status":"publish","type":"product","link":"https:\/\/yotavis.ch\/de\/produkt\/tbccp1-400k600\/","title":{"rendered":"TBCCP1-400K600"},"content":{"rendered":"<p>Der TBCCP1-400K600 ist ein koaxialer HF-Strommessf\u00fchler von Tekbox. Sie verf\u00fcgt \u00fcber eine Typ-N-Schnittstelle, die in der Regel f\u00fcr HF-Anwendungen verwendet wird, um zuverl\u00e4ssige und konsistente Verbindungen zu gew\u00e4hrleisten. Diese Sonde wurde speziell f\u00fcr die \u00dcberwachung von HF-Str\u00f6men entwickelt und eignet sich daher f\u00fcr verschiedene Pr\u00fcf- und Messszenarien mit Hochfrequenzsignalen. Das koaxiale Design hilft bei der Minimierung von Interferenzen und der Aufrechterhaltung der Signalintegrit\u00e4t w\u00e4hrend der Messungen. Das Produkt gibt keine spezifischen Leistungs-, Spannungs-, Strom- oder Frequenzwerte an und konzentriert sich stattdessen auf seine Funktion als \u00dcberwachungssonde. Seine Konstruktion und sein Schnittstellentyp lassen auf Kompatibilit\u00e4t mit Standard-HF-Ger\u00e4ten und Testaufbauten schlie\u00dfen. Der TBCCP1-400K600 ist f\u00fcr den Einsatz in Umgebungen vorgesehen, in denen eine pr\u00e4zise HF-Strom\u00fcberwachung erforderlich ist.<\/p>","protected":false},"excerpt":{"rendered":"<p>Koaxiale RF-Strom\u00fcberwachungssonde<\/p>","protected":false},"featured_media":7520,"comment_status":"closed","ping_status":"closed","template":"","meta":{"_acf_changed":false,"slim_seo":{"title":"TBCCP1-400K600 - YOTAVIS AG","description":"Koaxiale RF-Strom\u00fcberwachungssonde"}},"product_brand":[645],"product_cat":[543,509],"product_tag":[],"class_list":{"0":"post-6737","1":"product","2":"type-product","3":"status-publish","4":"has-post-thumbnail","6":"product_brand-tekbox","7":"product_cat-emc-test-equipment-en","8":"product_cat-probes-en","9":"pa_interface-type-n","11":"first","12":"instock","13":"taxable","14":"shipping-taxable","15":"purchasable","16":"product-type-simple"},"acf":[],"_links":{"self":[{"href":"https:\/\/yotavis.ch\/de\/wp-json\/wp\/v2\/product\/6737","targetHints":{"allow":["GET"]}}],"collection":[{"href":"https:\/\/yotavis.ch\/de\/wp-json\/wp\/v2\/product"}],"about":[{"href":"https:\/\/yotavis.ch\/de\/wp-json\/wp\/v2\/types\/product"}],"replies":[{"embeddable":true,"href":"https:\/\/yotavis.ch\/de\/wp-json\/wp\/v2\/comments?post=6737"}],"wp:featuredmedia":[{"embeddable":true,"href":"https:\/\/yotavis.ch\/de\/wp-json\/wp\/v2\/media\/7520"}],"wp:attachment":[{"href":"https:\/\/yotavis.ch\/de\/wp-json\/wp\/v2\/media?parent=6737"}],"wp:term":[{"taxonomy":"product_brand","embeddable":true,"href":"https:\/\/yotavis.ch\/de\/wp-json\/wp\/v2\/product_brand?post=6737"},{"taxonomy":"product_cat","embeddable":true,"href":"https:\/\/yotavis.ch\/de\/wp-json\/wp\/v2\/product_cat?post=6737"},{"taxonomy":"product_tag","embeddable":true,"href":"https:\/\/yotavis.ch\/de\/wp-json\/wp\/v2\/product_tag?post=6737"}],"curies":[{"name":"wp","href":"https:\/\/api.w.org\/{rel}","templated":true}]}}