{"id":6741,"date":"2025-10-09T00:00:00","date_gmt":"2025-10-08T22:00:00","guid":{"rendered":"https:\/\/yotavis.ch\/product\/tblla-cdp\/"},"modified":"2026-04-24T13:35:21","modified_gmt":"2026-04-24T11:35:21","slug":"tblla-cdp","status":"publish","type":"product","link":"https:\/\/yotavis.ch\/de\/produkt\/tblla-cdp\/","title":{"rendered":"TBLLA-CDP"},"content":{"rendered":"<p>Der TBLLA-CDP ist ein von Tekbox hergestellter Kalibrierungsdipol. Er wurde zur Unterst\u00fctzung von Kalibrierungsprozessen entwickelt, um genaue Messungen und zuverl\u00e4ssige Leistungen zu gew\u00e4hrleisten. Dieses Produkt ist speziell f\u00fcr den Einsatz in Umgebungen konzipiert, in denen eine pr\u00e4zise Kalibrierung unerl\u00e4sslich ist. Der Kalibrierungsdipol dient als Standardreferenz und erleichtert die \u00dcberpr\u00fcfung und Einstellung von Messger\u00e4ten. Seine Konstruktion und sein Design entsprechen den Anforderungen, die f\u00fcr effektive Kalibrierungsaufgaben erforderlich sind. Der TBLLA-CDP ist eine Komponente, die die Aufrechterhaltung der Messgenauigkeit in verschiedenen technischen Anwendungen unterst\u00fctzt.<\/p>","protected":false},"excerpt":{"rendered":"<p>Kalibrierungs-Dipol<\/p>","protected":false},"featured_media":7302,"comment_status":"closed","ping_status":"closed","template":"","meta":{"_acf_changed":false,"slim_seo":{"title":"TBLLA-CDP - YOTAVIS AG","description":"Kalibrierungs-Dipol"}},"product_brand":[645],"product_cat":[526,649],"product_tag":[],"class_list":{"0":"post-6741","1":"product","2":"type-product","3":"status-publish","4":"has-post-thumbnail","6":"product_brand-tekbox","7":"product_cat-accessories","8":"product_cat-emc-test-equipment-accessories","10":"first","11":"instock","12":"taxable","13":"shipping-taxable","14":"purchasable","15":"product-type-simple"},"acf":[],"_links":{"self":[{"href":"https:\/\/yotavis.ch\/de\/wp-json\/wp\/v2\/product\/6741","targetHints":{"allow":["GET"]}}],"collection":[{"href":"https:\/\/yotavis.ch\/de\/wp-json\/wp\/v2\/product"}],"about":[{"href":"https:\/\/yotavis.ch\/de\/wp-json\/wp\/v2\/types\/product"}],"replies":[{"embeddable":true,"href":"https:\/\/yotavis.ch\/de\/wp-json\/wp\/v2\/comments?post=6741"}],"wp:featuredmedia":[{"embeddable":true,"href":"https:\/\/yotavis.ch\/de\/wp-json\/wp\/v2\/media\/7302"}],"wp:attachment":[{"href":"https:\/\/yotavis.ch\/de\/wp-json\/wp\/v2\/media?parent=6741"}],"wp:term":[{"taxonomy":"product_brand","embeddable":true,"href":"https:\/\/yotavis.ch\/de\/wp-json\/wp\/v2\/product_brand?post=6741"},{"taxonomy":"product_cat","embeddable":true,"href":"https:\/\/yotavis.ch\/de\/wp-json\/wp\/v2\/product_cat?post=6741"},{"taxonomy":"product_tag","embeddable":true,"href":"https:\/\/yotavis.ch\/de\/wp-json\/wp\/v2\/product_tag?post=6741"}],"curies":[{"name":"wp","href":"https:\/\/api.w.org\/{rel}","templated":true}]}}