{"id":6743,"date":"2025-10-09T00:00:00","date_gmt":"2025-10-08T22:00:00","guid":{"rendered":"https:\/\/yotavis.ch\/product\/tbtc2\/"},"modified":"2026-04-24T13:35:21","modified_gmt":"2026-04-24T11:35:21","slug":"tbtc2","status":"publish","type":"product","link":"https:\/\/yotavis.ch\/de\/produkt\/tbtc2\/","title":{"rendered":"TBTC2"},"content":{"rendered":"<p>Die TBTC2 ist eine TEM-Zelle mit einer Gr\u00f6\u00dfe von 100 mm, hergestellt von Tekbox. Dieses Produkt ist f\u00fcr Anwendungen konzipiert, die eine transversale elektromagnetische Umgebung erfordern. Es zeichnet sich durch einen kompakten Formfaktor aus, der f\u00fcr verschiedene Testaufbauten geeignet ist. Die TEM-Zelle bietet einen kontrollierten Raum f\u00fcr Tests und Messungen der elektromagnetischen Vertr\u00e4glichkeit. Ihre Konstruktion gew\u00e4hrleistet eine gleichm\u00e4\u00dfige Feldverteilung innerhalb der 100 mm Abmessung. Das Ger\u00e4t soll pr\u00e4zise und wiederholbare Testbedingungen erm\u00f6glichen. Tekbox, die Marke hinter diesem Produkt, ist auf Ger\u00e4te f\u00fcr elektromagnetische Tests und Messungen spezialisiert.<\/p>","protected":false},"excerpt":{"rendered":"<p>TEM-Zelle 100 mm<\/p>","protected":false},"featured_media":7473,"comment_status":"closed","ping_status":"closed","template":"","meta":{"_acf_changed":false,"slim_seo":{"title":"TBTC2 - YOTAVIS AG","description":"TEM-Zelle 100 mm"}},"product_brand":[645],"product_cat":[526,649],"product_tag":[],"class_list":{"0":"post-6743","1":"product","2":"type-product","3":"status-publish","4":"has-post-thumbnail","6":"product_brand-tekbox","7":"product_cat-accessories","8":"product_cat-emc-test-equipment-accessories","10":"first","11":"instock","12":"taxable","13":"shipping-taxable","14":"purchasable","15":"product-type-simple"},"acf":[],"_links":{"self":[{"href":"https:\/\/yotavis.ch\/de\/wp-json\/wp\/v2\/product\/6743","targetHints":{"allow":["GET"]}}],"collection":[{"href":"https:\/\/yotavis.ch\/de\/wp-json\/wp\/v2\/product"}],"about":[{"href":"https:\/\/yotavis.ch\/de\/wp-json\/wp\/v2\/types\/product"}],"replies":[{"embeddable":true,"href":"https:\/\/yotavis.ch\/de\/wp-json\/wp\/v2\/comments?post=6743"}],"wp:featuredmedia":[{"embeddable":true,"href":"https:\/\/yotavis.ch\/de\/wp-json\/wp\/v2\/media\/7473"}],"wp:attachment":[{"href":"https:\/\/yotavis.ch\/de\/wp-json\/wp\/v2\/media?parent=6743"}],"wp:term":[{"taxonomy":"product_brand","embeddable":true,"href":"https:\/\/yotavis.ch\/de\/wp-json\/wp\/v2\/product_brand?post=6743"},{"taxonomy":"product_cat","embeddable":true,"href":"https:\/\/yotavis.ch\/de\/wp-json\/wp\/v2\/product_cat?post=6743"},{"taxonomy":"product_tag","embeddable":true,"href":"https:\/\/yotavis.ch\/de\/wp-json\/wp\/v2\/product_tag?post=6743"}],"curies":[{"name":"wp","href":"https:\/\/api.w.org\/{rel}","templated":true}]}}