{"id":6744,"date":"2025-10-09T00:00:00","date_gmt":"2025-10-08T22:00:00","guid":{"rendered":"https:\/\/yotavis.ch\/product\/tbl5008-2c\/"},"modified":"2026-04-24T13:35:22","modified_gmt":"2026-04-24T11:35:22","slug":"tbl5008-2c","status":"publish","type":"product","link":"https:\/\/yotavis.ch\/de\/produkt\/tbl5008-2c\/","title":{"rendered":"TBL5008-2C"},"content":{"rendered":"<p>Das Tekbox TBL5008-2C ist ein 50uH 8A AC Line Impedance Stabilisation Network (LISN), das f\u00fcr den Einsatz in elektrischen Testumgebungen entwickelt wurde. Es verf\u00fcgt \u00fcber eine Induktivit\u00e4t von 50 Mikrohenrien und unterst\u00fctzt einen Nennstrom von 8 Ampere. Dieses Ger\u00e4t soll die Impedanz von Wechselstromleitungen w\u00e4hrend der Pr\u00fcfung der elektromagnetischen Vertr\u00e4glichkeit (EMV) stabilisieren und so konsistente und zuverl\u00e4ssige Messungen gew\u00e4hrleisten. Der LISN tr\u00e4gt dazu bei, die zu pr\u00fcfenden Ger\u00e4te von Netzleitungsst\u00f6rungen zu isolieren und bietet eine definierte Impedanz f\u00fcr genaue leitungsgebundene Emissionspr\u00fcfungen. Sein robustes Design eignet sich f\u00fcr die Integration in Testaufbauten, die eine pr\u00e4zise Impedanzstabilisierung erfordern. Das TBL5008-2C wird von Tekbox hergestellt, einer Marke, die f\u00fcr die Herstellung spezieller Pr\u00fcfger\u00e4te bekannt ist. Dieses Modell verf\u00fcgt nicht \u00fcber zus\u00e4tzliche Funktionen wie Fernsteuerung oder mehrere Ausgangskan\u00e4le, sondern konzentriert sich auf seine Kernfunktion als Leitungsimpedanz-Stabilisierungsnetzwerk.<\/p>","protected":false},"excerpt":{"rendered":"<p>50uH 8A AC Netzimpedanz-Stabilisierungsnetzwerk LISN<\/p>","protected":false},"featured_media":7553,"comment_status":"closed","ping_status":"closed","template":"","meta":{"_acf_changed":false,"slim_seo":{"title":"TBL5008-2C - YOTAVIS AG","description":"50uH 8A AC Netzimpedanz-Stabilisierungsnetzwerk LISN"}},"product_brand":[645],"product_cat":[526,649],"product_tag":[],"class_list":{"0":"post-6744","1":"product","2":"type-product","3":"status-publish","4":"has-post-thumbnail","6":"product_brand-tekbox","7":"product_cat-accessories","8":"product_cat-emc-test-equipment-accessories","10":"first","11":"instock","12":"taxable","13":"shipping-taxable","14":"purchasable","15":"product-type-simple"},"acf":[],"_links":{"self":[{"href":"https:\/\/yotavis.ch\/de\/wp-json\/wp\/v2\/product\/6744","targetHints":{"allow":["GET"]}}],"collection":[{"href":"https:\/\/yotavis.ch\/de\/wp-json\/wp\/v2\/product"}],"about":[{"href":"https:\/\/yotavis.ch\/de\/wp-json\/wp\/v2\/types\/product"}],"replies":[{"embeddable":true,"href":"https:\/\/yotavis.ch\/de\/wp-json\/wp\/v2\/comments?post=6744"}],"wp:featuredmedia":[{"embeddable":true,"href":"https:\/\/yotavis.ch\/de\/wp-json\/wp\/v2\/media\/7553"}],"wp:attachment":[{"href":"https:\/\/yotavis.ch\/de\/wp-json\/wp\/v2\/media?parent=6744"}],"wp:term":[{"taxonomy":"product_brand","embeddable":true,"href":"https:\/\/yotavis.ch\/de\/wp-json\/wp\/v2\/product_brand?post=6744"},{"taxonomy":"product_cat","embeddable":true,"href":"https:\/\/yotavis.ch\/de\/wp-json\/wp\/v2\/product_cat?post=6744"},{"taxonomy":"product_tag","embeddable":true,"href":"https:\/\/yotavis.ch\/de\/wp-json\/wp\/v2\/product_tag?post=6744"}],"curies":[{"name":"wp","href":"https:\/\/api.w.org\/{rel}","templated":true}]}}