{"id":6745,"date":"2025-10-09T00:00:00","date_gmt":"2025-10-08T22:00:00","guid":{"rendered":"https:\/\/yotavis.ch\/product\/tbswr-200k500\/"},"modified":"2026-04-24T13:35:22","modified_gmt":"2026-04-24T11:35:22","slug":"tbswr-200k500","status":"publish","type":"product","link":"https:\/\/yotavis.ch\/de\/produkt\/tbswr-200k500\/","title":{"rendered":"TBSWR-200K500"},"content":{"rendered":"<p>Die TBSWR-200K500 ist eine 50 \u03a9 Hochleistungs-VSWR-Br\u00fccke von Tekbox Dieses Ger\u00e4t ist f\u00fcr den Betrieb mit einer charakteristischen Impedanz von 50 Ohm ausgelegt, was f\u00fcr viele HF-Anwendungen Standard ist Die hohe Leistung bedeutet, dass es erhebliche Leistungspegel bew\u00e4ltigen kann, wodurch es f\u00fcr den Einsatz in Systemen geeignet ist, die eine robuste Leistung erfordern Die VSWR-Br\u00fccke wird in der Regel zur Messung des Spannungs-Stehwellen-Verh\u00e4ltnisses verwendet, Ein wichtiger Parameter bei der Bewertung der Effizienz von HF-\u00dcbertragungsleitungen und Antennen. Obwohl keine spezifischen elektrischen Nennwerte wie Leistung, Spannung und Stromst\u00e4rke angegeben sind, unterstreicht die Bezeichnung des Produkts seine Rolle in Hochleistungsumgebungen. Tekbox ist f\u00fcr die Herstellung von Pr\u00e4zisions-HF-Komponenten bekannt, und dieses Modell passt in diesen Bereich. Die TBSWR-200K500 wird wahrscheinlich in Test- und Messaufbauten eingesetzt, bei denen genaue VSWR-Messungen f\u00fcr die Systemoptimierung und Fehlersuche entscheidend sind.<\/p>","protected":false},"excerpt":{"rendered":"<p>50 \u03a9 Hochleistungs- VSWR-Br\u00fccke<\/p>","protected":false},"featured_media":7549,"comment_status":"closed","ping_status":"closed","template":"","meta":{"_acf_changed":false,"slim_seo":{"title":"TBSWR-200K500 - YOTAVIS AG","description":"50 \u03a9 Hochleistungs- VSWR-Br\u00fccke"}},"product_brand":[645],"product_cat":[526,649],"product_tag":[],"class_list":{"0":"post-6745","1":"product","2":"type-product","3":"status-publish","4":"has-post-thumbnail","6":"product_brand-tekbox","7":"product_cat-accessories","8":"product_cat-emc-test-equipment-accessories","10":"first","11":"instock","12":"taxable","13":"shipping-taxable","14":"purchasable","15":"product-type-simple"},"acf":[],"_links":{"self":[{"href":"https:\/\/yotavis.ch\/de\/wp-json\/wp\/v2\/product\/6745","targetHints":{"allow":["GET"]}}],"collection":[{"href":"https:\/\/yotavis.ch\/de\/wp-json\/wp\/v2\/product"}],"about":[{"href":"https:\/\/yotavis.ch\/de\/wp-json\/wp\/v2\/types\/product"}],"replies":[{"embeddable":true,"href":"https:\/\/yotavis.ch\/de\/wp-json\/wp\/v2\/comments?post=6745"}],"wp:featuredmedia":[{"embeddable":true,"href":"https:\/\/yotavis.ch\/de\/wp-json\/wp\/v2\/media\/7549"}],"wp:attachment":[{"href":"https:\/\/yotavis.ch\/de\/wp-json\/wp\/v2\/media?parent=6745"}],"wp:term":[{"taxonomy":"product_brand","embeddable":true,"href":"https:\/\/yotavis.ch\/de\/wp-json\/wp\/v2\/product_brand?post=6745"},{"taxonomy":"product_cat","embeddable":true,"href":"https:\/\/yotavis.ch\/de\/wp-json\/wp\/v2\/product_cat?post=6745"},{"taxonomy":"product_tag","embeddable":true,"href":"https:\/\/yotavis.ch\/de\/wp-json\/wp\/v2\/product_tag?post=6745"}],"curies":[{"name":"wp","href":"https:\/\/api.w.org\/{rel}","templated":true}]}}