{"id":6746,"date":"2025-10-09T00:00:00","date_gmt":"2025-10-08T22:00:00","guid":{"rendered":"https:\/\/yotavis.ch\/product\/tbrs101-tx\/"},"modified":"2026-04-24T13:35:22","modified_gmt":"2026-04-24T11:35:22","slug":"tbrs101-tx","status":"publish","type":"product","link":"https:\/\/yotavis.ch\/de\/produkt\/tbrs101-tx\/","title":{"rendered":"TBRS101-TX"},"content":{"rendered":"<p>Die TBRS101-TX ist eine Schleifenantenne, die f\u00fcr den Betrieb in einem Frequenzbereich von 30 Hz bis 100 KHz ausgelegt ist. Dieses Modell wird von Tekbox hergestellt und verf\u00fcgt \u00fcber einen Typ-N-Stecker, der \u00fcblicherweise f\u00fcr HF-Anwendungen verwendet wird. Die Antenne eignet sich f\u00fcr Anwendungen, die eine pr\u00e4zise Frequenzverarbeitung innerhalb des angegebenen Bereichs erfordern. Ihr Design unterst\u00fctzt einen effizienten Signalempfang und -versand \u00fcber Niederfrequenzb\u00e4nder. Das Ger\u00e4t enth\u00e4lt keine zus\u00e4tzlichen Spezifikationen wie Leistung, Spannung, Strom oder Speichertiefe und konzentriert sich in erster Linie auf seine Frequenzf\u00e4higkeiten und den Steckertyp. Diese Schleifenantenne ist f\u00fcr den Einsatz in Umgebungen vorgesehen, in denen eine zuverl\u00e4ssige Erfassung von Niederfrequenzsignalen erforderlich ist. Ihre Konstruktion und ihr Frequenzbereich machen sie zu einem Spezialwerkzeug f\u00fcr bestimmte technische und wissenschaftliche Anwendungen.<\/p>","protected":false},"excerpt":{"rendered":"<p>30 Hz - 100 KHz RS101 Schleifenantenne<\/p>","protected":false},"featured_media":7373,"comment_status":"closed","ping_status":"closed","template":"","meta":{"_acf_changed":false,"slim_seo":{"title":"TBRS101-TX - YOTAVIS AG","description":"30 Hz - 100 KHz RS101 Schleifenantenne"}},"product_brand":[645],"product_cat":[526,527],"product_tag":[],"class_list":{"0":"post-6746","1":"product","2":"type-product","3":"status-publish","4":"has-post-thumbnail","6":"product_brand-tekbox","7":"product_cat-accessories","8":"product_cat-antenna-en","9":"pa_connector-type-n","11":"first","12":"instock","13":"taxable","14":"shipping-taxable","15":"purchasable","16":"product-type-simple"},"acf":[],"_links":{"self":[{"href":"https:\/\/yotavis.ch\/de\/wp-json\/wp\/v2\/product\/6746","targetHints":{"allow":["GET"]}}],"collection":[{"href":"https:\/\/yotavis.ch\/de\/wp-json\/wp\/v2\/product"}],"about":[{"href":"https:\/\/yotavis.ch\/de\/wp-json\/wp\/v2\/types\/product"}],"replies":[{"embeddable":true,"href":"https:\/\/yotavis.ch\/de\/wp-json\/wp\/v2\/comments?post=6746"}],"wp:featuredmedia":[{"embeddable":true,"href":"https:\/\/yotavis.ch\/de\/wp-json\/wp\/v2\/media\/7373"}],"wp:attachment":[{"href":"https:\/\/yotavis.ch\/de\/wp-json\/wp\/v2\/media?parent=6746"}],"wp:term":[{"taxonomy":"product_brand","embeddable":true,"href":"https:\/\/yotavis.ch\/de\/wp-json\/wp\/v2\/product_brand?post=6746"},{"taxonomy":"product_cat","embeddable":true,"href":"https:\/\/yotavis.ch\/de\/wp-json\/wp\/v2\/product_cat?post=6746"},{"taxonomy":"product_tag","embeddable":true,"href":"https:\/\/yotavis.ch\/de\/wp-json\/wp\/v2\/product_tag?post=6746"}],"curies":[{"name":"wp","href":"https:\/\/api.w.org\/{rel}","templated":true}]}}