{"id":6747,"date":"2025-10-09T00:00:00","date_gmt":"2025-10-08T22:00:00","guid":{"rendered":"https:\/\/yotavis.ch\/product\/tblna-9k30\/"},"modified":"2026-04-24T13:35:23","modified_gmt":"2026-04-24T11:35:23","slug":"tblna-9k30","status":"publish","type":"product","link":"https:\/\/yotavis.ch\/de\/produkt\/tblna-9k30\/","title":{"rendered":"TBLNA-9K30"},"content":{"rendered":"<p>Der TBLNA-9K30 ist ein von Tekbox entwickelter Vorverst\u00e4rker f\u00fcr Schleifenantennen. Er verf\u00fcgt \u00fcber einen Typ-N-Stecker, der \u00fcblicherweise f\u00fcr HF-Anwendungen verwendet wird und zuverl\u00e4ssige und sichere Verbindungen gew\u00e4hrleistet. Dieses Ger\u00e4t dient der Verst\u00e4rkung von Signalen, die von Schleifenantennen empfangen werden, und verbessert so deren Leistung in verschiedenen Aufbauten. Obwohl keine spezifischen elektrischen Spezifikationen wie Leistung, Spannung und Stromst\u00e4rke angegeben sind, deutet die Verwendung eines Typ-N-Steckers auf die Kompatibilit\u00e4t mit Standard-HF-Ger\u00e4ten hin. Der Vorverst\u00e4rker eignet sich f\u00fcr den Einsatz in Systemen, die eine verbesserte Signalst\u00e4rke und -klarheit von Schleifenantennen erfordern. Sein Design konzentriert sich auf die Funktionalit\u00e4t der Signalverst\u00e4rkung ohne zus\u00e4tzliche Funktionen wie Fernsteuerung oder digitale Schnittstellen. Der TBLNA-9K30 dient als Komponente in HF-Signalverarbeitungsketten, in denen Schleifenantennen eingesetzt werden.<\/p>","protected":false},"excerpt":{"rendered":"<p>Schleifenantenne Vorverst\u00e4rker<\/p>","protected":false},"featured_media":7558,"comment_status":"closed","ping_status":"closed","template":"","meta":{"_acf_changed":false,"slim_seo":{"title":"TBLNA-9K30 - YOTAVIS AG","description":"Schleifenantenne Vorverst\u00e4rker"}},"product_brand":[645],"product_cat":[526,531],"product_tag":[],"class_list":{"0":"post-6747","1":"product","2":"type-product","3":"status-publish","4":"has-post-thumbnail","6":"product_brand-tekbox","7":"product_cat-accessories","8":"product_cat-rf-amplifier-attenuator-converter","9":"pa_connector-type-n","11":"first","12":"instock","13":"taxable","14":"shipping-taxable","15":"purchasable","16":"product-type-simple"},"acf":[],"_links":{"self":[{"href":"https:\/\/yotavis.ch\/de\/wp-json\/wp\/v2\/product\/6747","targetHints":{"allow":["GET"]}}],"collection":[{"href":"https:\/\/yotavis.ch\/de\/wp-json\/wp\/v2\/product"}],"about":[{"href":"https:\/\/yotavis.ch\/de\/wp-json\/wp\/v2\/types\/product"}],"replies":[{"embeddable":true,"href":"https:\/\/yotavis.ch\/de\/wp-json\/wp\/v2\/comments?post=6747"}],"wp:featuredmedia":[{"embeddable":true,"href":"https:\/\/yotavis.ch\/de\/wp-json\/wp\/v2\/media\/7558"}],"wp:attachment":[{"href":"https:\/\/yotavis.ch\/de\/wp-json\/wp\/v2\/media?parent=6747"}],"wp:term":[{"taxonomy":"product_brand","embeddable":true,"href":"https:\/\/yotavis.ch\/de\/wp-json\/wp\/v2\/product_brand?post=6747"},{"taxonomy":"product_cat","embeddable":true,"href":"https:\/\/yotavis.ch\/de\/wp-json\/wp\/v2\/product_cat?post=6747"},{"taxonomy":"product_tag","embeddable":true,"href":"https:\/\/yotavis.ch\/de\/wp-json\/wp\/v2\/product_tag?post=6747"}],"curies":[{"name":"wp","href":"https:\/\/api.w.org\/{rel}","templated":true}]}}