{"id":6751,"date":"2025-10-09T00:00:00","date_gmt":"2025-10-08T22:00:00","guid":{"rendered":"https:\/\/yotavis.ch\/product\/tbl5008-2b\/"},"modified":"2026-04-24T13:35:25","modified_gmt":"2026-04-24T11:35:25","slug":"tbl5008-2b","status":"publish","type":"product","link":"https:\/\/yotavis.ch\/de\/produkt\/tbl5008-2b\/","title":{"rendered":"TBL5008-2B"},"content":{"rendered":"<p>Das Tekbox TBL5008-2B ist ein 50uH 8A AC Line Impedance Stabilisation Network (LISN), das eine stabile Impedanz f\u00fcr AC-Stromleitungen bietet. Es hat einen Induktivit\u00e4tswert von 50 Mikrohenrien und unterst\u00fctzt einen Nennstrom von 8 Ampere. Dieses LISN wird verwendet, um eine gleichbleibende Leitungsimpedanz zu gew\u00e4hrleisten, die f\u00fcr eine genaue Pr\u00fcfung und Messung elektromagnetischer St\u00f6rungen (EMI) unerl\u00e4sslich ist. Das Ger\u00e4t ist so konstruiert, dass es f\u00fcr AC-Leitungsbedingungen geeignet ist und somit in verschiedenen Testumgebungen eingesetzt werden kann, in denen eine stabile Leitungsimpedanz erforderlich ist. Sein Design hilft bei der Isolierung der Stromleitung von Rauschen und St\u00f6rungen und verbessert so die Zuverl\u00e4ssigkeit von leitungsgebundenen Emissionspr\u00fcfungen. Das TBL5008-2B ist Teil der Testger\u00e4te von Tekbox, die f\u00fcr die Erf\u00fcllung spezifischer technischer Anforderungen bei Konformit\u00e4tspr\u00fcfungen bekannt sind.<\/p>","protected":false},"excerpt":{"rendered":"<p>50uH 8A AC Netzimpedanz-Stabilisierungsnetzwerk LISN<\/p>","protected":false},"featured_media":7576,"comment_status":"closed","ping_status":"closed","template":"","meta":{"_acf_changed":false,"slim_seo":{"title":"TBL5008-2B - YOTAVIS AG","description":"50uH 8A AC Netzimpedanz-Stabilisierungsnetzwerk LISN"}},"product_brand":[645],"product_cat":[526,649],"product_tag":[],"class_list":{"0":"post-6751","1":"product","2":"type-product","3":"status-publish","4":"has-post-thumbnail","6":"product_brand-tekbox","7":"product_cat-accessories","8":"product_cat-emc-test-equipment-accessories","10":"first","11":"instock","12":"taxable","13":"shipping-taxable","14":"purchasable","15":"product-type-simple"},"acf":[],"_links":{"self":[{"href":"https:\/\/yotavis.ch\/de\/wp-json\/wp\/v2\/product\/6751","targetHints":{"allow":["GET"]}}],"collection":[{"href":"https:\/\/yotavis.ch\/de\/wp-json\/wp\/v2\/product"}],"about":[{"href":"https:\/\/yotavis.ch\/de\/wp-json\/wp\/v2\/types\/product"}],"replies":[{"embeddable":true,"href":"https:\/\/yotavis.ch\/de\/wp-json\/wp\/v2\/comments?post=6751"}],"wp:featuredmedia":[{"embeddable":true,"href":"https:\/\/yotavis.ch\/de\/wp-json\/wp\/v2\/media\/7576"}],"wp:attachment":[{"href":"https:\/\/yotavis.ch\/de\/wp-json\/wp\/v2\/media?parent=6751"}],"wp:term":[{"taxonomy":"product_brand","embeddable":true,"href":"https:\/\/yotavis.ch\/de\/wp-json\/wp\/v2\/product_brand?post=6751"},{"taxonomy":"product_cat","embeddable":true,"href":"https:\/\/yotavis.ch\/de\/wp-json\/wp\/v2\/product_cat?post=6751"},{"taxonomy":"product_tag","embeddable":true,"href":"https:\/\/yotavis.ch\/de\/wp-json\/wp\/v2\/product_tag?post=6751"}],"curies":[{"name":"wp","href":"https:\/\/api.w.org\/{rel}","templated":true}]}}