{"id":6752,"date":"2025-10-09T00:00:00","date_gmt":"2025-10-08T22:00:00","guid":{"rendered":"https:\/\/yotavis.ch\/product\/emcviewpro\/"},"modified":"2026-04-24T13:35:26","modified_gmt":"2026-04-24T11:35:26","slug":"emcviewpro","status":"publish","type":"product","link":"https:\/\/yotavis.ch\/de\/produkt\/emcviewpro\/","title":{"rendered":"EMCviewPro"},"content":{"rendered":"<p>Die EMCview Pro License ist ein Softwareprodukt von Tekbox. Sie wurde entwickelt, um den Benutzern erweiterte Funktionen f\u00fcr die Verwaltung und Analyse von Daten zur elektromagnetischen Vertr\u00e4glichkeit zu bieten. Diese Lizenz erm\u00f6glicht den Zugriff auf den vollen Funktionsumfang der EMCview Pro Software und erleichtert die detaillierte Untersuchung und Berichterstellung von EMV-Testergebnissen. Als lizenziertes Produkt unterst\u00fctzt es die Integration mit kompatiblen Tekbox Hardware- und Softwaresystemen. Die EMCview Pro-Lizenz ist unerl\u00e4sslich f\u00fcr Fachleute, die umfassende Tools f\u00fcr die EMV-Konformit\u00e4tspr\u00fcfung und das Datenmanagement ben\u00f6tigen. Sie stellt sicher, dass die Benutzer die Software ohne Einschr\u00e4nkungen nutzen k\u00f6nnen, was die Effizienz der Arbeitsabl\u00e4ufe erh\u00f6ht. Diese Lizenz ist eine Schl\u00fcsselkomponente f\u00fcr alle, die in Umgebungen arbeiten, in denen eine pr\u00e4zise EMV-Analyse entscheidend ist.<\/p>","protected":false},"excerpt":{"rendered":"<p>EMCview Pro Lizenz<\/p>","protected":false},"featured_media":7581,"comment_status":"closed","ping_status":"closed","template":"","meta":{"_acf_changed":false,"slim_seo":{"title":"EMCviewPro - YOTAVIS AG","description":"EMCview Pro Lizenz"}},"product_brand":[645],"product_cat":[526,651],"product_tag":[],"class_list":{"0":"post-6752","1":"product","2":"type-product","3":"status-publish","4":"has-post-thumbnail","6":"product_brand-tekbox","7":"product_cat-accessories","8":"product_cat-software","10":"first","11":"instock","12":"taxable","13":"shipping-taxable","14":"purchasable","15":"product-type-simple"},"acf":[],"_links":{"self":[{"href":"https:\/\/yotavis.ch\/de\/wp-json\/wp\/v2\/product\/6752","targetHints":{"allow":["GET"]}}],"collection":[{"href":"https:\/\/yotavis.ch\/de\/wp-json\/wp\/v2\/product"}],"about":[{"href":"https:\/\/yotavis.ch\/de\/wp-json\/wp\/v2\/types\/product"}],"replies":[{"embeddable":true,"href":"https:\/\/yotavis.ch\/de\/wp-json\/wp\/v2\/comments?post=6752"}],"wp:featuredmedia":[{"embeddable":true,"href":"https:\/\/yotavis.ch\/de\/wp-json\/wp\/v2\/media\/7581"}],"wp:attachment":[{"href":"https:\/\/yotavis.ch\/de\/wp-json\/wp\/v2\/media?parent=6752"}],"wp:term":[{"taxonomy":"product_brand","embeddable":true,"href":"https:\/\/yotavis.ch\/de\/wp-json\/wp\/v2\/product_brand?post=6752"},{"taxonomy":"product_cat","embeddable":true,"href":"https:\/\/yotavis.ch\/de\/wp-json\/wp\/v2\/product_cat?post=6752"},{"taxonomy":"product_tag","embeddable":true,"href":"https:\/\/yotavis.ch\/de\/wp-json\/wp\/v2\/product_tag?post=6752"}],"curies":[{"name":"wp","href":"https:\/\/api.w.org\/{rel}","templated":true}]}}