{"id":6757,"date":"2025-10-09T00:00:00","date_gmt":"2025-10-08T22:00:00","guid":{"rendered":"https:\/\/yotavis.ch\/product\/tbswr-600k700\/"},"modified":"2026-04-24T13:35:30","modified_gmt":"2026-04-24T11:35:30","slug":"tbswr-600k700","status":"publish","type":"product","link":"https:\/\/yotavis.ch\/de\/produkt\/tbswr-600k700\/","title":{"rendered":"TBSWR-600K700"},"content":{"rendered":"<p>Die TBSWR-600K700 ist eine 50 \u03a9 High Power VSWR Bridge von Tekbox. Dieses Ger\u00e4t ist f\u00fcr den Betrieb mit einer charakteristischen Impedanz von 50 Ohm ausgelegt und eignet sich f\u00fcr Hochleistungsanwendungen. Es funktioniert als VSWR-Br\u00fccke, die typischerweise zur Messung des Stehwellenverh\u00e4ltnisses in HF-Systemen verwendet wird. Das Produkt tr\u00e4gt die Modellnummer TBSWR-600K700 und ist Teil des Tekbox-Sortiments an HF-Messger\u00e4ten. F\u00fcr dieses Modell werden keine zus\u00e4tzlichen Spezifikationen wie Nennleistung, Spannung, Strom, Frequenzbereich oder Steckertypen angegeben.<\/p>","protected":false},"excerpt":{"rendered":"<p>50 \u03a9 Hochleistungs- VSWR-Br\u00fccke<\/p>","protected":false},"featured_media":7597,"comment_status":"closed","ping_status":"closed","template":"","meta":{"_acf_changed":false,"slim_seo":{"title":"TBSWR-600K700 - YOTAVIS AG","description":"50 \u03a9 Hochleistungs- VSWR-Br\u00fccke"}},"product_brand":[645],"product_cat":[526,649],"product_tag":[],"class_list":{"0":"post-6757","1":"product","2":"type-product","3":"status-publish","4":"has-post-thumbnail","6":"product_brand-tekbox","7":"product_cat-accessories","8":"product_cat-emc-test-equipment-accessories","10":"first","11":"instock","12":"taxable","13":"shipping-taxable","14":"purchasable","15":"product-type-simple"},"acf":[],"_links":{"self":[{"href":"https:\/\/yotavis.ch\/de\/wp-json\/wp\/v2\/product\/6757","targetHints":{"allow":["GET"]}}],"collection":[{"href":"https:\/\/yotavis.ch\/de\/wp-json\/wp\/v2\/product"}],"about":[{"href":"https:\/\/yotavis.ch\/de\/wp-json\/wp\/v2\/types\/product"}],"replies":[{"embeddable":true,"href":"https:\/\/yotavis.ch\/de\/wp-json\/wp\/v2\/comments?post=6757"}],"wp:featuredmedia":[{"embeddable":true,"href":"https:\/\/yotavis.ch\/de\/wp-json\/wp\/v2\/media\/7597"}],"wp:attachment":[{"href":"https:\/\/yotavis.ch\/de\/wp-json\/wp\/v2\/media?parent=6757"}],"wp:term":[{"taxonomy":"product_brand","embeddable":true,"href":"https:\/\/yotavis.ch\/de\/wp-json\/wp\/v2\/product_brand?post=6757"},{"taxonomy":"product_cat","embeddable":true,"href":"https:\/\/yotavis.ch\/de\/wp-json\/wp\/v2\/product_cat?post=6757"},{"taxonomy":"product_tag","embeddable":true,"href":"https:\/\/yotavis.ch\/de\/wp-json\/wp\/v2\/product_tag?post=6757"}],"curies":[{"name":"wp","href":"https:\/\/api.w.org\/{rel}","templated":true}]}}