{"id":6758,"date":"2025-10-09T00:00:00","date_gmt":"2025-10-08T22:00:00","guid":{"rendered":"https:\/\/yotavis.ch\/product\/tbcp5-cal\/"},"modified":"2026-04-24T13:35:31","modified_gmt":"2026-04-24T11:35:31","slug":"tbcp5-cal","status":"publish","type":"product","link":"https:\/\/yotavis.ch\/de\/produkt\/tbcp5-cal\/","title":{"rendered":"TBCP5-CAL"},"content":{"rendered":"<p>Der TBCP5-CAL ist ein Kalibrator der Firma Tekbox. Er wurde entwickelt, um pr\u00e4zise Kalibrierfunktionen f\u00fcr verschiedene elektronische Messungen bereitzustellen. Das Ger\u00e4t wird durch den Produktcode TBCP5-CAL identifiziert und ist f\u00fcr den Einsatz bei Kalibrierungsaufgaben vorgesehen. F\u00fcr dieses Modell werden keine zus\u00e4tzlichen Spezifikationen wie Leistung, Spannung, Strom, Frequenz oder andere technische Parameter angegeben. Der Kalibrator weist keine Merkmale wie Fernsteuerung, Kan\u00e4le, Bandbreite oder Speichertiefe auf. Es handelt sich um ein einfaches, auf Kalibrierungszwecke ausgerichtetes Ger\u00e4t, bei dem keine detaillierten technischen Eigenschaften erw\u00e4hnt werden. Dieses Produkt ist f\u00fcr Benutzer geeignet, die einen einfachen Kalibrator der Marke Tekbox ben\u00f6tigen.<\/p>","protected":false},"excerpt":{"rendered":"<p>Kalibrator<\/p>","protected":false},"featured_media":7600,"comment_status":"closed","ping_status":"closed","template":"","meta":{"_acf_changed":false,"slim_seo":{"title":"TBCP5-CAL - YOTAVIS AG","description":"Kalibrator"}},"product_brand":[645],"product_cat":[526,649],"product_tag":[],"class_list":{"0":"post-6758","1":"product","2":"type-product","3":"status-publish","4":"has-post-thumbnail","6":"product_brand-tekbox","7":"product_cat-accessories","8":"product_cat-emc-test-equipment-accessories","10":"first","11":"instock","12":"taxable","13":"shipping-taxable","14":"purchasable","15":"product-type-simple"},"acf":[],"_links":{"self":[{"href":"https:\/\/yotavis.ch\/de\/wp-json\/wp\/v2\/product\/6758","targetHints":{"allow":["GET"]}}],"collection":[{"href":"https:\/\/yotavis.ch\/de\/wp-json\/wp\/v2\/product"}],"about":[{"href":"https:\/\/yotavis.ch\/de\/wp-json\/wp\/v2\/types\/product"}],"replies":[{"embeddable":true,"href":"https:\/\/yotavis.ch\/de\/wp-json\/wp\/v2\/comments?post=6758"}],"wp:featuredmedia":[{"embeddable":true,"href":"https:\/\/yotavis.ch\/de\/wp-json\/wp\/v2\/media\/7600"}],"wp:attachment":[{"href":"https:\/\/yotavis.ch\/de\/wp-json\/wp\/v2\/media?parent=6758"}],"wp:term":[{"taxonomy":"product_brand","embeddable":true,"href":"https:\/\/yotavis.ch\/de\/wp-json\/wp\/v2\/product_brand?post=6758"},{"taxonomy":"product_cat","embeddable":true,"href":"https:\/\/yotavis.ch\/de\/wp-json\/wp\/v2\/product_cat?post=6758"},{"taxonomy":"product_tag","embeddable":true,"href":"https:\/\/yotavis.ch\/de\/wp-json\/wp\/v2\/product_tag?post=6758"}],"curies":[{"name":"wp","href":"https:\/\/api.w.org\/{rel}","templated":true}]}}