{"id":6762,"date":"2025-10-09T00:00:00","date_gmt":"2025-10-08T22:00:00","guid":{"rendered":"https:\/\/yotavis.ch\/product\/tbl5016-1\/"},"modified":"2026-04-24T13:35:40","modified_gmt":"2026-04-24T11:35:40","slug":"tbl5016-1","status":"publish","type":"product","link":"https:\/\/yotavis.ch\/de\/produkt\/tbl5016-1\/","title":{"rendered":"TBL5016-1"},"content":{"rendered":"<p>Das Tekbox TBL5016-1 ist ein Leitungsimpedanz-Stabilisierungsnetzwerk (LISN) mit einer Induktivit\u00e4t von 50 Mikrohenries und einem Nennstrom von 16 Ampere. Dieses Ger\u00e4t wurde entwickelt, um eine stabile Impedanz f\u00fcr die Pr\u00fcfung leitungsgebundener Emissionen von Stromleitungen zu gew\u00e4hrleisten. Es gew\u00e4hrleistet konsistente und wiederholbare Messbedingungen, indem es die Leitungsimpedanz w\u00e4hrend der Pr\u00fcfung der elektromagnetischen Vertr\u00e4glichkeit (EMV) stabilisiert. Der LISN eignet sich f\u00fcr den Einsatz in Umgebungen, in denen eine pr\u00e4zise Impedanzkontrolle erforderlich ist, um die gesetzlichen Normen einzuhalten. Dank seiner robusten Strombelastbarkeit kann er ohne Leistungseinbu\u00dfen mit hohen Leistungen umgehen. Der TBL5016-1 ist ein spezielles Bauteil, das in EMV-Testaufbauten verwendet wird, um genaue und zuverl\u00e4ssige Messungen von leitungsgebundenen Emissionen auf Stromleitungen zu erm\u00f6glichen.<\/p>","protected":false},"excerpt":{"rendered":"<p>50uH 16A Leitungsimpedanz-Stabilisierungsnetzwerk LISN<\/p>","protected":false},"featured_media":7609,"comment_status":"closed","ping_status":"closed","template":"","meta":{"_acf_changed":false,"slim_seo":{"title":"TBL5016-1 - YOTAVIS AG","description":"50uH 16A Leitungsimpedanz-Stabilisierungsnetzwerk LISN"}},"product_brand":[645],"product_cat":[526,649],"product_tag":[],"class_list":{"0":"post-6762","1":"product","2":"type-product","3":"status-publish","4":"has-post-thumbnail","6":"product_brand-tekbox","7":"product_cat-accessories","8":"product_cat-emc-test-equipment-accessories","10":"first","11":"instock","12":"taxable","13":"shipping-taxable","14":"purchasable","15":"product-type-simple"},"acf":[],"_links":{"self":[{"href":"https:\/\/yotavis.ch\/de\/wp-json\/wp\/v2\/product\/6762","targetHints":{"allow":["GET"]}}],"collection":[{"href":"https:\/\/yotavis.ch\/de\/wp-json\/wp\/v2\/product"}],"about":[{"href":"https:\/\/yotavis.ch\/de\/wp-json\/wp\/v2\/types\/product"}],"replies":[{"embeddable":true,"href":"https:\/\/yotavis.ch\/de\/wp-json\/wp\/v2\/comments?post=6762"}],"wp:featuredmedia":[{"embeddable":true,"href":"https:\/\/yotavis.ch\/de\/wp-json\/wp\/v2\/media\/7609"}],"wp:attachment":[{"href":"https:\/\/yotavis.ch\/de\/wp-json\/wp\/v2\/media?parent=6762"}],"wp:term":[{"taxonomy":"product_brand","embeddable":true,"href":"https:\/\/yotavis.ch\/de\/wp-json\/wp\/v2\/product_brand?post=6762"},{"taxonomy":"product_cat","embeddable":true,"href":"https:\/\/yotavis.ch\/de\/wp-json\/wp\/v2\/product_cat?post=6762"},{"taxonomy":"product_tag","embeddable":true,"href":"https:\/\/yotavis.ch\/de\/wp-json\/wp\/v2\/product_tag?post=6762"}],"curies":[{"name":"wp","href":"https:\/\/api.w.org\/{rel}","templated":true}]}}