{"id":6765,"date":"2025-10-09T00:00:00","date_gmt":"2025-10-08T22:00:00","guid":{"rendered":"https:\/\/yotavis.ch\/product\/tbcp3-1000\/"},"modified":"2026-04-24T13:35:40","modified_gmt":"2026-04-24T11:35:40","slug":"tbcp3-1000","status":"publish","type":"product","link":"https:\/\/yotavis.ch\/de\/produkt\/tbcp3-1000\/","title":{"rendered":"TBCP3-1000"},"content":{"rendered":"<p>Die Tekbox TBCP3-1000 ist eine Strom\u00fcberwachungssonde mit einer festen Apertur von 17 mm. Sie ist f\u00fcr den Anschluss \u00fcber einen Typ-N-Stecker konzipiert, wodurch die Kompatibilit\u00e4t mit verschiedenen Messaufbauten gew\u00e4hrleistet wird. Diese Sonde ist f\u00fcr Anwendungen gedacht, die eine pr\u00e4zise Strom\u00fcberwachung durch die spezifizierte Aperturgr\u00f6\u00dfe erfordern. Das Design mit fester Apertur erm\u00f6glicht konsistente und zuverl\u00e4ssige Messungen innerhalb der Betriebsparameter. Das Produkt enth\u00e4lt keine zus\u00e4tzlichen Funktionen wie Fernsteuerung oder digitale Kan\u00e4le und konzentriert sich ausschlie\u00dflich auf seine Kernfunktion als Strom\u00fcberwachungsger\u00e4t. Sein einfaches Design unterst\u00fctzt die Integration in bestehende Systeme, in denen eine Strommessung erforderlich ist. Die Marke Tekbox ist mit diesem Modell verbunden und weist auf die Herkunft und die Qualit\u00e4tsstandards des Herstellers hin.<\/p>","protected":false},"excerpt":{"rendered":"<p>Strom\u00fcberwachungssonde, feste Apertur 17mm<\/p>","protected":false},"featured_media":7616,"comment_status":"closed","ping_status":"closed","template":"","meta":{"_acf_changed":false,"slim_seo":{"title":"TBCP3-1000 - YOTAVIS AG","description":"Strom\u00fcberwachungssonde, feste Apertur 17mm"}},"product_brand":[645],"product_cat":[543,509],"product_tag":[],"class_list":{"0":"post-6765","1":"product","2":"type-product","3":"status-publish","4":"has-post-thumbnail","6":"product_brand-tekbox","7":"product_cat-emc-test-equipment-en","8":"product_cat-probes-en","9":"pa_interface-type-n","11":"first","12":"instock","13":"taxable","14":"shipping-taxable","15":"purchasable","16":"product-type-simple"},"acf":[],"_links":{"self":[{"href":"https:\/\/yotavis.ch\/de\/wp-json\/wp\/v2\/product\/6765","targetHints":{"allow":["GET"]}}],"collection":[{"href":"https:\/\/yotavis.ch\/de\/wp-json\/wp\/v2\/product"}],"about":[{"href":"https:\/\/yotavis.ch\/de\/wp-json\/wp\/v2\/types\/product"}],"replies":[{"embeddable":true,"href":"https:\/\/yotavis.ch\/de\/wp-json\/wp\/v2\/comments?post=6765"}],"wp:featuredmedia":[{"embeddable":true,"href":"https:\/\/yotavis.ch\/de\/wp-json\/wp\/v2\/media\/7616"}],"wp:attachment":[{"href":"https:\/\/yotavis.ch\/de\/wp-json\/wp\/v2\/media?parent=6765"}],"wp:term":[{"taxonomy":"product_brand","embeddable":true,"href":"https:\/\/yotavis.ch\/de\/wp-json\/wp\/v2\/product_brand?post=6765"},{"taxonomy":"product_cat","embeddable":true,"href":"https:\/\/yotavis.ch\/de\/wp-json\/wp\/v2\/product_cat?post=6765"},{"taxonomy":"product_tag","embeddable":true,"href":"https:\/\/yotavis.ch\/de\/wp-json\/wp\/v2\/product_tag?post=6765"}],"curies":[{"name":"wp","href":"https:\/\/api.w.org\/{rel}","templated":true}]}}