{"id":6767,"date":"2025-10-09T00:00:00","date_gmt":"2025-10-08T22:00:00","guid":{"rendered":"https:\/\/yotavis.ch\/product\/tbswr-300k6000\/"},"modified":"2026-04-24T13:35:41","modified_gmt":"2026-04-24T11:35:41","slug":"tbswr-300k6000","status":"publish","type":"product","link":"https:\/\/yotavis.ch\/de\/produkt\/tbswr-300k6000\/","title":{"rendered":"TBSWR-300K6000"},"content":{"rendered":"<p>Die TBSWR-300K6000 ist eine universelle 50 \u03a9 VSWR-Br\u00fccke von Tekbox Dieses Ger\u00e4t dient zur Messung des Stehwellenverh\u00e4ltnisses in HF-Systemen, um eine ordnungsgem\u00e4\u00dfe Impedanzanpassung sicherzustellen und Signalreflexionen zu minimieren Es arbeitet mit einer charakteristischen Impedanz von 50 Ohm, Die VSWR-Br\u00fccke ist eine entscheidende Komponente bei der Pr\u00fcfung und Aufrechterhaltung der Leistung von Antennen, \u00dcbertragungsleitungen und anderen HF-Komponenten. Durch genaue VSWR-Messungen hilft sie bei der Diagnose von Problemen im Zusammenhang mit Signalverlusten und Systemineffizienzen. Die TBSWR-300K6000 eignet sich f\u00fcr den Einsatz in verschiedenen HF-Testumgebungen, in denen eine zuverl\u00e4ssige Impedanzanpassung erforderlich ist.<\/p>","protected":false},"excerpt":{"rendered":"<p>50 \u03a9 Allzweck-VSWR-Br\u00fccke<\/p>","protected":false},"featured_media":7623,"comment_status":"closed","ping_status":"closed","template":"","meta":{"_acf_changed":false,"slim_seo":{"title":"TBSWR-300K6000 - YOTAVIS AG","description":"50 \u03a9 Allzweck-VSWR-Br\u00fccke"}},"product_brand":[645],"product_cat":[526,649],"product_tag":[],"class_list":{"0":"post-6767","1":"product","2":"type-product","3":"status-publish","4":"has-post-thumbnail","6":"product_brand-tekbox","7":"product_cat-accessories","8":"product_cat-emc-test-equipment-accessories","10":"first","11":"instock","12":"taxable","13":"shipping-taxable","14":"purchasable","15":"product-type-simple"},"acf":[],"_links":{"self":[{"href":"https:\/\/yotavis.ch\/de\/wp-json\/wp\/v2\/product\/6767","targetHints":{"allow":["GET"]}}],"collection":[{"href":"https:\/\/yotavis.ch\/de\/wp-json\/wp\/v2\/product"}],"about":[{"href":"https:\/\/yotavis.ch\/de\/wp-json\/wp\/v2\/types\/product"}],"replies":[{"embeddable":true,"href":"https:\/\/yotavis.ch\/de\/wp-json\/wp\/v2\/comments?post=6767"}],"wp:featuredmedia":[{"embeddable":true,"href":"https:\/\/yotavis.ch\/de\/wp-json\/wp\/v2\/media\/7623"}],"wp:attachment":[{"href":"https:\/\/yotavis.ch\/de\/wp-json\/wp\/v2\/media?parent=6767"}],"wp:term":[{"taxonomy":"product_brand","embeddable":true,"href":"https:\/\/yotavis.ch\/de\/wp-json\/wp\/v2\/product_brand?post=6767"},{"taxonomy":"product_cat","embeddable":true,"href":"https:\/\/yotavis.ch\/de\/wp-json\/wp\/v2\/product_cat?post=6767"},{"taxonomy":"product_tag","embeddable":true,"href":"https:\/\/yotavis.ch\/de\/wp-json\/wp\/v2\/product_tag?post=6767"}],"curies":[{"name":"wp","href":"https:\/\/api.w.org\/{rel}","templated":true}]}}