{"id":6769,"date":"2025-10-09T00:00:00","date_gmt":"2025-10-08T22:00:00","guid":{"rendered":"https:\/\/yotavis.ch\/product\/awg-1102\/"},"modified":"2026-04-24T13:35:42","modified_gmt":"2026-04-24T11:35:42","slug":"awg-1102","status":"publish","type":"product","link":"https:\/\/yotavis.ch\/de\/produkt\/awg-1102\/","title":{"rendered":"AWG-1102"},"content":{"rendered":"<p>Der AWG-1102 von Active Technologies ist ein 2-Kanal-Arbitr\u00e4rwellenformgenerator mit einer maximalen Frequenz von 125 MHz. Er verf\u00fcgt \u00fcber eine Abtastrate von 250 MSa\/s und eine Speichertiefe von 2 Mpts, was eine detaillierte Wellenformerzeugung und -speicherung erm\u00f6glicht. Der Baustein unterst\u00fctzt Sweep- und Burst-Funktionen, was seine Vielseitigkeit bei der Signalerzeugung erh\u00f6ht. Mit einer minimalen \u00dcbergangszeit von 3,5 ns und einer minimalen Impulsbreite von 10 ns l\u00e4sst sich das Signaltiming pr\u00e4zise steuern. Die Amplitude kann bis zu 12 V erreichen, was einen f\u00fcr verschiedene Testanwendungen geeigneten Bereich darstellt. Dieser Wellenformgenerator ist so konzipiert, dass er genaue und flexible Signalausg\u00e4nge f\u00fcr verschiedene elektronische Pr\u00fcfanforderungen liefert.<\/p>","protected":false},"excerpt":{"rendered":"<p>2CH &#8211; 250MSa\/s &#8211; 2MSa Memory Arbitrary Waveform Generator<\/p>","protected":false},"featured_media":7786,"comment_status":"closed","ping_status":"closed","template":"","meta":{"_acf_changed":false,"slim_seo":{"title":"AWG-1102 - YOTAVIS AG","description":"2CH - 250MSa\/s - 2MSa Speicher Arbitrary Waveform Generator"}},"product_brand":[657],"product_cat":[1189,541,513],"product_tag":[],"class_list":{"0":"post-6769","1":"product","2":"type-product","3":"status-publish","4":"has-post-thumbnail","6":"product_brand-active-technologies","7":"product_cat-afg","8":"product_cat-awg","9":"product_cat-generator","10":"pa_amplitude-v-653","11":"pa_burst-yes","12":"pa_channels-350","13":"pa_frequency-mhz-652","14":"pa_memory-mpts-654","15":"pa_pulse-width-min-ns-656","16":"pa_sampling-rate-ms-s-122","17":"pa_sweep-yes","18":"pa_transition-time-min-ns-3-5","19":"pa_vertical-resolution-bits-125","21":"first","22":"instock","23":"taxable","24":"shipping-taxable","25":"product-type-simple"},"acf":[],"_links":{"self":[{"href":"https:\/\/yotavis.ch\/de\/wp-json\/wp\/v2\/product\/6769","targetHints":{"allow":["GET"]}}],"collection":[{"href":"https:\/\/yotavis.ch\/de\/wp-json\/wp\/v2\/product"}],"about":[{"href":"https:\/\/yotavis.ch\/de\/wp-json\/wp\/v2\/types\/product"}],"replies":[{"embeddable":true,"href":"https:\/\/yotavis.ch\/de\/wp-json\/wp\/v2\/comments?post=6769"}],"wp:featuredmedia":[{"embeddable":true,"href":"https:\/\/yotavis.ch\/de\/wp-json\/wp\/v2\/media\/7786"}],"wp:attachment":[{"href":"https:\/\/yotavis.ch\/de\/wp-json\/wp\/v2\/media?parent=6769"}],"wp:term":[{"taxonomy":"product_brand","embeddable":true,"href":"https:\/\/yotavis.ch\/de\/wp-json\/wp\/v2\/product_brand?post=6769"},{"taxonomy":"product_cat","embeddable":true,"href":"https:\/\/yotavis.ch\/de\/wp-json\/wp\/v2\/product_cat?post=6769"},{"taxonomy":"product_tag","embeddable":true,"href":"https:\/\/yotavis.ch\/de\/wp-json\/wp\/v2\/product_tag?post=6769"}],"curies":[{"name":"wp","href":"https:\/\/api.w.org\/{rel}","templated":true}]}}