{"id":6772,"date":"2025-10-09T00:00:00","date_gmt":"2025-10-08T22:00:00","guid":{"rendered":"https:\/\/yotavis.ch\/product\/awg-1104d\/"},"modified":"2026-04-24T13:35:44","modified_gmt":"2026-04-24T11:35:44","slug":"awg-1104d","status":"publish","type":"product","link":"https:\/\/yotavis.ch\/de\/produkt\/awg-1104d\/","title":{"rendered":"AWG-1104D"},"content":{"rendered":"<p>Der AWG-1104D von Active Technologies ist ein 4-Kanal-Arbitr\u00e4rwellenformgenerator mit einer maximalen Frequenz von 125 MHz. Er verf\u00fcgt \u00fcber eine Abtastrate von 250 MSa\/s und eine Speichertiefe von 2 Mpts, was eine detaillierte Wellenformerzeugung und -speicherung erm\u00f6glicht. Der Baustein unterst\u00fctzt Sweep- und Burst-Funktionen, was seine Vielseitigkeit bei der Signalerzeugung erh\u00f6ht. Mit einer minimalen \u00dcbergangszeit von 3,5 ns und einer minimalen Impulsbreite von 10 ns l\u00e4sst sich das Signal-Timing pr\u00e4zise steuern. Die Amplitude kann bis zu 12 V erreichen und bietet damit eine breite Palette von Ausgangspegeln f\u00fcr verschiedene Anwendungen. Dieses Modell verf\u00fcgt \u00fcber 36 digitale Kan\u00e4le, die f\u00fcr die Erzeugung und Pr\u00fcfung komplexer digitaler Signale verwendet werden k\u00f6nnen. Durch die Kombination dieser Spezifikationen ist der AWG-1104D f\u00fcr Aufgaben geeignet, die eine schnelle und hochaufl\u00f6sende Arbitr\u00e4rsignalerzeugung erfordern.<\/p>","protected":false},"excerpt":{"rendered":"<p>4CH &#8211; 250MSa\/s &#8211; 2MSa Memory\u00a0\u00a0&#8211; 36 Dig. &#8211; Arbitrary Waveform Generator<\/p>","protected":false},"featured_media":7786,"comment_status":"closed","ping_status":"closed","template":"","meta":{"_acf_changed":false,"slim_seo":{"title":"AWG-1104D - YOTAVIS AG","description":"4CH - 250MSa\/s - 2MSa Speicher - 36 Dig. - Arbitr\u00e4rer Wellenformgenerator"}},"product_brand":[657],"product_cat":[1189,541,513],"product_tag":[],"class_list":{"0":"post-6772","1":"product","2":"type-product","3":"status-publish","4":"has-post-thumbnail","6":"product_brand-active-technologies","7":"product_cat-afg","8":"product_cat-awg","9":"product_cat-generator","10":"pa_amplitude-v-653","11":"pa_burst-yes","12":"pa_channels-338","13":"pa_frequency-mhz-652","14":"pa_memory-mpts-654","15":"pa_pulse-width-min-ns-656","16":"pa_sampling-rate-ms-s-122","17":"pa_sweep-yes","18":"pa_transition-time-min-ns-3-5","19":"pa_vertical-resolution-bits-125","21":"first","22":"instock","23":"taxable","24":"shipping-taxable","25":"product-type-simple"},"acf":[],"_links":{"self":[{"href":"https:\/\/yotavis.ch\/de\/wp-json\/wp\/v2\/product\/6772","targetHints":{"allow":["GET"]}}],"collection":[{"href":"https:\/\/yotavis.ch\/de\/wp-json\/wp\/v2\/product"}],"about":[{"href":"https:\/\/yotavis.ch\/de\/wp-json\/wp\/v2\/types\/product"}],"replies":[{"embeddable":true,"href":"https:\/\/yotavis.ch\/de\/wp-json\/wp\/v2\/comments?post=6772"}],"wp:featuredmedia":[{"embeddable":true,"href":"https:\/\/yotavis.ch\/de\/wp-json\/wp\/v2\/media\/7786"}],"wp:attachment":[{"href":"https:\/\/yotavis.ch\/de\/wp-json\/wp\/v2\/media?parent=6772"}],"wp:term":[{"taxonomy":"product_brand","embeddable":true,"href":"https:\/\/yotavis.ch\/de\/wp-json\/wp\/v2\/product_brand?post=6772"},{"taxonomy":"product_cat","embeddable":true,"href":"https:\/\/yotavis.ch\/de\/wp-json\/wp\/v2\/product_cat?post=6772"},{"taxonomy":"product_tag","embeddable":true,"href":"https:\/\/yotavis.ch\/de\/wp-json\/wp\/v2\/product_tag?post=6772"}],"curies":[{"name":"wp","href":"https:\/\/api.w.org\/{rel}","templated":true}]}}