{"id":6773,"date":"2025-10-09T00:00:00","date_gmt":"2025-10-08T22:00:00","guid":{"rendered":"https:\/\/yotavis.ch\/product\/at-1120\/"},"modified":"2026-04-24T13:35:45","modified_gmt":"2026-04-24T11:35:45","slug":"at-1120","status":"publish","type":"product","link":"https:\/\/yotavis.ch\/de\/produkt\/at-1120\/","title":{"rendered":"AT-1120"},"content":{"rendered":"<p>Der AT-1120 von Active Technologies ist ein 1-Kanal-Signalgenerator Flex-RIO-Adaptermodul, das f\u00fcr den Betrieb bei einer Frequenz von 800 MHz ausgelegt ist. Es verf\u00fcgt \u00fcber eine Abtastrate von 2000 MS\/s und eine vertikale Aufl\u00f6sung von 14 Bit. Das Modul liefert eine Amplitude von 2 V und unterst\u00fctzt eine minimale \u00dcbergangszeit von 0,34 ns. Dieses Ger\u00e4t verf\u00fcgt nicht \u00fcber Sweep- oder Burst-Funktionen. Es ist f\u00fcr eine pr\u00e4zise Signalerzeugung mit hoher Abtastrate und feiner vertikaler Aufl\u00f6sung ausgelegt und eignet sich f\u00fcr Anwendungen, die eine detaillierte Wellenformsynthese erfordern. Die Kombination seiner Frequenz- und Amplitudenspezifikationen macht ihn zu einem spezialisierten Werkzeug f\u00fcr Signalerzeugungsaufgaben innerhalb seiner Betriebsparameter.<\/p>","protected":false},"excerpt":{"rendered":"<p>1Ch &#8211; 2Gs\/s &#8211; 14bit signal generator Flex-RIO adapter Module<\/p>","protected":false},"featured_media":7801,"comment_status":"closed","ping_status":"closed","template":"","meta":{"_acf_changed":false,"slim_seo":{"title":"AT-1120 - YOTAVIS AG","description":"1Ch - 2Gs\/s - 14bit Signalgeber Flex-RIO Adapter Modul"}},"product_brand":[657],"product_cat":[513],"product_tag":[],"class_list":{"0":"post-6773","1":"product","2":"type-product","3":"status-publish","4":"has-post-thumbnail","6":"product_brand-active-technologies","7":"product_cat-generator","8":"pa_amplitude-v-659","9":"pa_burst-no","10":"pa_channels-384","11":"pa_frequency-mhz-658","12":"pa_sampling-rate-ms-s-662","13":"pa_sweep-no","14":"pa_transition-time-min-ns-0-34","15":"pa_vertical-resolution-bits-113","17":"first","18":"instock","19":"taxable","20":"shipping-taxable","21":"product-type-simple"},"acf":[],"_links":{"self":[{"href":"https:\/\/yotavis.ch\/de\/wp-json\/wp\/v2\/product\/6773","targetHints":{"allow":["GET"]}}],"collection":[{"href":"https:\/\/yotavis.ch\/de\/wp-json\/wp\/v2\/product"}],"about":[{"href":"https:\/\/yotavis.ch\/de\/wp-json\/wp\/v2\/types\/product"}],"replies":[{"embeddable":true,"href":"https:\/\/yotavis.ch\/de\/wp-json\/wp\/v2\/comments?post=6773"}],"wp:featuredmedia":[{"embeddable":true,"href":"https:\/\/yotavis.ch\/de\/wp-json\/wp\/v2\/media\/7801"}],"wp:attachment":[{"href":"https:\/\/yotavis.ch\/de\/wp-json\/wp\/v2\/media?parent=6773"}],"wp:term":[{"taxonomy":"product_brand","embeddable":true,"href":"https:\/\/yotavis.ch\/de\/wp-json\/wp\/v2\/product_brand?post=6773"},{"taxonomy":"product_cat","embeddable":true,"href":"https:\/\/yotavis.ch\/de\/wp-json\/wp\/v2\/product_cat?post=6773"},{"taxonomy":"product_tag","embeddable":true,"href":"https:\/\/yotavis.ch\/de\/wp-json\/wp\/v2\/product_tag?post=6773"}],"curies":[{"name":"wp","href":"https:\/\/api.w.org\/{rel}","templated":true}]}}